{"id":1430,"date":"2025-01-29T12:25:44","date_gmt":"2025-01-29T12:25:44","guid":{"rendered":"https:\/\/asmaria.org\/?page_id=1430"},"modified":"2025-06-04T10:30:50","modified_gmt":"2025-06-04T10:30:50","slug":"devocao-dos-primeiros-sabados","status":"publish","type":"page","link":"https:\/\/asmaria.org\/en\/devocao-dos-primeiros-sabados\/","title":{"rendered":"Devo\u00e7\u00e3o dos primeiros s\u00e1bados"},"content":{"rendered":"<p>[et_pb_section fb_built=&#8221;1&#8243; _builder_version=&#8221;4.27.4&#8243; _module_preset=&#8221;default&#8221; custom_margin=&#8221;0px|0px|0px|0px|false|false&#8221; custom_padding=&#8221;0px|0px|0px|0px|false|false&#8221; global_colors_info=&#8221;{}&#8221;][et_pb_row _builder_version=&#8221;4.27.4&#8243; _module_preset=&#8221;default&#8221; width=&#8221;100%&#8221; max_width=&#8221;100%&#8221; custom_margin=&#8221;0px|0px|0px|0px|false|false&#8221; custom_padding=&#8221;0px|0px|0px|0px|false|false&#8221; global_colors_info=&#8221;{}&#8221;][et_pb_column type=&#8221;4_4&#8243; _builder_version=&#8221;4.27.4&#8243; _module_preset=&#8221;default&#8221; global_colors_info=&#8221;{}&#8221;][et_pb_code raw_content_tablet=&#8221;<\/p>\n<div class=%22img-cab%22>\n<\/div>\n<style>\n  .img-cab{\n    background-image:url(%22https:\/\/asmaria.org\/wp-content\/uploads\/2025\/04\/HEADER_PrimeirosSabados-copia-scaled.jpeg%22);\n    padding:10%;\n    background-position-y:40%;\n    background-size:cover;\n    text-align:center;\n    font-family:Montserrat;\n    font-weight:700;\n    color:white;\n    font-size:60px;\n    text-shadow: 2px 2px 10px black;\n    line-height:1;\n  }\n<\/style>\n<p>&#8221; raw_content_phone=&#8221;<\/p>\n<div class=%22img-cab%22>\n<\/div>\n<style>\n  .img-cab{\n    background-position-y:80%;    \n    background-image: url(%22https:\/\/asmaria.org\/wp-content\/uploads\/2025\/04\/HEADER_PrimeirosSabados-copia-scaled.jpeg%22);<\/p>\n<p>  \/* Set a specific height *\/\n  min-height: 300px;<\/p>\n<p>  \/* Create the parallax scrolling effect *\/\n  background-attachment: scroll;\n  background-position: center;\n  background-repeat: no-repeat;\n  background-size: cover;\n  }\n<\/style>\n<p>&#8221; raw_content_last_edited=&#8221;on|phone&#8221; _builder_version=&#8221;4.27.4&#8243; _module_preset=&#8221;default&#8221; global_colors_info=&#8221;{}&#8221;]<\/p>\n<div class=\"img-cab\"><!-- [et_pb_line_break_holder] --><\/div>\n<p><!-- [et_pb_line_break_holder] --><!-- [et_pb_line_break_holder] --><\/p>\n<style><!-- [et_pb_line_break_holder] -->  .img-cab{<!-- [et_pb_line_break_holder] -->    background-position-y:80%;    <!-- [et_pb_line_break_holder] -->    background-image: url(\"https:\/\/asmaria.org\/wp-content\/uploads\/2025\/04\/HEADER_PrimeirosSabados-copia-scaled.jpeg\");<!-- [et_pb_line_break_holder] --><!-- [et_pb_line_break_holder] -->  \/* Set a specific height *\/<!-- [et_pb_line_break_holder] -->  min-height: 500px;<!-- [et_pb_line_break_holder] --><!-- [et_pb_line_break_holder] -->  \/* Create the parallax scrolling effect *\/<!-- [et_pb_line_break_holder] -->  background-attachment: fixed;<!-- [et_pb_line_break_holder] -->  background-position: center;<!-- [et_pb_line_break_holder] -->  background-repeat: no-repeat;<!-- [et_pb_line_break_holder] -->  background-size: cover;<!-- [et_pb_line_break_holder] -->  }<!-- [et_pb_line_break_holder] --><\/style>\n<p><!-- [et_pb_line_break_holder] --><!-- [et_pb_line_break_holder] --><!-- [et_pb_line_break_holder] --><!-- [et_pb_line_break_holder] --><!-- [et_pb_line_break_holder] -->[\/et_pb_code][\/et_pb_column][\/et_pb_row][\/et_pb_section][et_pb_section fb_built=&#8221;1&#8243; _builder_version=&#8221;4.27.4&#8243; _module_preset=&#8221;default&#8221; custom_margin=&#8221;0px|0px|0px|0px|false|false&#8221; custom_padding=&#8221;0px|0px|0px|0px|false|false&#8221; global_colors_info=&#8221;{}&#8221;][et_pb_row _builder_version=&#8221;4.27.4&#8243; _module_preset=&#8221;default&#8221; width=&#8221;100%&#8221; max_width=&#8221;100%&#8221; custom_margin=&#8221;0px|0px|0px|0px|false|false&#8221; custom_padding=&#8221;0px|0px|0px|0px|false|false&#8221; global_colors_info=&#8221;{}&#8221;][et_pb_column type=&#8221;4_4&#8243; _builder_version=&#8221;4.27.4&#8243; _module_preset=&#8221;default&#8221; global_colors_info=&#8221;{}&#8221;][et_pb_code raw_content_tablet=&#8221;  <\/p>\n<div class=%22lsm%22>\n<h2>DEVO\u00c7\u00c3O DOS PRIMEIROS S\u00c1BADOS<\/h2>\n<p><\/br><\/p>\n<div class=%22just%22>\n    <p01>A devo\u00e7\u00e3o dos Primeiros S\u00e1bados consiste num dos pedidos de Nossa Senhora, na apari\u00e7\u00e3o de 10 de dezembro de 1925 \u00e0 Ir. L\u00facia, em Pontevedra, na Galiza. Nossa Senhora apareceu com o Menino Jesus e ao mostrar, mais uma vez, o seu Cora\u00e7\u00e3o Imaculado cercado de espinhos, disse \u00e0 Ir. L\u00facia: \u201cTu, ao menos, v\u00ea de me consolar\u201d e explicou como o fazer: no primeiro s\u00e1bado de 5 meses consecutivos rezar o ter\u00e7o, fazer 15 minutos de companhia a Nossa Senhora meditando num dos mist\u00e9rios do ros\u00e1rio, comungar e confessar-se, com a inten\u00e7\u00e3o de reparar o Seu Cora\u00e7\u00e3o. A quem o fizer, Nossa Senhora promete assistir-lhe na hora da morte com todas as gra\u00e7as necess\u00e1rias \u00e0 salva\u00e7\u00e3o.<br \/>\nEm cada uma das comunidades da Alian\u00e7a de Santa Maria \u00e9 proporcionado o momento da ora\u00e7\u00e3o do ter\u00e7o e dos 15 minutos de medita\u00e7\u00e3o em cada Primeiro S\u00e1bado do m\u00eas.<\/p01><\/div>\n<\/p><\/div>\n<style>\n<p>  .lsm{\n   padding:5% 20%;\n    color:black;\n  }\n  .just{\n    text-align: LEFT;\n  text-justify: inter-word;    \n  }\n  p01{\n    font-family:Montserrat;\n    font-size:18px;\n  }\n  h2{\n    font-family:Montserrat;\n    font-weight:700;\n    font-size:40px;\n  }\n<\/style>\n<p>&#8221; raw_content_phone=&#8221;  <\/p>\n<div class=%22lsm%22>\n<h2>DEVO\u00c7\u00c3O DOS PRIMEIROS S\u00c1BADOS<\/h2>\n<p><\/br><\/p>\n<div class=%22just%22>\n    <p01>A devo\u00e7\u00e3o dos Primeiros S\u00e1bados consiste num dos pedidos de Nossa Senhora, na apari\u00e7\u00e3o de 10 de dezembro de 1925 \u00e0 Ir. L\u00facia, em Pontevedra, na Galiza. Nossa Senhora apareceu com o Menino Jesus e ao mostrar, mais uma vez, o seu Cora\u00e7\u00e3o Imaculado cercado de espinhos, disse \u00e0 Ir. L\u00facia: \u201cTu, ao menos, v\u00ea de me consolar\u201d e explicou como o fazer: no primeiro s\u00e1bado de 5 meses consecutivos rezar o ter\u00e7o, fazer 15 minutos de companhia a Nossa Senhora meditando num dos mist\u00e9rios do ros\u00e1rio, comungar e confessar-se, com a inten\u00e7\u00e3o de reparar o Seu Cora\u00e7\u00e3o. A quem o fizer, Nossa Senhora promete assistir-lhe na hora da morte com todas as gra\u00e7as necess\u00e1rias \u00e0 salva\u00e7\u00e3o.<br \/>\nEm cada uma das comunidades da Alian\u00e7a de Santa Maria \u00e9 proporcionado o momento da ora\u00e7\u00e3o do ter\u00e7o e dos 15 minutos de medita\u00e7\u00e3o em cada Primeiro S\u00e1bado do m\u00eas.<\/p01><\/div>\n<\/p><\/div>\n<style>\n<p>  .lsm{\n   padding:5% 5%;\n    color:black;\n  }\n  .just{\n    text-align: LEFT;\n  text-justify: inter-word;    \n  }\n  p01{\n    font-family:Montserrat;\n    font-size:15px;\n    letter-spacing:-.5px;\n  }\n  h2{\n    font-family:Montserrat;\n    font-weight:700;\n    font-size:25px;\n  }\n<\/style>\n<p>&#8221; raw_content_last_edited=&#8221;on|phone&#8221; _builder_version=&#8221;4.27.4&#8243; _module_preset=&#8221;default&#8221; global_colors_info=&#8221;{}&#8221;]  <\/p>\n<div class=\"lsm\"><!-- [et_pb_line_break_holder] -->    <\/p>\n<h2>DEVO\u00c7\u00c3O DOS PRIMEIROS S\u00c1BADOS<\/h2>\n<p><\/br><!-- [et_pb_line_break_holder] -->    <p01>A devo\u00e7\u00e3o dos Primeiros S\u00e1bados consiste num dos pedidos de Nossa Senhora, na apari\u00e7\u00e3o de 10 de dezembro de 1925 \u00e0 Ir. L\u00facia, em Pontevedra, na Galiza. Nossa Senhora apareceu com o Menino Jesus e ao mostrar, mais uma vez, o seu Cora\u00e7\u00e3o Imaculado cercado de espinhos, disse \u00e0 Ir. L\u00facia: \u201cTu, ao menos, v\u00ea de me consolar\u201d e explicou como o fazer: no primeiro s\u00e1bado de 5 meses consecutivos rezar o ter\u00e7o, fazer 15 minutos de companhia a Nossa Senhora meditando num dos mist\u00e9rios do ros\u00e1rio, comungar e confessar-se, com a inten\u00e7\u00e3o de reparar o Seu Cora\u00e7\u00e3o. A quem o fizer, Nossa Senhora promete assistir-lhe na hora da morte com todas as gra\u00e7as necess\u00e1rias \u00e0 salva\u00e7\u00e3o.<!-- [et_pb_line_break_holder] -->Em cada uma das comunidades da Alian\u00e7a de Santa Maria \u00e9 proporcionado o momento da ora\u00e7\u00e3o do ter\u00e7o e dos 15 minutos de medita\u00e7\u00e3o em cada Primeiro S\u00e1bado do m\u00eas.<!-- [et_pb_line_break_holder] --><!-- [et_pb_line_break_holder] --><\/p01><!-- [et_pb_line_break_holder] -->  <\/div>\n<p><!-- [et_pb_line_break_holder] --><!-- [et_pb_line_break_holder] --><!-- [et_pb_line_break_holder] --><!-- [et_pb_line_break_holder] --><\/p>\n<style><!-- [et_pb_line_break_holder] --><!-- [et_pb_line_break_holder] -->  .lsm{<!-- [et_pb_line_break_holder] -->   padding:5% 20%;<!-- [et_pb_line_break_holder] -->    text-align: LEFT;<!-- [et_pb_line_break_holder] -->  text-justify: inter-word;<!-- [et_pb_line_break_holder] -->    color:black;<!-- [et_pb_line_break_holder] -->  }<!-- [et_pb_line_break_holder] --><!-- [et_pb_line_break_holder] -->  p01{<!-- [et_pb_line_break_holder] -->    font-family:Montserrat;<!-- [et_pb_line_break_holder] -->    font-size:18px;<!-- [et_pb_line_break_holder] -->  }<!-- [et_pb_line_break_holder] -->  h2{<!-- [et_pb_line_break_holder] -->    font-family:Montserrat;<!-- [et_pb_line_break_holder] -->    font-weight:700;<!-- [et_pb_line_break_holder] -->    font-size:40px;<!-- [et_pb_line_break_holder] -->  }<!-- [et_pb_line_break_holder] --><\/style>\n<p>[\/et_pb_code][\/et_pb_column][\/et_pb_row][\/et_pb_section][et_pb_section fb_built=&#8221;1&#8243; disabled_on=&#8221;on|on|off&#8221; _builder_version=&#8221;4.27.4&#8243; _module_preset=&#8221;default&#8221; background_color=&#8221;rgba(173,148,93,0.28)&#8221; custom_margin=&#8221;0px|0px|0%|0px|false|false&#8221; custom_padding=&#8221;0px|0px|0%|0px|false|false&#8221; global_colors_info=&#8221;{}&#8221;][et_pb_row column_structure=&#8221;1_3,1_3,1_3&#8243; use_custom_gutter=&#8221;on&#8221; gutter_width=&#8221;1&#8243; _builder_version=&#8221;4.27.4&#8243; _module_preset=&#8221;default&#8221; width=&#8221;100%&#8221; max_width=&#8221;100%&#8221; custom_margin=&#8221;0px|0px|0%|0px|false|false&#8221; custom_padding=&#8221;2%|0px|2%|0px|false|false&#8221; global_colors_info=&#8221;{}&#8221;][et_pb_column type=&#8221;1_3&#8243; _builder_version=&#8221;4.27.4&#8243; _module_preset=&#8221;default&#8221; global_colors_info=&#8221;{}&#8221;][et_pb_code _builder_version=&#8221;4.27.4&#8243; _module_preset=&#8221;default&#8221; global_colors_info=&#8221;{}&#8221;]<\/p>\n<div class=\"lvo\"><!-- [et_pb_line_break_holder] -->  LER<!-- [et_pb_line_break_holder] --><\/div>\n<p><!-- [et_pb_line_break_holder] --><!-- [et_pb_line_break_holder] --><\/p>\n<style><!-- [et_pb_line_break_holder] -->  .lvo{<!-- [et_pb_line_break_holder] -->    font-family:Montserrat;<!-- [et_pb_line_break_holder] -->    color:#475160;<!-- [et_pb_line_break_holder] -->    text-align:center;<!-- [et_pb_line_break_holder] -->    font-weight:700;<!-- [et_pb_line_break_holder] -->    font-size:50px;<!-- [et_pb_line_break_holder] -->  }<!-- [et_pb_line_break_holder] --><\/style>\n<p>[\/et_pb_code][\/et_pb_column][et_pb_column type=&#8221;1_3&#8243; _builder_version=&#8221;4.27.4&#8243; _module_preset=&#8221;default&#8221; global_colors_info=&#8221;{}&#8221;][et_pb_code _builder_version=&#8221;4.27.4&#8243; _module_preset=&#8221;default&#8221; global_colors_info=&#8221;{}&#8221;]<\/p>\n<div class=\"lvo\"><!-- [et_pb_line_break_holder] -->  VER<!-- [et_pb_line_break_holder] --><\/div>\n<p>[\/et_pb_code][\/et_pb_column][et_pb_column type=&#8221;1_3&#8243; _builder_version=&#8221;4.27.4&#8243; _module_preset=&#8221;default&#8221; global_colors_info=&#8221;{}&#8221;][et_pb_code _builder_version=&#8221;4.27.4&#8243; _module_preset=&#8221;default&#8221; global_colors_info=&#8221;{}&#8221;]<\/p>\n<div class=\"lvo\"><!-- [et_pb_line_break_holder] -->  OUVIR<!-- [et_pb_line_break_holder] --><\/div>\n<p>[\/et_pb_code][\/et_pb_column][\/et_pb_row][et_pb_row column_structure=&#8221;1_3,1_3,1_3&#8243; use_custom_gutter=&#8221;on&#8221; gutter_width=&#8221;1&#8243; _builder_version=&#8221;4.27.4&#8243; _module_preset=&#8221;default&#8221; width=&#8221;100%&#8221; max_width=&#8221;100%&#8221; custom_margin=&#8221;0px|0px|0px|0px|false|false&#8221; custom_padding=&#8221;0px|0px|0px|0px|false|false&#8221; global_colors_info=&#8221;{}&#8221;][et_pb_column type=&#8221;1_3&#8243; _builder_version=&#8221;4.27.4&#8243; _module_preset=&#8221;default&#8221; global_colors_info=&#8221;{}&#8221;][et_pb_code _builder_version=&#8221;4.27.4&#8243; _module_preset=&#8221;default&#8221; global_colors_info=&#8221;{}&#8221;][\/et_pb_code][\/et_pb_column][et_pb_column type=&#8221;1_3&#8243; _builder_version=&#8221;4.27.4&#8243; _module_preset=&#8221;default&#8221; global_colors_info=&#8221;{}&#8221;][et_pb_code _builder_version=&#8221;4.27.4&#8243; _module_preset=&#8221;default&#8221; global_colors_info=&#8221;{}&#8221;][\/et_pb_code][\/et_pb_column][et_pb_column type=&#8221;1_3&#8243; _builder_version=&#8221;4.27.4&#8243; _module_preset=&#8221;default&#8221; global_colors_info=&#8221;{}&#8221;][et_pb_code _builder_version=&#8221;4.27.4&#8243; _module_preset=&#8221;default&#8221; global_colors_info=&#8221;{}&#8221;][\/et_pb_code][\/et_pb_column][\/et_pb_row][\/et_pb_section][et_pb_section fb_built=&#8221;1&#8243; disabled_on=&#8221;off|off|on&#8221; _builder_version=&#8221;4.27.4&#8243; _module_preset=&#8221;default&#8221; background_color=&#8221;rgba(173,148,93,0.28)&#8221; custom_margin=&#8221;0px|0px|0%|0px|false|false&#8221; custom_padding=&#8221;2%|0px|5%|0px|false|false&#8221; global_colors_info=&#8221;{}&#8221;][et_pb_row use_custom_gutter=&#8221;on&#8221; gutter_width=&#8221;1&#8243; admin_label=&#8221;LER&#8221; _builder_version=&#8221;4.27.4&#8243; _module_preset=&#8221;default&#8221; width=&#8221;100%&#8221; max_width=&#8221;100%&#8221; custom_margin=&#8221;5%|0px|5%|0px|false|false&#8221; custom_padding=&#8221;0px|0px|0px|0px|false|false&#8221; global_colors_info=&#8221;{}&#8221;][et_pb_column type=&#8221;4_4&#8243; _builder_version=&#8221;4.27.4&#8243; _module_preset=&#8221;default&#8221; global_colors_info=&#8221;{}&#8221;][et_pb_code _builder_version=&#8221;4.27.4&#8243; _module_preset=&#8221;default&#8221; global_colors_info=&#8221;{}&#8221;]<\/p>\n<div class=\"lvo\"><!-- [et_pb_line_break_holder] -->  LER<!-- [et_pb_line_break_holder] --><\/div>\n<p><!-- [et_pb_line_break_holder] --><!-- [et_pb_line_break_holder] --><\/p>\n<style><!-- [et_pb_line_break_holder] -->  .lvo{<!-- [et_pb_line_break_holder] -->    font-family:Montserrat;<!-- [et_pb_line_break_holder] -->    color:#475160;<!-- [et_pb_line_break_holder] -->    text-align:center;<!-- [et_pb_line_break_holder] -->    font-weight:700;<!-- [et_pb_line_break_holder] -->    font-size:50px;<!-- [et_pb_line_break_holder] -->  }<!-- [et_pb_line_break_holder] --><\/style>\n<p>[\/et_pb_code][\/et_pb_column][\/et_pb_row][et_pb_row use_custom_gutter=&#8221;on&#8221; gutter_width=&#8221;1&#8243; admin_label=&#8221;LER SLIDE&#8221; _builder_version=&#8221;4.27.4&#8243; _module_preset=&#8221;default&#8221; width=&#8221;100%&#8221; max_width=&#8221;100%&#8221; custom_margin=&#8221;0px|0px|0px|0px|false|false&#8221; custom_padding=&#8221;0px|0px|0px|0px|false|false&#8221; global_colors_info=&#8221;{}&#8221;][et_pb_column type=&#8221;4_4&#8243; _builder_version=&#8221;4.27.4&#8243; _module_preset=&#8221;default&#8221; global_colors_info=&#8221;{}&#8221;][et_pb_slider _builder_version=&#8221;4.27.4&#8243; _module_preset=&#8221;default&#8221; global_colors_info=&#8221;{}&#8221;][et_pb_slide button_text=&#8221;LER&#8221; url_new_window=&#8221;on&#8221; _builder_version=&#8221;4.27.4&#8243; _module_preset=&#8221;default&#8221; background_color=&#8221;#475160&#8243; background_enable_color=&#8221;on&#8221; custom_button=&#8221;on&#8221; button_text_color=&#8221;#FFFFFF&#8221; button_bg_color=&#8221;#ad945d&#8221; button_border_width=&#8221;0px&#8221; button_border_radius=&#8221;0px&#8221; global_colors_info=&#8221;{}&#8221; sticky_transition=&#8221;on&#8221;]<\/p>\n<p><p05 style=\"font-family: montserrat; font-size: 20px; line-height: 2;\">Quarto Mist\u00e9rio Gozoso<br \/>Apresenta\u00e7\u00e3o do<br \/>menino Jesus no templo<\/p05><\/p>\n<p>[\/et_pb_slide][et_pb_slide button_text=&#8221;LER&#8221; _builder_version=&#8221;4.27.4&#8243; _module_preset=&#8221;default&#8221; background_color=&#8221;#475160&#8243; background_enable_color=&#8221;on&#8221; custom_button=&#8221;on&#8221; button_text_color=&#8221;#FFFFFF&#8221; button_bg_color=&#8221;#ad945d&#8221; button_border_width=&#8221;0px&#8221; button_border_radius=&#8221;0px&#8221; button_letter_spacing=&#8221;0px&#8221; button_font=&#8221;Montserrat||||||||&#8221; global_colors_info=&#8221;{}&#8221; sticky_transition=&#8221;on&#8221;]<\/p>\n<p><p05 style=\"font-family: montserrat; font-size: 20px; line-height: 2;\">Terceiro Mist\u00e9rio Gozoso<br \/>Nascimento de Jesus em bel\u00e9m<\/p05><\/p>\n<p>[\/et_pb_slide][\/et_pb_slider][\/et_pb_column][\/et_pb_row][et_pb_row use_custom_gutter=&#8221;on&#8221; gutter_width=&#8221;1&#8243; admin_label=&#8221;VER &#8221; _builder_version=&#8221;4.27.4&#8243; _module_preset=&#8221;default&#8221; width=&#8221;100%&#8221; max_width=&#8221;100%&#8221; custom_margin=&#8221;5%|0px|5%|0px|false|false&#8221; custom_padding=&#8221;0px|0px|0px|0px|false|false&#8221; global_colors_info=&#8221;{}&#8221;][et_pb_column type=&#8221;4_4&#8243; _builder_version=&#8221;4.27.4&#8243; _module_preset=&#8221;default&#8221; global_colors_info=&#8221;{}&#8221;][et_pb_code _builder_version=&#8221;4.27.4&#8243; _module_preset=&#8221;default&#8221; global_colors_info=&#8221;{}&#8221;]<\/p>\n<div class=\"lvo\"><!-- [et_pb_line_break_holder] -->  VER<!-- [et_pb_line_break_holder] --><\/div>\n<p>[\/et_pb_code][\/et_pb_column][\/et_pb_row][et_pb_row use_custom_gutter=&#8221;on&#8221; gutter_width=&#8221;1&#8243; admin_label=&#8221;VER SLIDE&#8221; _builder_version=&#8221;4.27.4&#8243; _module_preset=&#8221;default&#8221; width=&#8221;100%&#8221; max_width=&#8221;100%&#8221; custom_margin=&#8221;0px|0px|0px|0px|false|false&#8221; custom_padding=&#8221;0px|0px|0px|0px|false|false&#8221; global_colors_info=&#8221;{}&#8221;][et_pb_column type=&#8221;4_4&#8243; _builder_version=&#8221;4.27.4&#8243; _module_preset=&#8221;default&#8221; global_colors_info=&#8221;{}&#8221;][et_pb_video_slider show_thumbnails=&#8221;off&#8221; _builder_version=&#8221;4.27.4&#8243; _module_preset=&#8221;default&#8221; background_color=&#8221;#ad945d&#8221; custom_margin=&#8221;||||false|false&#8221; custom_padding=&#8221;5%|5%|5%|5%|false|false&#8221; global_colors_info=&#8221;{}&#8221;][et_pb_video_slider_item src=&#8221;https:\/\/www.youtube.com\/watch?v=dCPWkzst3bg&#8221; _builder_version=&#8221;4.27.4&#8243; _module_preset=&#8221;default&#8221; global_colors_info=&#8221;{}&#8221; show_image_overlay=&#8221;off&#8221;][\/et_pb_video_slider_item][et_pb_video_slider_item src=&#8221;https:\/\/www.youtube.com\/watch?v=B54Fo2dB0LU&#8221; _builder_version=&#8221;4.27.4&#8243; _module_preset=&#8221;default&#8221; global_colors_info=&#8221;{}&#8221; show_image_overlay=&#8221;off&#8221;][\/et_pb_video_slider_item][et_pb_video_slider_item src=&#8221;https:\/\/www.youtube.com\/watch?v=4bxE4hoNMzA&#8221; _builder_version=&#8221;4.27.4&#8243; _module_preset=&#8221;default&#8221; global_colors_info=&#8221;{}&#8221; show_image_overlay=&#8221;off&#8221;][\/et_pb_video_slider_item][\/et_pb_video_slider][\/et_pb_column][\/et_pb_row][et_pb_row use_custom_gutter=&#8221;on&#8221; gutter_width=&#8221;1&#8243; admin_label=&#8221;OUVIR&#8221; _builder_version=&#8221;4.27.4&#8243; _module_preset=&#8221;default&#8221; width=&#8221;100%&#8221; max_width=&#8221;100%&#8221; custom_margin=&#8221;5%|0px|5%|0px|false|false&#8221; custom_padding=&#8221;0px|0px|0px|0px|false|false&#8221; global_colors_info=&#8221;{}&#8221;][et_pb_column type=&#8221;4_4&#8243; _builder_version=&#8221;4.27.4&#8243; _module_preset=&#8221;default&#8221; global_colors_info=&#8221;{}&#8221;][et_pb_code _builder_version=&#8221;4.27.4&#8243; _module_preset=&#8221;default&#8221; global_colors_info=&#8221;{}&#8221;]<\/p>\n<div class=\"lvo\"><!-- [et_pb_line_break_holder] -->  OUVIR<!-- [et_pb_line_break_holder] --><\/div>\n<p>[\/et_pb_code][\/et_pb_column][\/et_pb_row][et_pb_row use_custom_gutter=&#8221;on&#8221; gutter_width=&#8221;1&#8243; admin_label=&#8221;OUVIR SLIDE&#8221; _builder_version=&#8221;4.27.4&#8243; _module_preset=&#8221;default&#8221; width=&#8221;100%&#8221; max_width=&#8221;100%&#8221; custom_margin=&#8221;0px|0px|0px|0px|false|false&#8221; custom_padding=&#8221;0px|0px|0px|0px|false|false&#8221; global_colors_info=&#8221;{}&#8221;][et_pb_column type=&#8221;4_4&#8243; _builder_version=&#8221;4.27.4&#8243; _module_preset=&#8221;default&#8221; global_colors_info=&#8221;{}&#8221;][et_pb_video_slider show_thumbnails=&#8221;off&#8221; _builder_version=&#8221;4.27.4&#8243; _module_preset=&#8221;default&#8221; background_color=&#8221;#475160&#8243; custom_margin=&#8221;||||false|false&#8221; custom_padding=&#8221;5%|5%|5%|5%|false|false&#8221; global_colors_info=&#8221;{}&#8221;][et_pb_video_slider_item src=&#8221;https:\/\/www.youtube.com\/watch?v=Efnz9Yx2b-Y&#8221; _builder_version=&#8221;4.27.4&#8243; _module_preset=&#8221;default&#8221; global_colors_info=&#8221;{}&#8221; show_image_overlay=&#8221;off&#8221;][\/et_pb_video_slider_item][et_pb_video_slider_item src=&#8221;https:\/\/www.youtube.com\/watch?v=ufHHry5np6I&#8221; _builder_version=&#8221;4.27.4&#8243; _module_preset=&#8221;default&#8221; global_colors_info=&#8221;{}&#8221; show_image_overlay=&#8221;off&#8221;][\/et_pb_video_slider_item][\/et_pb_video_slider][\/et_pb_column][\/et_pb_row][\/et_pb_section]<\/p>\n","protected":false},"excerpt":{"rendered":"<p>Quarto Mist\u00e9rio GozosoApresenta\u00e7\u00e3o domenino Jesus no temploTerceiro Mist\u00e9rio GozosoNascimento de Jesus em bel\u00e9m<\/p>","protected":false},"author":1,"featured_media":3262,"parent":0,"menu_order":0,"comment_status":"closed","ping_status":"closed","template":"","meta":{"_et_pb_use_builder":"on","_et_pb_old_content":"","_et_gb_content_width":"","inline_featured_image":false,"footnotes":""},"class_list":["post-1430","page","type-page","status-publish","has-post-thumbnail","hentry"],"_links":{"self":[{"href":"https:\/\/asmaria.org\/en\/wp-json\/wp\/v2\/pages\/1430","targetHints":{"allow":["GET"]}}],"collection":[{"href":"https:\/\/asmaria.org\/en\/wp-json\/wp\/v2\/pages"}],"about":[{"href":"https:\/\/asmaria.org\/en\/wp-json\/wp\/v2\/types\/page"}],"author":[{"embeddable":true,"href":"https:\/\/asmaria.org\/en\/wp-json\/wp\/v2\/users\/1"}],"replies":[{"embeddable":true,"href":"https:\/\/asmaria.org\/en\/wp-json\/wp\/v2\/comments?post=1430"}],"version-history":[{"count":42,"href":"https:\/\/asmaria.org\/en\/wp-json\/wp\/v2\/pages\/1430\/revisions"}],"predecessor-version":[{"id":4734,"href":"https:\/\/asmaria.org\/en\/wp-json\/wp\/v2\/pages\/1430\/revisions\/4734"}],"wp:featuredmedia":[{"embeddable":true,"href":"https:\/\/asmaria.org\/en\/wp-json\/wp\/v2\/media\/3262"}],"wp:attachment":[{"href":"https:\/\/asmaria.org\/en\/wp-json\/wp\/v2\/media?parent=1430"}],"curies":[{"name":"wp","href":"https:\/\/api.w.org\/{rel}","templated":true}]}}