{"id":1539,"date":"2025-02-04T11:54:57","date_gmt":"2025-02-04T11:54:57","guid":{"rendered":"https:\/\/asmaria.org\/?page_id=1539"},"modified":"2025-06-04T10:15:31","modified_gmt":"2025-06-04T10:15:31","slug":"ao-ritmo-do-tempo-de-fatima","status":"publish","type":"page","link":"https:\/\/asmaria.org\/en\/ao-ritmo-do-tempo-de-fatima\/","title":{"rendered":"Ao ritmo do tempo de F\u00e1tima"},"content":{"rendered":"<p>[et_pb_section fb_built=&#8221;1&#8243; _builder_version=&#8221;4.27.4&#8243; _module_preset=&#8221;default&#8221; custom_margin=&#8221;0px|0px|0px|0px|false|false&#8221; custom_padding=&#8221;0px|0px|0px|0px|false|false&#8221; locked=&#8221;off&#8221; global_colors_info=&#8221;{}&#8221;][et_pb_row _builder_version=&#8221;4.27.2&#8243; _module_preset=&#8221;default&#8221; width=&#8221;100%&#8221; max_width=&#8221;100%&#8221; custom_margin=&#8221;0px|0px|0px|0px|false|false&#8221; custom_padding=&#8221;0px|0px|0px|0px|false|false&#8221; global_colors_info=&#8221;{}&#8221;][et_pb_column type=&#8221;4_4&#8243; _builder_version=&#8221;4.27.2&#8243; _module_preset=&#8221;default&#8221; global_colors_info=&#8221;{}&#8221;][et_pb_code raw_content_tablet=&#8221;<\/p>\n<div class=%22grid-contaner-te%22>\n<div class=%22grid-item-img%22><\/div>\n<div class=%22grid-item-tit%22>\n      <p003>\nAO RITMO DO TEMPO<\/br>\n    <p004> DE F\u00c1TIMA<\/p004><\/p003>\n  <\/div>\n<\/div>\n<style>\n  .grid-contaner-te{\n    display:grid;\n    grid-template-columns:50% 50%;\n    padding:5%;\n    background-color:#475160;\n    margin-top:12%;\n  }\n  .grid-item-img{\n    background-image:url(%22https:\/\/asmaria.org\/wp-content\/uploads\/2025\/02\/1594854289-5172-angelitapapafran-copia-22-scaled.jpg%22);\n    background-size:cover;\n    padding:30% 0;\n    background-position-y:40%\n  }\n   p003{\n    font-family:Montserrat;\n    font-weight:700;\n    font-size:30px;\n    color:#ad945d;\n     line-height:1.2;\n  }\n  p004{\n    font-family:Montserrat;\n    font-weight:700;\n    font-size:40px;\n    color:white;\n    line-height:1.2;\n  }\n  .grid-item-tit{\n    padding-left:5%;\n    display: flex;\n    justify-content: center;\n    align-items: center;\n  }\n<\/style>\n<p>&#8221; raw_content_phone=&#8221;<\/p>\n<div class=%22grid-contaner-te%22>\n<div class=%22grid-item-img%22><\/div>\n<div class=%22grid-item-tit%22>\n      <p003>\nAO RITMO DO TEMPO<\/br>\n    <p004> DE F\u00c1TIMA<\/p004><\/p003>\n  <\/div>\n<\/div>\n<style>\n  .grid-contaner-te{\n    display:grid;\n    grid-template-columns:100%;\n    padding:5%;\n    background-color:#475160;\n  }\n  .grid-item-img{\n    background-image:url(%22https:\/\/asmaria.org\/wp-content\/uploads\/2025\/02\/1594854289-5172-angelitapapafran-copia-22-scaled.jpg%22);\n    background-size:cover;\n    padding:30% 0;\n    background-position-y:40%\n  }\n   p003{\n    font-family:Montserrat;\n    font-weight:700;\n    font-size:30px;\n    color:#ad945d;\n     line-height:1.2;\n  }\n  p004{\n    font-family:Montserrat;\n    font-weight:700;\n    font-size:40px;\n    color:white;\n    line-height:1.2;\n  }\n  .grid-item-tit{\n    padding:5%;\n    display: flex;\n    justify-content: center;\n    align-items: center;\n  }\n<\/style>\n<p>&#8221; raw_content_last_edited=&#8221;on|phone&#8221; _builder_version=&#8221;4.27.4&#8243; _module_preset=&#8221;default&#8221; hover_enabled=&#8221;0&#8243; global_colors_info=&#8221;{}&#8221; sticky_enabled=&#8221;0&#8243;]<!-- [et_pb_line_break_holder] --><\/p>\n<div class=\"grid-contaner-te\"><!-- [et_pb_line_break_holder] -->  <\/p>\n<div class=\"grid-item-img\"><!-- [et_pb_line_break_holder] -->    <!-- [et_pb_line_break_holder] -->  <\/div>\n<p><!-- [et_pb_line_break_holder] -->  <\/p>\n<div class=\"grid-item-tit\"><!-- [et_pb_line_break_holder] -->      <p003><!-- [et_pb_line_break_holder] -->AO RITMO DO TEMPO<\/br><!-- [et_pb_line_break_holder] -->    <p004> DE F\u00c1TIMA<\/p004><\/p003><!-- [et_pb_line_break_holder] -->  <\/div>\n<p><!-- [et_pb_line_break_holder] --><\/div>\n<p><!-- [et_pb_line_break_holder] --><!-- [et_pb_line_break_holder] --><\/p>\n<style><!-- [et_pb_line_break_holder] -->  .grid-contaner-te{<!-- [et_pb_line_break_holder] -->    display:grid;<!-- [et_pb_line_break_holder] -->    grid-template-columns:50% 50%;<!-- [et_pb_line_break_holder] -->    padding:10% 5% 5% 5%;<!-- [et_pb_line_break_holder] -->    background-color:#475160;<!-- [et_pb_line_break_holder] -->  }<!-- [et_pb_line_break_holder] -->  .grid-item-img{<!-- [et_pb_line_break_holder] -->    background-image:url(\"https:\/\/asmaria.org\/wp-content\/uploads\/2025\/02\/1594854289-5172-angelitapapafran-copia-22-scaled.jpg\");<!-- [et_pb_line_break_holder] -->    background-size:cover;<!-- [et_pb_line_break_holder] -->    padding:30% 0;<!-- [et_pb_line_break_holder] -->    background-position-y:40%<!-- [et_pb_line_break_holder] -->  }<!-- [et_pb_line_break_holder] -->   p003{<!-- [et_pb_line_break_holder] -->    font-family:Montserrat;<!-- [et_pb_line_break_holder] -->    font-weight:700;<!-- [et_pb_line_break_holder] -->    font-size:40px;<!-- [et_pb_line_break_holder] -->    color:#ad945d;<!-- [et_pb_line_break_holder] -->     line-height:1.2;<!-- [et_pb_line_break_holder] -->  }<!-- [et_pb_line_break_holder] -->  p004{<!-- [et_pb_line_break_holder] -->    font-family:Montserrat;<!-- [et_pb_line_break_holder] -->    font-weight:700;<!-- [et_pb_line_break_holder] -->    font-size:60px;<!-- [et_pb_line_break_holder] -->    color:white;<!-- [et_pb_line_break_holder] -->    line-height:1.2;<!-- [et_pb_line_break_holder] -->  }<!-- [et_pb_line_break_holder] -->  .grid-item-tit{<!-- [et_pb_line_break_holder] -->    padding-left:5%;<!-- [et_pb_line_break_holder] -->    display: flex;<!-- [et_pb_line_break_holder] -->    justify-content: center;<!-- [et_pb_line_break_holder] -->    align-items: center;<!-- [et_pb_line_break_holder] -->  }<!-- [et_pb_line_break_holder] --><\/style>\n<p>[\/et_pb_code][\/et_pb_column][\/et_pb_row][\/et_pb_section][et_pb_section fb_built=&#8221;1&#8243; _builder_version=&#8221;4.27.2&#8243; _module_preset=&#8221;default&#8221; custom_margin=&#8221;0px|0px|0px|0px|false|false&#8221; custom_padding=&#8221;0px|0px|0px|0px|false|false&#8221; global_colors_info=&#8221;{}&#8221;][et_pb_row _builder_version=&#8221;4.27.2&#8243; _module_preset=&#8221;default&#8221; width=&#8221;100%&#8221; max_width=&#8221;100%&#8221; custom_margin=&#8221;0px|0px|0px|0px|false|false&#8221; custom_padding=&#8221;0px|0px|0px|0px|false|false&#8221; global_colors_info=&#8221;{}&#8221;][et_pb_column type=&#8221;4_4&#8243; _builder_version=&#8221;4.27.2&#8243; _module_preset=&#8221;default&#8221; global_colors_info=&#8221;{}&#8221;][et_pb_code raw_content_tablet=&#8221;<\/p>\n<div class=%22end%22>\n<center><p10> Gratid\u00e3o por 25 anos de hist\u00f3ria da fidelidade de Deus para comigo<\/p10><\/center>\n<\/div>\n<div class=%22text-irmas%22>\n<p05>Antes de entrar na comunidade que me acolheria, o Farol do Anjo, em F\u00e1tima, fui, com a minha fam\u00edlia, \u00e0 Capelinha das Apari\u00e7\u00f5es.<\/br><br \/>\nEnvolvida como estava, num misto de sentimentos de ang\u00fastia e alegria, de saudade e expectativa, n\u00e3o ouvi. Foi o meu irm\u00e3o quem me indicou a escuta.<\/br><br \/>\n\u201cOuve!\u201d, disse. Prestei aten\u00e7\u00e3o. Tocavam os sinos do Santu\u00e1rio. Era o meio-dia.<\/br><br \/>\nVinte e cinco anos mais tarde recordo esse momento e vejo-o como uma met\u00e1fora do desejo mais profundo que o Esp\u00edrito Santo semeou no meu cora\u00e7\u00e3o: viver a minha vida ao ritmo do tempo de F\u00e1tima. Seguir Jesus acompanhada pelo Cora\u00e7\u00e3o Imaculado de Maria, difundindo a mensagem que, de F\u00e1tima, irradia para o mundo. Um desejo totalmente modelado pelo carisma da minha fam\u00edlia religiosa, a Alian\u00e7a de Santa Maria.<\/br><br \/>\nAo longo destes anos aprendi a conhecer o rosto de Deus ao ritmo das Ave-Marias do meu ter\u00e7o, aprendi a conhecer o Cora\u00e7\u00e3o de Jesus atrav\u00e9s da Sua Palavra, \u201catando os cabos\u201d da minha vida ao Verbo contemplado em cada dia. Aprendi a entregar-me \u00e0s irm\u00e3s, alimentando-me da Eucaristia, celebrada e adorada em tantas horas de sil\u00eancio.<\/br><br \/>\nAs miss\u00f5es que o Senhor me confiou, atrav\u00e9s das minhas superioras, foram uma fonte de alegria, ainda que repletas de desafios. Com que como\u00e7\u00e3o recordo o privil\u00e9gio de participar do crescimento humano e espiritual das novi\u00e7as que me foram confiadas. Que j\u00fabilo e que dia luminoso o da canoniza\u00e7\u00e3o dos Santos Francisco e Jacinta. Que entusiasmo com a causa da Irm\u00e3 L\u00facia, que caminha no seu processo de canoniza\u00e7\u00e3o.<\/br><br \/>\nConheci e senti as minhas fragilidades, mas experimentei, com toda a beleza, a fidelidade do Deus da Alian\u00e7a, o Bom Pastor que nunca me largou a m\u00e3o.<\/br><br \/>\n<strong>16 de julho de 2020<\/strong><\/br><br \/>\nQuando come\u00e7ou este ano, decidi nada pedir ao Senhor. Pretendia apenas acolher tudo como um presente Seu, para o nosso jubileu de prata.<\/br><br \/>\nConcedeu-me um tempo especial de solid\u00e3o e sil\u00eancio. Com a pandemia \u201cconduziu-me ao deserto e falou-me ao cora\u00e7\u00e3o\u201d (cf. Os 2,16).<\/br><br \/>\nConfiou-me um tempo de profunda viv\u00eancia do mist\u00e9rio pascal. Com a morte da nossa irm\u00e3 Marta aprendi, de um jeito novo, a humilde li\u00e7\u00e3o da pobreza e do abandono nas m\u00e3os de Deus. E reaprendi a paz que nasce ao rezar, lentamente, \u201cDeus providenciar\u00e1\u201d (Gn 22,8).<\/br><br \/>\n25 anos depois, ao ritmo do tempo de F\u00e1tima, s\u00f3 desejo dizer sim quero. O que Tu queres, Senhor, como Tu queres, quando Tu quiseres!<\/br><br \/>\nFica a gratid\u00e3o. Ao Senhor da minha Vida por me ter dado a Sua M\u00e3e; \u00e0 minha fam\u00edlia, onde sou amada e com quem aprendi a amar; \u00e0s mulheres que me fizeram apaixonar por Jesus e pela \u201cSenhora mais brilhante do que o Sol\u201d: a \u00c1urea e a Clara; aos amigos que o s\u00e3o, em todas as horas; \u00e0s minhas irm\u00e3s em Alian\u00e7a, que s\u00e3o express\u00e3o do amor e do cuidado de Deus para comigo e me ajudam a crescer. Todos possibilitaram a beleza prateada deste jubileu.<\/br><\/br><\/p>\n<hr>\n<p><\/br><\/p>\n<div class=%22creditos%22>\n<i>\u00c2ngela de F\u00e1tima Coelho, julho de 2020.<\/i><br \/>\nIr. \u00c2ngela de F\u00e1tima\n<\/div>\n<\/div>\n<style>\n  .text-irmas{\n    padding:5% 15%;\n    text-align: left;\n  text-justify: inter-word;\n  }\n  p05{\n    font-family:Montserrat;\n    font-size:18px;\n    color:Black;\n  }\n  .end{\n    padding:5% 15% 5% 15%;\n    background-color:rgba(172, 147, 93, 0.5);\n  }\n  p10{\n    font-family:Montserrat;\n    font-weight:400;\n    font-size:30px;\n    color:#ad945d;\n    line-height:1.2;\n  }\n  .creditos{\n    text-align:right;\n    font-family:Montserrat;\n    font-weight:500;\n    font-size:18px;\n    color:black;\n    padding-bottom:5%;\n  }\n  hr{\n    margin:0 30%\n  }\n<\/style>\n<p>&#8221; raw_content_phone=&#8221;<\/p>\n<div class=%22end%22>\n<center><p10> Gratid\u00e3o por 25 anos de hist\u00f3ria da fidelidade de Deus para comigo<\/p10><\/center>\n<\/div>\n<div class=%22text-irmas%22>\n<p05>Antes de entrar na comunidade que me acolheria, o Farol do Anjo, em F\u00e1tima, fui, com a minha fam\u00edlia, \u00e0 Capelinha das Apari\u00e7\u00f5es.<\/br><\/br><br \/>\nEnvolvida como estava, num misto de sentimentos de ang\u00fastia e alegria, de saudade e expectativa, n\u00e3o ouvi. Foi o meu irm\u00e3o quem me indicou a escuta.<\/br><\/br><br \/>\n\u201cOuve!\u201d, disse. Prestei aten\u00e7\u00e3o. Tocavam os sinos do Santu\u00e1rio. Era o meio-dia.<\/br><\/br><br \/>\nVinte e cinco anos mais tarde recordo esse momento e vejo-o como uma met\u00e1fora do desejo mais profundo que o Esp\u00edrito Santo semeou no meu cora\u00e7\u00e3o: viver a minha vida ao ritmo do tempo de F\u00e1tima. Seguir Jesus acompanhada pelo Cora\u00e7\u00e3o Imaculado de Maria, difundindo a mensagem que, de F\u00e1tima, irradia para o mundo. Um desejo totalmente modelado pelo carisma da minha fam\u00edlia religiosa, a Alian\u00e7a de Santa Maria.<\/br><\/br><br \/>\nAo longo destes anos aprendi a conhecer o rosto de Deus ao ritmo das Ave-Marias do meu ter\u00e7o, aprendi a conhecer o Cora\u00e7\u00e3o de Jesus atrav\u00e9s da Sua Palavra, \u201catando os cabos\u201d da minha vida ao Verbo contemplado em cada dia. Aprendi a entregar-me \u00e0s irm\u00e3s, alimentando-me da Eucaristia, celebrada e adorada em tantas horas de sil\u00eancio.<\/br><\/br><br \/>\nAs miss\u00f5es que o Senhor me confiou, atrav\u00e9s das minhas superioras, foram uma fonte de alegria, ainda que repletas de desafios. Com que como\u00e7\u00e3o recordo o privil\u00e9gio de participar do crescimento humano e espiritual das novi\u00e7as que me foram confiadas. Que j\u00fabilo e que dia luminoso o da canoniza\u00e7\u00e3o dos Santos Francisco e Jacinta. Que entusiasmo com a causa da Irm\u00e3 L\u00facia, que caminha no seu processo de canoniza\u00e7\u00e3o.<\/br><\/br><br \/>\nConheci e senti as minhas fragilidades, mas experimentei, com toda a beleza, a fidelidade do Deus da Alian\u00e7a, o Bom Pastor que nunca me largou a m\u00e3o.<\/br><\/br><br \/>\n<strong>16 de julho de 2020<\/strong><\/br><\/br><br \/>\nQuando come\u00e7ou este ano, decidi nada pedir ao Senhor. Pretendia apenas acolher tudo como um presente Seu, para o nosso jubileu de prata.<\/br><\/br><br \/>\nConcedeu-me um tempo especial de solid\u00e3o e sil\u00eancio. Com a pandemia \u201cconduziu-me ao deserto e falou-me ao cora\u00e7\u00e3o\u201d (cf. Os 2,16).<\/br><\/br><br \/>\nConfiou-me um tempo de profunda viv\u00eancia do mist\u00e9rio pascal. Com a morte da nossa irm\u00e3 Marta aprendi, de um jeito novo, a humilde li\u00e7\u00e3o da pobreza e do abandono nas m\u00e3os de Deus. E reaprendi a paz que nasce ao rezar, lentamente, \u201cDeus providenciar\u00e1\u201d (Gn 22,8).<\/br><\/br><br \/>\n25 anos depois, ao ritmo do tempo de F\u00e1tima, s\u00f3 desejo dizer sim quero. O que Tu queres, Senhor, como Tu queres, quando Tu quiseres!<\/br><\/br><br \/>\nFica a gratid\u00e3o. Ao Senhor da minha Vida por me ter dado a Sua M\u00e3e; \u00e0 minha fam\u00edlia, onde sou amada e com quem aprendi a amar; \u00e0s mulheres que me fizeram apaixonar por Jesus e pela \u201cSenhora mais brilhante do que o Sol\u201d: a \u00c1urea e a Clara; aos amigos que o s\u00e3o, em todas as horas; \u00e0s minhas irm\u00e3s em Alian\u00e7a, que s\u00e3o express\u00e3o do amor e do cuidado de Deus para comigo e me ajudam a crescer. Todos possibilitaram a beleza prateada deste jubileu.<\/br><\/br><\/p>\n<hr>\n<p><\/br><\/p>\n<div class=%22creditos%22>\n<i>\u00c2ngela de F\u00e1tima Coelho, julho de 2020.<\/i><br \/>\nIr. \u00c2ngela de F\u00e1tima\n<\/div>\n<\/div>\n<style>\n  .text-irmas{\n    padding:5% 5%;\n    text-align: left;\n  text-justify: inter-word;\n  }\n  p05{\n    font-family:Montserrat;\n    font-size:15px;\n    color:Black;\n  }\n  .end{\n    padding:5% 5%;\n    background-color:rgba(172, 147, 93, 0.5);\n  }\n  p10{\n    font-family:Montserrat;\n    font-weight:400;\n    font-size:20px;\n    color:#ad945d;\n    line-height:1.2;\n  }\n  .creditos{\n    text-align:right;\n    font-family:Montserrat;\n    font-weight:500;\n    font-size:15px;\n    color:black;\n    padding-bottom:5%;\n  }\n  hr{\n    margin:0 30%\n  }\n<\/style>\n<p>&#8221; raw_content_last_edited=&#8221;on|phone&#8221; _builder_version=&#8221;4.27.4&#8243; _module_preset=&#8221;default&#8221; global_colors_info=&#8221;{}&#8221;]<\/p>\n<div class=\"end\"><!-- [et_pb_line_break_holder] --><center><p10> Gratid\u00e3o por 25 anos de hist\u00f3ria da fidelidade de Deus para comigo<\/p10><\/center><!-- [et_pb_line_break_holder] --><\/div>\n<p><!-- [et_pb_line_break_holder] --><!-- [et_pb_line_break_holder] --><\/p>\n<div class=\"text-irmas\"><!-- [et_pb_line_break_holder] --><p05>Antes de entrar na comunidade que me acolheria, o Farol do Anjo, em F\u00e1tima, fui, com a minha fam\u00edlia, \u00e0 Capelinha das Apari\u00e7\u00f5es.<!-- [et_pb_line_break_holder] --><\/br><\/br><!-- [et_pb_line_break_holder] -->Envolvida como estava, num misto de sentimentos de ang\u00fastia e alegria, de saudade e expectativa, n\u00e3o ouvi. Foi o meu irm\u00e3o quem me indicou a escuta.<!-- [et_pb_line_break_holder] --><\/br><\/br><!-- [et_pb_line_break_holder] -->\u201cOuve!\u201d, disse. Prestei aten\u00e7\u00e3o. Tocavam os sinos do Santu\u00e1rio. Era o meio-dia.<!-- [et_pb_line_break_holder] --><\/br><\/br><!-- [et_pb_line_break_holder] -->Vinte e cinco anos mais tarde recordo esse momento e vejo-o como uma met\u00e1fora do desejo mais profundo que o Esp\u00edrito Santo semeou no meu cora\u00e7\u00e3o: viver a minha vida ao ritmo do tempo de F\u00e1tima. Seguir Jesus acompanhada pelo Cora\u00e7\u00e3o Imaculado de Maria, difundindo a mensagem que, de F\u00e1tima, irradia para o mundo. Um desejo totalmente modelado pelo carisma da minha fam\u00edlia religiosa, a Alian\u00e7a de Santa Maria.<!-- [et_pb_line_break_holder] --><\/br><\/br><!-- [et_pb_line_break_holder] -->Ao longo destes anos aprendi a conhecer o rosto de Deus ao ritmo das Ave-Marias do meu ter\u00e7o, aprendi a conhecer o Cora\u00e7\u00e3o de Jesus atrav\u00e9s da Sua Palavra, \u201catando os cabos\u201d da minha vida ao Verbo contemplado em cada dia. Aprendi a entregar-me \u00e0s irm\u00e3s, alimentando-me da Eucaristia, celebrada e adorada em tantas horas de sil\u00eancio.<!-- [et_pb_line_break_holder] --><\/br><\/br><!-- [et_pb_line_break_holder] -->As miss\u00f5es que o Senhor me confiou, atrav\u00e9s das minhas superioras, foram uma fonte de alegria, ainda que repletas de desafios. Com que como\u00e7\u00e3o recordo o privil\u00e9gio de participar do crescimento humano e espiritual das novi\u00e7as que me foram confiadas. Que j\u00fabilo e que dia luminoso o da canoniza\u00e7\u00e3o dos Santos Francisco e Jacinta. Que entusiasmo com a causa da Irm\u00e3 L\u00facia, que caminha no seu processo de canoniza\u00e7\u00e3o.<!-- [et_pb_line_break_holder] --><\/br><\/br><!-- [et_pb_line_break_holder] -->Conheci e senti as minhas fragilidades, mas experimentei, com toda a beleza, a fidelidade do Deus da Alian\u00e7a, o Bom Pastor que nunca me largou a m\u00e3o.<\/br><\/br><!-- [et_pb_line_break_holder] --><strong>16 de julho de 2020<\/strong><\/br><\/br><!-- [et_pb_line_break_holder] -->Quando come\u00e7ou este ano, decidi nada pedir ao Senhor. Pretendia apenas acolher tudo como um presente Seu, para o nosso jubileu de prata.<!-- [et_pb_line_break_holder] --><\/br><\/br><!-- [et_pb_line_break_holder] -->Concedeu-me um tempo especial de solid\u00e3o e sil\u00eancio. Com a pandemia \u201cconduziu-me ao deserto e falou-me ao cora\u00e7\u00e3o\u201d (cf. Os 2,16).<!-- [et_pb_line_break_holder] --><\/br><\/br><!-- [et_pb_line_break_holder] -->Confiou-me um tempo de profunda viv\u00eancia do mist\u00e9rio pascal. Com a morte da nossa irm\u00e3 Marta aprendi, de um jeito novo, a humilde li\u00e7\u00e3o da pobreza e do abandono nas m\u00e3os de Deus. E reaprendi a paz que nasce ao rezar, lentamente, \u201cDeus providenciar\u00e1\u201d (Gn 22,8).<!-- [et_pb_line_break_holder] --><\/br><\/br><!-- [et_pb_line_break_holder] -->25 anos depois, ao ritmo do tempo de F\u00e1tima, s\u00f3 desejo dizer sim quero. O que Tu queres, Senhor, como Tu queres, quando Tu quiseres!<!-- [et_pb_line_break_holder] --><\/br><\/br><!-- [et_pb_line_break_holder] -->Fica a gratid\u00e3o. Ao Senhor da minha Vida por me ter dado a Sua M\u00e3e; \u00e0 minha fam\u00edlia, onde sou amada e com quem aprendi a amar; \u00e0s mulheres que me fizeram apaixonar por Jesus e pela \u201cSenhora mais brilhante do que o Sol\u201d: a \u00c1urea e a Clara; aos amigos que o s\u00e3o, em todas as horas; \u00e0s minhas irm\u00e3s em Alian\u00e7a, que s\u00e3o express\u00e3o do amor e do cuidado de Deus para comigo e me ajudam a crescer. Todos possibilitaram a beleza prateada deste jubileu.<\/br><\/br><!-- [et_pb_line_break_holder] --><\/p>\n<hr>\n<p><\/br><\/br><!-- [et_pb_line_break_holder] --><!-- [et_pb_line_break_holder] --><\/p>\n<div class=\"creditos\"><!-- [et_pb_line_break_holder] --><i>\u00c2ngela de F\u00e1tima Coelho, julho de 2020.<\/i><\/br><!-- [et_pb_line_break_holder] -->Ir. \u00c2ngela de F\u00e1tima<!-- [et_pb_line_break_holder] --><\/div>\n<p><!-- [et_pb_line_break_holder] --><\/div>\n<p><!-- [et_pb_line_break_holder] --><!-- [et_pb_line_break_holder] --><!-- [et_pb_line_break_holder] --><!-- [et_pb_line_break_holder] --><\/p>\n<style><!-- [et_pb_line_break_holder] -->  .text-irmas{<!-- [et_pb_line_break_holder] -->    padding:5% 15%;<!-- [et_pb_line_break_holder] -->    text-align: left;<!-- [et_pb_line_break_holder] -->  text-justify: inter-word;<!-- [et_pb_line_break_holder] -->  }<!-- [et_pb_line_break_holder] -->  p05{<!-- [et_pb_line_break_holder] -->    font-family:Montserrat;<!-- [et_pb_line_break_holder] -->    font-size:18px;<!-- [et_pb_line_break_holder] -->    color:Black;<!-- [et_pb_line_break_holder] -->  }<!-- [et_pb_line_break_holder] -->  .end{<!-- [et_pb_line_break_holder] -->    padding:5% 15% 5% 15%;<!-- [et_pb_line_break_holder] -->    background-color:rgba(172, 147, 93, 0.5);<!-- [et_pb_line_break_holder] -->  }<!-- [et_pb_line_break_holder] -->  p10{<!-- [et_pb_line_break_holder] -->    font-family:Montserrat;<!-- [et_pb_line_break_holder] -->    font-weight:400;<!-- [et_pb_line_break_holder] -->    font-size:40px;<!-- [et_pb_line_break_holder] -->    color:#ad945d;<!-- [et_pb_line_break_holder] -->    line-height:1.2;<!-- [et_pb_line_break_holder] -->  }<!-- [et_pb_line_break_holder] -->  .creditos{<!-- [et_pb_line_break_holder] -->    text-align:right;<!-- [et_pb_line_break_holder] -->    font-family:Montserrat;<!-- [et_pb_line_break_holder] -->    font-weight:500;<!-- [et_pb_line_break_holder] -->    font-size:18px;<!-- [et_pb_line_break_holder] -->    color:black;<!-- [et_pb_line_break_holder] -->    padding-bottom:5%;<!-- [et_pb_line_break_holder] -->  }<!-- [et_pb_line_break_holder] -->  hr{<!-- [et_pb_line_break_holder] -->    margin:0 30%<!-- [et_pb_line_break_holder] -->  }<!-- [et_pb_line_break_holder] --><\/style>\n<p>[\/et_pb_code][\/et_pb_column][\/et_pb_row][\/et_pb_section]<\/p>\n","protected":false},"excerpt":{"rendered":"","protected":false},"author":1,"featured_media":1537,"parent":0,"menu_order":0,"comment_status":"closed","ping_status":"closed","template":"","meta":{"_et_pb_use_builder":"on","_et_pb_old_content":"","_et_gb_content_width":"","inline_featured_image":false,"footnotes":""},"class_list":["post-1539","page","type-page","status-publish","has-post-thumbnail","hentry"],"_links":{"self":[{"href":"https:\/\/asmaria.org\/en\/wp-json\/wp\/v2\/pages\/1539","targetHints":{"allow":["GET"]}}],"collection":[{"href":"https:\/\/asmaria.org\/en\/wp-json\/wp\/v2\/pages"}],"about":[{"href":"https:\/\/asmaria.org\/en\/wp-json\/wp\/v2\/types\/page"}],"author":[{"embeddable":true,"href":"https:\/\/asmaria.org\/en\/wp-json\/wp\/v2\/users\/1"}],"replies":[{"embeddable":true,"href":"https:\/\/asmaria.org\/en\/wp-json\/wp\/v2\/comments?post=1539"}],"version-history":[{"count":20,"href":"https:\/\/asmaria.org\/en\/wp-json\/wp\/v2\/pages\/1539\/revisions"}],"predecessor-version":[{"id":4726,"href":"https:\/\/asmaria.org\/en\/wp-json\/wp\/v2\/pages\/1539\/revisions\/4726"}],"wp:featuredmedia":[{"embeddable":true,"href":"https:\/\/asmaria.org\/en\/wp-json\/wp\/v2\/media\/1537"}],"wp:attachment":[{"href":"https:\/\/asmaria.org\/en\/wp-json\/wp\/v2\/media?parent=1539"}],"curies":[{"name":"wp","href":"https:\/\/api.w.org\/{rel}","templated":true}]}}