{"id":1546,"date":"2025-02-04T12:10:16","date_gmt":"2025-02-04T12:10:16","guid":{"rendered":"https:\/\/asmaria.org\/?page_id=1546"},"modified":"2025-06-04T10:16:57","modified_gmt":"2025-06-04T10:16:57","slug":"vinte-e-cinco-anos-depois-que-tenho-a-dizer","status":"publish","type":"page","link":"https:\/\/asmaria.org\/en\/vinte-e-cinco-anos-depois-que-tenho-a-dizer\/","title":{"rendered":"Vinte e cinco anos depois! Que tenho a dizer?"},"content":{"rendered":"<p>[et_pb_section fb_built=&#8221;1&#8243; _builder_version=&#8221;4.27.4&#8243; _module_preset=&#8221;default&#8221; custom_margin=&#8221;0px|0px|0px|0px|false|false&#8221; custom_padding=&#8221;0px|0px|0px|0px|false|false&#8221; locked=&#8221;off&#8221; global_colors_info=&#8221;{}&#8221;][et_pb_row _builder_version=&#8221;4.27.2&#8243; _module_preset=&#8221;default&#8221; width=&#8221;100%&#8221; max_width=&#8221;100%&#8221; custom_margin=&#8221;0px|0px|0px|0px|false|false&#8221; custom_padding=&#8221;0px|0px|0px|0px|false|false&#8221; global_colors_info=&#8221;{}&#8221;][et_pb_column type=&#8221;4_4&#8243; _builder_version=&#8221;4.27.2&#8243; _module_preset=&#8221;default&#8221; global_colors_info=&#8221;{}&#8221;][et_pb_code raw_content_tablet=&#8221;<\/p>\n<div class=%22grid-contaner-te%22>\n<div class=%22grid-item-img%22><\/div>\n<div class=%22grid-item-tit%22>\n      <p003>\nVINTE E CINCO ANOS DEPOIS!<\/br>\n    <p004> QUE TENHO A DIZER?<\/p004><\/p003>\n  <\/div>\n<\/div>\n<style>\n  .grid-contaner-te{\n    display:grid;\n    grid-template-columns:50% 50%;\n    padding:5%;\n    background-color:#475160;\n    margin-top:12%;\n  }\n  .grid-item-img{\n    background-image:url(%22https:\/\/asmaria.org\/wp-content\/uploads\/2025\/02\/Cidalia_testemunho-scaled.jpg%22);\n    background-size:cover;\n    padding:30% 0;\n    background-position-y:40%\n  }\n   p003{\n    font-family:Montserrat;\n    font-weight:700;\n    font-size:30px;\n    color:#ad945d;\n     line-height:1.2;\n  }\n  p004{\n    font-family:Montserrat;\n    font-weight:700;\n    font-size:40px;\n    color:white;\n    line-height:1.2;\n  }\n  .grid-item-tit{\n    padding-left:5%;\n    display: flex;\n    justify-content: center;\n    align-items: center;\n  }\n<\/style>\n<p>&#8221; raw_content_phone=&#8221;<\/p>\n<div class=%22grid-contaner-te%22>\n<div class=%22grid-item-img%22><\/div>\n<div class=%22grid-item-tit%22>\n      <p003>\nVINTE E CINCO ANOS DEPOIS!<\/br>\n    <p004> QUE TENHO A DIZER?<\/p004><\/p003>\n  <\/div>\n<\/div>\n<style>\n  .grid-contaner-te{\n    display:grid;\n    grid-template-columns:100%;\n    padding:5%;\n    background-color:#475160;\n  }\n  .grid-item-img{\n    background-image:url(%22https:\/\/asmaria.org\/wp-content\/uploads\/2025\/02\/Cidalia_testemunho-scaled.jpg%22);\n    background-size:cover;\n    padding:30% 0;\n    background-position-y:40%\n  }\n   p003{\n    font-family:Montserrat;\n    font-weight:700;\n    font-size:30px;\n    color:#ad945d;\n     line-height:1.2;\n  }\n  p004{\n    font-family:Montserrat;\n    font-weight:700;\n    font-size:40px;\n    color:white;\n    line-height:1.2;\n  }\n  .grid-item-tit{\n    padding:5%;\n    display: flex;\n    justify-content: center;\n    align-items: center;\n  }\n<\/style>\n<p>&#8221; raw_content_last_edited=&#8221;on|phone&#8221; _builder_version=&#8221;4.27.4&#8243; _module_preset=&#8221;default&#8221; hover_enabled=&#8221;0&#8243; global_colors_info=&#8221;{}&#8221; sticky_enabled=&#8221;0&#8243;]<!-- [et_pb_line_break_holder] --><\/p>\n<div class=\"grid-contaner-te\"><!-- [et_pb_line_break_holder] -->  <\/p>\n<div class=\"grid-item-img\"><!-- [et_pb_line_break_holder] -->    <!-- [et_pb_line_break_holder] -->  <\/div>\n<p><!-- [et_pb_line_break_holder] -->  <\/p>\n<div class=\"grid-item-tit\"><!-- [et_pb_line_break_holder] -->      <p003><!-- [et_pb_line_break_holder] -->VINTE E CINCO ANOS DEPOIS!<\/br><!-- [et_pb_line_break_holder] -->    <p004> QUE TENHO A DIZER?<\/p004><\/p003><!-- [et_pb_line_break_holder] -->  <\/div>\n<p><!-- [et_pb_line_break_holder] --><\/div>\n<p><!-- [et_pb_line_break_holder] --><!-- [et_pb_line_break_holder] --><\/p>\n<style><!-- [et_pb_line_break_holder] -->  .grid-contaner-te{<!-- [et_pb_line_break_holder] -->    display:grid;<!-- [et_pb_line_break_holder] -->    grid-template-columns:50% 50%;<!-- [et_pb_line_break_holder] -->    padding:10% 5% 5% 5%;<!-- [et_pb_line_break_holder] -->    background-color:#475160;<!-- [et_pb_line_break_holder] -->  }<!-- [et_pb_line_break_holder] -->  .grid-item-img{<!-- [et_pb_line_break_holder] -->    background-image:url(\"https:\/\/asmaria.org\/wp-content\/uploads\/2025\/02\/Cidalia_testemunho-scaled.jpg\");<!-- [et_pb_line_break_holder] -->    background-size:cover;<!-- [et_pb_line_break_holder] -->    padding:30% 0;<!-- [et_pb_line_break_holder] -->    background-position-y:40%<!-- [et_pb_line_break_holder] -->  }<!-- [et_pb_line_break_holder] -->   p003{<!-- [et_pb_line_break_holder] -->    font-family:Montserrat;<!-- [et_pb_line_break_holder] -->    font-weight:700;<!-- [et_pb_line_break_holder] -->    font-size:40px;<!-- [et_pb_line_break_holder] -->    color:#ad945d;<!-- [et_pb_line_break_holder] -->     line-height:1.2;<!-- [et_pb_line_break_holder] -->  }<!-- [et_pb_line_break_holder] -->  p004{<!-- [et_pb_line_break_holder] -->    font-family:Montserrat;<!-- [et_pb_line_break_holder] -->    font-weight:700;<!-- [et_pb_line_break_holder] -->    font-size:60px;<!-- [et_pb_line_break_holder] -->    color:white;<!-- [et_pb_line_break_holder] -->    line-height:1.2;<!-- [et_pb_line_break_holder] -->  }<!-- [et_pb_line_break_holder] -->  .grid-item-tit{<!-- [et_pb_line_break_holder] -->    padding-left:5%;<!-- [et_pb_line_break_holder] -->    display: flex;<!-- [et_pb_line_break_holder] -->    justify-content: center;<!-- [et_pb_line_break_holder] -->    align-items: center;<!-- [et_pb_line_break_holder] -->  }<!-- [et_pb_line_break_holder] --><\/style>\n<p><!-- [et_pb_line_break_holder] -->[\/et_pb_code][\/et_pb_column][\/et_pb_row][\/et_pb_section][et_pb_section fb_built=&#8221;1&#8243; _builder_version=&#8221;4.27.2&#8243; _module_preset=&#8221;default&#8221; custom_margin=&#8221;0px|0px|0px|0px|false|false&#8221; custom_padding=&#8221;0px|0px|0px|0px|false|false&#8221; global_colors_info=&#8221;{}&#8221;][et_pb_row _builder_version=&#8221;4.27.2&#8243; _module_preset=&#8221;default&#8221; width=&#8221;100%&#8221; max_width=&#8221;100%&#8221; custom_margin=&#8221;0px|0px|0px|0px|false|false&#8221; custom_padding=&#8221;0px|0px|0px|0px|false|false&#8221; global_colors_info=&#8221;{}&#8221;][et_pb_column type=&#8221;4_4&#8243; _builder_version=&#8221;4.27.2&#8243; _module_preset=&#8221;default&#8221; global_colors_info=&#8221;{}&#8221;][et_pb_code raw_content_tablet=&#8221;<\/p>\n<div class=%22end%22>\n<center><p10> Rezar estes 25 anos de fidelidade, leva-me a olhar para tr\u00e1s com uma profunda gratid\u00e3o pela fidelidade de Deus, fazendo mem\u00f3ria agradecida pela sua a\u00e7\u00e3o em mim.<\/p10><\/center>\n<\/div>\n<div class=%22text-irmas%22>\n<p05>Rezar o chamamento e o meu sim, \u00e9 perceber que \u00e9 o Senhor que tem sempre a iniciativa, que vem ao nosso encontro e nos desinstala.<\/br><br \/>\nEscut\u00e1vamos esta passagem do livro de Isa\u00edas no Domingo do Batismo de Jesus no in\u00edcio do ano: <i>\u00abFui Eu, o Senhor, que te chamei segundo a justi\u00e7a; tomei-te pela m\u00e3o, formei-te e fiz de ti a alian\u00e7a do povo e a luz das na\u00e7\u00f5es, para abrires os olhos aos cegos, tirares do c\u00e1rcere os prisioneiros e da pris\u00e3o os que habitam nas trevas\u00bb. <\/i><\/br><br \/>\nLan\u00e7ar o olhar para tr\u00e1s neste ano jubilar, \u00e9 fazer mem\u00f3ria agradecida de tantas horas em que se torna t\u00e3o claro este: <i>\u201cchamei-te, tomei-te pela m\u00e3o, formei-te e fiz de ti a alian\u00e7a.%22<\/i><\/br><br \/>\n<strong>Chamei-te.<\/strong><\/br><br \/>\nSim, foi o Senhor que, h\u00e1 vinte e cinco anos, lan\u00e7ou sobre mim este olhar de ternura e me concedeu a gra\u00e7a de colocar de parte os meus projetos de vida, j\u00e1 idealizados, para entrar nesta aventura na f\u00e9, que \u00e9 todo o caminho da Alian\u00e7a.   <\/br><br \/>\n<strong>Tomei-te pela m\u00e3o.<\/strong><\/br><br \/>\nClaramente, este \u201ctomei-te pela m\u00e3o\u201d, tem um sentido muito profundo, que me faz recordar uma troca de alian\u00e7as. Se na hora do chamamento, j\u00e1 havia um compromisso assumido e uma alian\u00e7a no dedo, hoje, passados vinte e cinco anos, rezo esta outra alian\u00e7a, que tenho no dedo, e que me faz estar vigilante sob as palavras ouvidas no dia dos votos: \u00abRecebe esta alian\u00e7a, tu que \u00e9s esposa do Rei eterno; mant\u00e9m \u00edntegra a fidelidade ao teu Esposo, para que mere\u00e7as ser admitida nas n\u00fapcias eternas.\u00bb <\/br><br \/>\n<strong>Formei-te.<\/strong><\/br><br \/>\nNas in\u00fameras horas em que os joelhos se dobram diante do meu Senhor no Sacr\u00e1rio, para que Ele instrua todo o meu ser. Por\u00e9m, a sua presen\u00e7a e a\u00e7\u00e3o, se aviva na mem\u00f3ria agradecida pela confian\u00e7a com que as irm\u00e3s me olham, pelos gestos de amizade verdadeira, que educam e ajudam a crescer.<\/br><br \/>\n<strong>Fiz de ti a alian\u00e7a.<\/strong><\/br><br \/>\nA gra\u00e7a maior que o Senhor me concede \u00e9 a de tomar consci\u00eancia de ser parte deste corpo que \u00e9 a Alian\u00e7a de Santa Maria. Sim, \u00e9 sentir que a vida se torna extraordinariamente bela e que se chega \u00e0 dignidade real, n\u00e3o por m\u00e9rito ou dom pessoal, mas, pelo esplendor com que Ele me adorna (cf. Ezequiel 16, 14).<\/br><br \/>\nSe tudo come\u00e7ou num 13 de maio, h\u00e1 25 anos, sob o olhar da Senhora mais brilhante que o Sol, a 13 de maio de 2021, com que emo\u00e7\u00e3o acolhi as palavras de D. Ant\u00f3nio Marto, no final da Eucaristia no Santu\u00e1rio: \u201cv\u00f3s sois a coroa mais bela e preciosa de Nossa Senhora e as joias dessa coroa s\u00e3o as vossas vidas e as vossas hist\u00f3rias de amor, de generosidade, de interajuda, de solidariedade, como tamb\u00e9m as vossas fragilidades, feridas, preocupa\u00e7\u00f5es e sofrimentos\u201d.<\/br><br \/>\nAgrade\u00e7o Hoje as Maravilhas que o Senhor continua a fazer na minha hist\u00f3ria: pela minha fam\u00edlia onde aprendi a crescer no amor a Jesus com as contas do ros\u00e1rio na m\u00e3o; pelo olhar maternal e confiante de cada uma das minhas Irm\u00e3s da ASM e pelos amigos que me sustentam e me fazem perceber o rosto vivo de Jesus Ressuscitado presente em todas as horas e me ajudam a crescer no amor como \u201cfilha muito amada\u201d. <\/br><\/br><\/p>\n<hr>\n<p><\/br><\/p>\n<div class=%22creditos%22>\nAliada Cid\u00e1lia Machado<br \/>\n30 de maio de 2021\n<\/div>\n<\/div>\n<style>\n  .text-irmas{\n    padding:5% 15%;\n    text-align: left;\n  text-justify: inter-word;\n  }\n  p05{\n    font-family:Montserrat;\n    font-size:18px;\n    color:Black;\n  }\n  .end{\n    padding:5% 15% 5% 15%;\n    background-color:rgba(172, 147, 93, 0.5);\n  }\n  p10{\n    font-family:Montserrat;\n    font-weight:400;\n    font-size:30px;\n    color:#ad945d;\n    line-height:1.2;\n  }\n  .creditos{\n    text-align:right;\n    font-family:Montserrat;\n    font-weight:500;\n    font-size:18px;\n    color:black;\n    padding-bottom:5%;\n  }\n  hr{\n    margin:0 30%\n  }\n<\/style>\n<p>&#8221; raw_content_phone=&#8221;<\/p>\n<div class=%22end%22>\n<center><p10> Rezar estes 25 anos de fidelidade, leva-me a olhar para tr\u00e1s com uma profunda gratid\u00e3o pela fidelidade de Deus, fazendo mem\u00f3ria agradecida pela sua a\u00e7\u00e3o em mim.<\/p10><\/center>\n<\/div>\n<div class=%22text-irmas%22>\n<p05>Rezar estes 25 anos de fidelidade, leva-me a olhar para tr\u00e1s com uma profunda gratid\u00e3o pela fidelidade de Deus, fazendo mem\u00f3ria agradecida pela sua a\u00e7\u00e3o em mim.<\/br><\/br><br \/>\nRezar o chamamento e o meu sim, \u00e9 perceber que \u00e9 o Senhor que tem sempre a iniciativa, que vem ao nosso encontro e nos desinstala.<\/br><\/br><br \/>\nEscut\u00e1vamos esta passagem do livro de Isa\u00edas no Domingo do Batismo de Jesus no in\u00edcio do ano: <i>\u00abFui Eu, o Senhor, que te chamei segundo a justi\u00e7a; tomei-te pela m\u00e3o, formei-te e fiz de ti a alian\u00e7a do povo e a luz das na\u00e7\u00f5es, para abrires os olhos aos cegos, tirares do c\u00e1rcere os prisioneiros e da pris\u00e3o os que habitam nas trevas\u00bb. <\/i><\/br><\/br><br \/>\nLan\u00e7ar o olhar para tr\u00e1s neste ano jubilar, \u00e9 fazer mem\u00f3ria agradecida de tantas horas em que se torna t\u00e3o claro este: <i>\u201cchamei-te, tomei-te pela m\u00e3o, formei-te e fiz de ti a alian\u00e7a.%22<\/i><\/br><\/br><br \/>\n<strong>Chamei-te.<\/strong><\/br><br \/>\nSim, foi o Senhor que, h\u00e1 vinte e cinco anos, lan\u00e7ou sobre mim este olhar de ternura e me concedeu a gra\u00e7a de colocar de parte os meus projetos de vida, j\u00e1 idealizados, para entrar nesta aventura na f\u00e9, que \u00e9 todo o caminho da Alian\u00e7a.   <\/br><\/br><br \/>\n<strong>Tomei-te pela m\u00e3o.<\/strong><\/br><\/br><br \/>\nClaramente, este \u201ctomei-te pela m\u00e3o\u201d, tem um sentido muito profundo, que me faz recordar uma troca de alian\u00e7as. Se na hora do chamamento, j\u00e1 havia um compromisso assumido e uma alian\u00e7a no dedo, hoje, passados vinte e cinco anos, rezo esta outra alian\u00e7a, que tenho no dedo, e que me faz estar vigilante sob as palavras ouvidas no dia dos votos: \u00abRecebe esta alian\u00e7a, tu que \u00e9s esposa do Rei eterno; mant\u00e9m \u00edntegra a fidelidade ao teu Esposo, para que mere\u00e7as ser admitida nas n\u00fapcias eternas.\u00bb <\/br><\/br><br \/>\n<strong>Formei-te.<\/strong><\/br><br \/>\nNas in\u00fameras horas em que os joelhos se dobram diante do meu Senhor no Sacr\u00e1rio, para que Ele instrua todo o meu ser. Por\u00e9m, a sua presen\u00e7a e a\u00e7\u00e3o, se aviva na mem\u00f3ria agradecida pela confian\u00e7a com que as irm\u00e3s me olham, pelos gestos de amizade verdadeira, que educam e ajudam a crescer.<\/br><\/br><br \/>\n<strong>Fiz de ti a alian\u00e7a.<\/strong><\/br><\/br><br \/>\nA gra\u00e7a maior que o Senhor me concede \u00e9 a de tomar consci\u00eancia de ser parte deste corpo que \u00e9 a Alian\u00e7a de Santa Maria. Sim, \u00e9 sentir que a vida se torna extraordinariamente bela e que se chega \u00e0 dignidade real, n\u00e3o por m\u00e9rito ou dom pessoal, mas, pelo esplendor com que Ele me adorna (cf. Ezequiel 16, 14).<\/br><\/br><br \/>\nSe tudo come\u00e7ou num 13 de maio, h\u00e1 25 anos, sob o olhar da Senhora mais brilhante que o Sol, a 13 de maio de 2021, com que emo\u00e7\u00e3o acolhi as palavras de D. Ant\u00f3nio Marto, no final da Eucaristia no Santu\u00e1rio: \u201cv\u00f3s sois a coroa mais bela e preciosa de Nossa Senhora e as joias dessa coroa s\u00e3o as vossas vidas e as vossas hist\u00f3rias de amor, de generosidade, de interajuda, de solidariedade, como tamb\u00e9m as vossas fragilidades, feridas, preocupa\u00e7\u00f5es e sofrimentos\u201d.<\/br><\/br><br \/>\nAgrade\u00e7o Hoje as Maravilhas que o Senhor continua a fazer na minha hist\u00f3ria: pela minha fam\u00edlia onde aprendi a crescer no amor a Jesus com as contas do ros\u00e1rio na m\u00e3o; pelo olhar maternal e confiante de cada uma das minhas Irm\u00e3s da ASM e pelos amigos que me sustentam e me fazem perceber o rosto vivo de Jesus Ressuscitado presente em todas as horas e me ajudam a crescer no amor como \u201cfilha muito amada\u201d. <\/br><\/br><\/p>\n<hr>\n<p><\/br><\/p>\n<div class=%22creditos%22>\nAliada Cid\u00e1lia Machado<br \/>\n30 de maio de 2021\n<\/div>\n<\/div>\n<style>\n  .text-irmas{\n    padding:5% 5%;\n    text-align: left;\n  text-justify: inter-word;\n  }\n  p05{\n    font-family:Montserrat;\n    font-size:15px;\n    color:Black;\n  }\n  .end{\n    padding:5% 5%;\n    background-color:rgba(172, 147, 93, 0.5);\n  }\n  p10{\n    font-family:Montserrat;\n    font-weight:400;\n    font-size:20px;\n    color:#ad945d;\n    line-height:1.2;\n  }\n  .creditos{\n    text-align:right;\n    font-family:Montserrat;\n    font-weight:500;\n    font-size:15px;\n    color:black;\n    padding-bottom:5%;\n  }\n  hr{\n    margin:0 30%\n  }\n<\/style>\n<p>&#8221; raw_content_last_edited=&#8221;on|phone&#8221; _builder_version=&#8221;4.27.4&#8243; _module_preset=&#8221;default&#8221; global_colors_info=&#8221;{}&#8221;]<\/p>\n<div class=\"end\"><!-- [et_pb_line_break_holder] --><center><p10> Rezar estes 25 anos de fidelidade, leva-me a olhar para tr\u00e1s com uma profunda gratid\u00e3o pela fidelidade de Deus, fazendo mem\u00f3ria agradecida pela sua a\u00e7\u00e3o em mim.<\/p10><\/center><!-- [et_pb_line_break_holder] --><\/div>\n<p><!-- [et_pb_line_break_holder] --><!-- [et_pb_line_break_holder] --><\/p>\n<div class=\"text-irmas\"><!-- [et_pb_line_break_holder] --><p05><!-- [et_pb_line_break_holder] -->Rezar o chamamento e o meu sim, \u00e9 perceber que \u00e9 o Senhor que tem sempre a iniciativa, que vem ao nosso encontro e nos desinstala.<!-- [et_pb_line_break_holder] -->Escut\u00e1vamos esta passagem do livro de Isa\u00edas no Domingo do Batismo de Jesus no in\u00edcio do ano: <i>\u00abFui Eu, o Senhor, que te chamei segundo a justi\u00e7a; tomei-te pela m\u00e3o, formei-te e fiz de ti a alian\u00e7a do povo e a luz das na\u00e7\u00f5es, para abrires os olhos aos cegos, tirares do c\u00e1rcere os prisioneiros e da pris\u00e3o os que habitam nas trevas\u00bb. <\/i><\/br><\/br><!-- [et_pb_line_break_holder] -->Lan\u00e7ar o olhar para tr\u00e1s neste ano jubilar, \u00e9 fazer mem\u00f3ria agradecida de tantas horas em que se torna t\u00e3o claro este: <i>\u201cchamei-te, tomei-te pela m\u00e3o, formei-te e fiz de ti a alian\u00e7a.&#8221;<\/i><\/br><\/br><!-- [et_pb_line_break_holder] --><strong>Chamei-te.<\/strong><\/br><\/br><!-- [et_pb_line_break_holder] -->Sim, foi o Senhor que, h\u00e1 vinte e cinco anos, lan\u00e7ou sobre mim este olhar de ternura e me concedeu a gra\u00e7a de colocar de parte os meus projetos de vida, j\u00e1 idealizados, para entrar nesta aventura na f\u00e9, que \u00e9 todo o caminho da Alian\u00e7a.   <\/br><\/br><!-- [et_pb_line_break_holder] --><strong> Tomei-te pela m\u00e3o.<\/strong><\/br><\/br><!-- [et_pb_line_break_holder] -->Claramente, este \u201ctomei-te pela m\u00e3o\u201d, tem um sentido muito profundo, que me faz recordar uma troca de alian\u00e7as. Se na hora do chamamento, j\u00e1 havia um compromisso assumido e uma alian\u00e7a no dedo, hoje, passados vinte e cinco anos, rezo esta outra alian\u00e7a, que tenho no dedo, e que me faz estar vigilante sob as palavras ouvidas no dia dos votos: \u00abRecebe esta alian\u00e7a, tu que \u00e9s esposa do Rei eterno; mant\u00e9m \u00edntegra a fidelidade ao teu Esposo, para que mere\u00e7as ser admitida nas n\u00fapcias eternas.\u00bb <\/br><\/br><!-- [et_pb_line_break_holder] --><strong>Formei-te.<\/strong><\/br><\/br><!-- [et_pb_line_break_holder] -->Nas in\u00fameras horas em que os joelhos se dobram diante do meu Senhor no Sacr\u00e1rio, para que Ele instrua todo o meu ser. Por\u00e9m, a sua presen\u00e7a e a\u00e7\u00e3o, se aviva na mem\u00f3ria agradecida pela confian\u00e7a com que as irm\u00e3s me olham, pelos gestos de amizade verdadeira, que educam e ajudam a crescer.<\/br><\/br><!-- [et_pb_line_break_holder] --><strong>Fiz de ti a alian\u00e7a.<\/strong><\/br><\/br><!-- [et_pb_line_break_holder] -->A gra\u00e7a maior que o Senhor me concede \u00e9 a de tomar consci\u00eancia de ser parte deste corpo que \u00e9 a Alian\u00e7a de Santa Maria. Sim, \u00e9 sentir que a vida se torna extraordinariamente bela e que se chega \u00e0 dignidade real, n\u00e3o por m\u00e9rito ou dom pessoal, mas, pelo esplendor com que Ele me adorna (cf. Ezequiel 16, 14).   <!-- [et_pb_line_break_holder] --><\/br><\/br><!-- [et_pb_line_break_holder] -->Se tudo come\u00e7ou num 13 de maio, h\u00e1 25 anos, sob o olhar da Senhora mais brilhante que o Sol, a 13 de maio de 2021, com que emo\u00e7\u00e3o acolhi as palavras de D. Ant\u00f3nio Marto, no final da Eucaristia no Santu\u00e1rio: \u201cv\u00f3s sois a coroa mais bela e preciosa de Nossa Senhora e as joias dessa coroa s\u00e3o as vossas vidas e as vossas hist\u00f3rias de amor, de generosidade, de interajuda, de solidariedade, como tamb\u00e9m as vossas fragilidades, feridas, preocupa\u00e7\u00f5es e sofrimentos\u201d.<!-- [et_pb_line_break_holder] --><\/br><\/br><!-- [et_pb_line_break_holder] -->Agrade\u00e7o Hoje as Maravilhas que o Senhor continua a fazer na minha hist\u00f3ria: pela minha fam\u00edlia onde aprendi a crescer no amor a Jesus com as contas do ros\u00e1rio na m\u00e3o; pelo olhar maternal e confiante de cada uma das minhas Irm\u00e3s da ASM e pelos amigos que me sustentam e me fazem perceber o rosto vivo de Jesus Ressuscitado presente em todas as horas e me ajudam a crescer no amor como \u201cfilha muito amada\u201d. <\/br><\/br><\/br><!-- [et_pb_line_break_holder] --><\/p>\n<hr>\n<p><\/br><\/br><!-- [et_pb_line_break_holder] --><!-- [et_pb_line_break_holder] --><\/p>\n<div class=\"creditos\"><!-- [et_pb_line_break_holder] -->Aliada Cid\u00e1lia Machado<!-- [et_pb_line_break_holder] --><\/br><!-- [et_pb_line_break_holder] -->30 de maio de 2021<!-- [et_pb_line_break_holder] --><\/div>\n<p><!-- [et_pb_line_break_holder] --><!-- [et_pb_line_break_holder] --><\/div>\n<p><!-- [et_pb_line_break_holder] --><!-- [et_pb_line_break_holder] --><!-- [et_pb_line_break_holder] --><!-- [et_pb_line_break_holder] --><\/p>\n<style><!-- [et_pb_line_break_holder] -->  .text-irmas{<!-- [et_pb_line_break_holder] -->    padding:5% 15%;<!-- [et_pb_line_break_holder] -->    text-align: left;<!-- [et_pb_line_break_holder] -->  text-justify: inter-word;<!-- [et_pb_line_break_holder] -->  }<!-- [et_pb_line_break_holder] -->  p05{<!-- [et_pb_line_break_holder] -->    font-family:Montserrat;<!-- [et_pb_line_break_holder] -->    font-size:18px;<!-- [et_pb_line_break_holder] -->    color:Black;<!-- [et_pb_line_break_holder] -->  }<!-- [et_pb_line_break_holder] -->  .end{<!-- [et_pb_line_break_holder] -->    padding:5% 15% 5% 15%;<!-- [et_pb_line_break_holder] -->    background-color:rgba(172, 147, 93, 0.5);<!-- [et_pb_line_break_holder] -->  }<!-- [et_pb_line_break_holder] -->  p10{<!-- [et_pb_line_break_holder] -->    font-family:Montserrat;<!-- [et_pb_line_break_holder] -->    font-weight:400;<!-- [et_pb_line_break_holder] -->    font-size:40px;<!-- [et_pb_line_break_holder] -->    color:#ad945d;<!-- [et_pb_line_break_holder] -->    line-height:1.2;<!-- [et_pb_line_break_holder] -->  }<!-- [et_pb_line_break_holder] -->  .creditos{<!-- [et_pb_line_break_holder] -->    text-align:right;<!-- [et_pb_line_break_holder] -->    font-family:Montserrat;<!-- [et_pb_line_break_holder] -->    font-weight:500;<!-- [et_pb_line_break_holder] -->    font-size:18px;<!-- [et_pb_line_break_holder] -->    color:black;<!-- [et_pb_line_break_holder] -->    padding-bottom:5%;<!-- [et_pb_line_break_holder] -->  }<!-- [et_pb_line_break_holder] -->  hr{<!-- [et_pb_line_break_holder] -->    margin:0 30%<!-- [et_pb_line_break_holder] -->  }<!-- [et_pb_line_break_holder] --><\/style>\n<p>[\/et_pb_code][\/et_pb_column][\/et_pb_row][\/et_pb_section]<\/p>\n","protected":false},"excerpt":{"rendered":"","protected":false},"author":1,"featured_media":2396,"parent":0,"menu_order":0,"comment_status":"closed","ping_status":"closed","template":"","meta":{"_et_pb_use_builder":"on","_et_pb_old_content":"","_et_gb_content_width":"","inline_featured_image":false,"footnotes":""},"class_list":["post-1546","page","type-page","status-publish","has-post-thumbnail","hentry"],"_links":{"self":[{"href":"https:\/\/asmaria.org\/en\/wp-json\/wp\/v2\/pages\/1546","targetHints":{"allow":["GET"]}}],"collection":[{"href":"https:\/\/asmaria.org\/en\/wp-json\/wp\/v2\/pages"}],"about":[{"href":"https:\/\/asmaria.org\/en\/wp-json\/wp\/v2\/types\/page"}],"author":[{"embeddable":true,"href":"https:\/\/asmaria.org\/en\/wp-json\/wp\/v2\/users\/1"}],"replies":[{"embeddable":true,"href":"https:\/\/asmaria.org\/en\/wp-json\/wp\/v2\/comments?post=1546"}],"version-history":[{"count":26,"href":"https:\/\/asmaria.org\/en\/wp-json\/wp\/v2\/pages\/1546\/revisions"}],"predecessor-version":[{"id":4727,"href":"https:\/\/asmaria.org\/en\/wp-json\/wp\/v2\/pages\/1546\/revisions\/4727"}],"wp:featuredmedia":[{"embeddable":true,"href":"https:\/\/asmaria.org\/en\/wp-json\/wp\/v2\/media\/2396"}],"wp:attachment":[{"href":"https:\/\/asmaria.org\/en\/wp-json\/wp\/v2\/media?parent=1546"}],"curies":[{"name":"wp","href":"https:\/\/api.w.org\/{rel}","templated":true}]}}