{"id":4185,"date":"2025-05-08T08:30:43","date_gmt":"2025-05-08T08:30:43","guid":{"rendered":"https:\/\/asmaria.org\/?page_id=4185"},"modified":"2025-06-17T11:18:56","modified_gmt":"2025-06-17T11:18:56","slug":"movimento-reparo","status":"publish","type":"page","link":"https:\/\/asmaria.org\/en\/movimento-reparo\/","title":{"rendered":"Movimento reparo"},"content":{"rendered":"<p>[et_pb_section fb_built=&#8221;1&#8243; admin_label=&#8221;banner&#8221; _builder_version=&#8221;4.27.4&#8243; _module_preset=&#8221;default&#8221; custom_margin=&#8221;0px|0px|0px|0px|false|false&#8221; custom_padding=&#8221;0px|0px|0px|0px|false|false&#8221; locked=&#8221;off&#8221; global_colors_info=&#8221;{}&#8221;][et_pb_row _builder_version=&#8221;4.27.4&#8243; _module_preset=&#8221;default&#8221; width=&#8221;100%&#8221; max_width=&#8221;100%&#8221; custom_margin=&#8221;0px|0px|0px|0px|false|false&#8221; custom_padding=&#8221;0px|0px|0px|0px|false|false&#8221; global_colors_info=&#8221;{}&#8221;][et_pb_column type=&#8221;4_4&#8243; _builder_version=&#8221;4.27.4&#8243; _module_preset=&#8221;default&#8221; global_colors_info=&#8221;{}&#8221;][et_pb_code raw_content_tablet=&#8221;<\/p>\n<div class=%22img-cab%22>\n<\/div>\n<style>\n  .img-cab{\n    background-image:url(%22https:\/\/asmaria.org\/wp-content\/uploads\/2025\/05\/Movimento-Reparo-copia-scaled.jpeg%22);\n    padding:10%;\n    background-position-y:30%;\n    background-size:cover;\n    text-align:center;\n  }\n<\/style>\n<p>&#8221; raw_content_phone=&#8221;<\/p>\n<div class=%22img-cab1%22>\n<\/div>\n<style>\n  .img-cab1{\n    background-position-y:80%;    \n    background-image: url(%22https:\/\/asmaria.org\/wp-content\/uploads\/2025\/05\/Movimento-Reparo-copia-scaled.jpeg%22);<\/p>\n<p>  \/* Set a specific height *\/\n  min-height: 300px;<\/p>\n<p>  \/* Create the parallax scrolling effect *\/\n  background-attachment: scroll;\n  background-position: center;\n  background-repeat: no-repeat;\n  background-size: cover;\n  }\n<\/style>\n<p>&#8221; raw_content_last_edited=&#8221;on|phone&#8221; _builder_version=&#8221;4.27.4&#8243; _module_preset=&#8221;default&#8221; hover_enabled=&#8221;0&#8243; global_colors_info=&#8221;{}&#8221; sticky_enabled=&#8221;0&#8243;]<\/p>\n<div class=\"img-cab1\"><!-- [et_pb_line_break_holder] --><\/div>\n<p><!-- [et_pb_line_break_holder] --><!-- [et_pb_line_break_holder] --><\/p>\n<style><!-- [et_pb_line_break_holder] -->  .img-cab1{<!-- [et_pb_line_break_holder] -->    background-position-y:80%;    <!-- [et_pb_line_break_holder] -->    background-image: url(\"https:\/\/asmaria.org\/wp-content\/uploads\/2025\/05\/Movimento-Reparo-copia-scaled.jpeg\");<!-- [et_pb_line_break_holder] --><!-- [et_pb_line_break_holder] -->  \/* Set a specific height *\/<!-- [et_pb_line_break_holder] -->  min-height: 500px;<!-- [et_pb_line_break_holder] --><!-- [et_pb_line_break_holder] -->  \/* Create the parallax scrolling effect *\/<!-- [et_pb_line_break_holder] -->  background-attachment: fixed;<!-- [et_pb_line_break_holder] -->  background-position: center;<!-- [et_pb_line_break_holder] -->  background-repeat: no-repeat;<!-- [et_pb_line_break_holder] -->  background-size: cover;<!-- [et_pb_line_break_holder] -->  }<!-- [et_pb_line_break_holder] --><\/style>\n<p>[\/et_pb_code][\/et_pb_column][\/et_pb_row][\/et_pb_section][et_pb_section fb_built=&#8221;1&#8243; _builder_version=&#8221;4.27.4&#8243; _module_preset=&#8221;default&#8221; custom_margin=&#8221;0px|0px|0px|0px|false|false&#8221; custom_padding=&#8221;0px|0px|0px|0px|false|false&#8221; global_colors_info=&#8221;{}&#8221;][et_pb_row _builder_version=&#8221;4.27.4&#8243; _module_preset=&#8221;default&#8221; width=&#8221;100%&#8221; max_width=&#8221;100%&#8221; custom_margin=&#8221;0px|0px|0px|0px|false|false&#8221; custom_padding=&#8221;0px|0px|0px|0px|false|false&#8221; global_colors_info=&#8221;{}&#8221;][et_pb_column type=&#8221;4_4&#8243; _builder_version=&#8221;4.27.4&#8243; _module_preset=&#8221;default&#8221; global_colors_info=&#8221;{}&#8221;][et_pb_code raw_content_tablet=&#8221;<\/p>\n<div class=%22reparo%22>\n<div class=%22item-text%22>\n<h1>\n      REPARO<br \/>\n    <\/h1>\n<p>\n      O movimento RePaRo consiste num grupo de pessoas que assumem o compromisso de rezar um ter\u00e7o, diariamente, em repara\u00e7\u00e3o ao Cora\u00e7\u00e3o Imaculado de Maria, pela Paz no mundo.<\/br><\/br><br \/>\nEste Movimento permite dar resposta a <b>TR\u00caS PEDIDOS<\/b> de Nossa Senhora, em F\u00e1tima:<\/p>\n<ul>\n<li><b>REPARAC\u0327A\u0303O<\/b>, entendida como um chamamento a\u0300 solidariedade e a\u0300 corresponsabilidade no amor pela salva\u00e7\u00e3o do mundo;<\/li>\n<li>A ora\u00e7\u00e3o pela PAZ no mundo;<\/li>\n<li><b>O ROSA\u0301RIO<\/b>, a ora\u00e7\u00e3o mais pedida por Nossa Senhora.<\/li>\n<\/ul>\n<\/p><\/div>\n<div class=%22item-img%22><img src=%22https:\/\/asmaria.org\/wp-content\/uploads\/2025\/05\/Movimento-Reparo-copia-scaled.jpeg%22>\n<\/div>\n<\/div>\n<style>\n  .reparo{\n    display:grid;\n    grid-template-columns:100%;\n  }\n  .item-text{\n    padding:10%;\n    font-family:Montserrat;\n    display:flex;\n    flex-wrap:wrap;\n    align-items:center;\n  }\n  h1{\n    font-weight:700;\n    font-size:40px;\n    color:#AD945D;\n  }\n  p{\n    font-size:18px;\n    color:black;\n    line-height:1.5;\n  }\n  ul{\n    font-size:18px;\n    color:black;\n  }\n  li{\n    line-height:1.5;\n  }\n<\/style>\n<p>&#8221; raw_content_phone=&#8221;<\/p>\n<div class=%22reparo-tel%22>\n<div class=%22item-text%22>\n<h1>\n      REPARO<br \/>\n    <\/h1>\n<p>\n      O movimento RePaRo consiste num grupo de pessoas que assumem o compromisso de rezar um ter\u00e7o, diariamente, em repara\u00e7\u00e3o ao Cora\u00e7\u00e3o Imaculado de Maria, pela Paz no mundo.<\/br><br \/>\nEste Movimento permite dar resposta a<b> TR\u00caS PEDIDOS <\/b>de Nossa Senhora, em F\u00e1tima:<\/p>\n<ul>\n<li><b>REPARAC\u0327A\u0303O<\/b>, entendida como um chamamento a\u0300 solidariedade e a\u0300 corresponsabilidade no amor pela salva\u00e7\u00e3o do mundo;<\/li>\n<li>A ora\u00e7\u00e3o pela PAZ no mundo;<\/li>\n<li><b>O ROSA\u0301RIO<\/b>, a ora\u00e7\u00e3o mais pedida por Nossa Senhora.<\/li>\n<\/ul>\n<\/p><\/div>\n<\/div>\n<style>\n  .reparo-tel{\n    display:grid;\n    grid-template-columns:100%;\n    font-family:Montserrat;\n    color:black;\n  }\n  .item-text{\n    padding:10% 5%;\n    font-family:Montserrat;\n    display:flex;\n    flex-wrap:wrap;\n    align-items:center;\n  }\n  h1{\n    font-weight:700;\n    font-size:30px;\n    color:#AD945D;\n  }\n  p{\n    font-size:15px;\n    color:black;\n    line-height:1.5;\n  }\n  ul{\n    font-size:15px;\n    color:black;\n  }\n  li{\n    line-height:1.5;\n  }\n<\/style>\n<p>&#8221; raw_content_last_edited=&#8221;on|phone&#8221; _builder_version=&#8221;4.27.4&#8243; _module_preset=&#8221;default&#8221; hover_enabled=&#8221;0&#8243; global_colors_info=&#8221;{}&#8221; sticky_enabled=&#8221;0&#8243;]<\/p>\n<div class=\"reparo\"><!-- [et_pb_line_break_holder] -->  <\/p>\n<div class=\"item-text\"><!-- [et_pb_line_break_holder] -->    <\/p>\n<h1><!-- [et_pb_line_break_holder] -->      REPARO<!-- [et_pb_line_break_holder] -->    <\/h1>\n<p><!-- [et_pb_line_break_holder] -->    <pee><!-- [et_pb_line_break_holder] -->      O movimento RePaRo consiste num grupo de pessoas que assumem o compromisso de rezar um ter\u00e7o, diariamente, em repara\u00e7\u00e3o ao Cora\u00e7\u00e3o Imaculado de Maria, pela Paz no mundo.<\/br><\/br><!-- [et_pb_line_break_holder] -->Este Movimento permite dar resposta a <b>TR\u00caS PEDIDOS<\/b> de Nossa Senhora, em F\u00e1tima:<!-- [et_pb_line_break_holder] --><\/p>\n<ul><!-- [et_pb_line_break_holder] -->  <\/p>\n<li><b>REPARAC\u0327A\u0303O<\/b>, entendida como um chamamento a\u0300 solidariedade e a\u0300 corresponsabilidade no amor pela salva\u00e7\u00e3o do mundo;<\/li>\n<p><!-- [et_pb_line_break_holder] -->  <\/p>\n<li>A ora\u00e7\u00e3o pela PAZ no mundo;<\/li>\n<p><!-- [et_pb_line_break_holder] -->  <\/p>\n<li><b>O ROSA\u0301RIO<\/b>, a ora\u00e7\u00e3o mais pedida por Nossa Senhora.<\/li>\n<p><!-- [et_pb_line_break_holder] --><\/ul>\n<p><!-- [et_pb_line_break_holder] -->    <\/pee><!-- [et_pb_line_break_holder] -->  <\/div>\n<p><!-- [et_pb_line_break_holder] --><\/div>\n<p><!-- [et_pb_line_break_holder] --><!-- [et_pb_line_break_holder] --><\/p>\n<style><!-- [et_pb_line_break_holder] -->  .reparo{<!-- [et_pb_line_break_holder] -->    display:grid;<!-- [et_pb_line_break_holder] -->    grid-template-columns:100%;<!-- [et_pb_line_break_holder] -->  }<!-- [et_pb_line_break_holder] -->  .item-text{<!-- [et_pb_line_break_holder] -->    padding:5% 10%;<!-- [et_pb_line_break_holder] -->    font-family:Montserrat;<!-- [et_pb_line_break_holder] -->    display:flex;<!-- [et_pb_line_break_holder] -->    flex-wrap:wrap;<!-- [et_pb_line_break_holder] -->    align-items:center;<!-- [et_pb_line_break_holder] -->  }<!-- [et_pb_line_break_holder] -->  <!-- [et_pb_line_break_holder] -->  h1{<!-- [et_pb_line_break_holder] -->    font-weight:700;<!-- [et_pb_line_break_holder] -->    font-size:40px;<!-- [et_pb_line_break_holder] -->    color:#AD945D;<!-- [et_pb_line_break_holder] -->  }<!-- [et_pb_line_break_holder] -->  p{<!-- [et_pb_line_break_holder] -->    font-size:18px;<!-- [et_pb_line_break_holder] -->    color:black;<!-- [et_pb_line_break_holder] -->    line-height:1.5;<!-- [et_pb_line_break_holder] -->  }<!-- [et_pb_line_break_holder] -->  ul{<!-- [et_pb_line_break_holder] -->    font-size:18px;<!-- [et_pb_line_break_holder] -->    color:black;<!-- [et_pb_line_break_holder] -->  }<!-- [et_pb_line_break_holder] -->  li{<!-- [et_pb_line_break_holder] -->    line-height:1.5;<!-- [et_pb_line_break_holder] -->  }<!-- [et_pb_line_break_holder] --><\/style>\n<p>[\/et_pb_code][\/et_pb_column][\/et_pb_row][\/et_pb_section][et_pb_section fb_built=&#8221;1&#8243; _builder_version=&#8221;4.27.4&#8243; _module_preset=&#8221;default&#8221; custom_margin=&#8221;0px|0px|0px|0px|false|false&#8221; custom_padding=&#8221;0px|0px|0px|0px|false|false&#8221; global_colors_info=&#8221;{}&#8221;][et_pb_row _builder_version=&#8221;4.27.4&#8243; _module_preset=&#8221;default&#8221; width=&#8221;100%&#8221; max_width=&#8221;100%&#8221; custom_margin=&#8221;0px|0px|0px|0px|false|false&#8221; custom_padding=&#8221;0px|0px|0px|0px|false|false&#8221; global_colors_info=&#8221;{}&#8221;][et_pb_column type=&#8221;4_4&#8243; _builder_version=&#8221;4.27.4&#8243; _module_preset=&#8221;default&#8221; global_colors_info=&#8221;{}&#8221;][et_pb_code raw_content_tablet=&#8221;<\/p>\n<div class=%22img-cab%22>\n<div class=%22form%22>\n  No dia 8 de dezembro de cada ano, na Eucaristia, confiamos este movimento e os seus membros a Nossa Senhora.<\/br><br \/>\nPara participar, basta inscrever-se seguindo as indica\u00e7\u00f5es dadas em formul\u00e1rio de inscri\u00e7\u00e3o.<\/p>\n<div class=%22btn%22>\n  <a class=%22btn-form%22 href=%22https:\/\/forms.office.com\/e\/sXn7N5txWQ%22>FORMUL\u00c1RIO<\/a><\/div>\n<\/div>\n<\/div>\n<style>\n  .form{\n    font-family:Montserrat;\n    background-color:rgba(71, 81, 96, 0.8)\n;\n    font-size:20px;\n    line-height:1.5;\n    color:#AD945D;\n    font-weight:700;\n    text-align:center;\n    padding:5% 10%;\n    margin-top:0%;\n    min-height: 300px;\n  }\n  .btn{\n    margin-top:5%;\n  }\n .btn-form{\n    background-color:#475160;\n    padding:2%;\n    font-family:Montserrat;\n    font-size:25px;\n    color:white;\n    transition:all .2s ease-out 100ms;\n  }\n  .btn-form:hover{\n    background-color:#AD945D;\n    color:#475160;\n  }<\/p>\n<p>  .img-cab{\n    background-position-y:80%;    \n    background-image: url(%22https:\/\/asmaria.org\/wp-content\/uploads\/2025\/05\/A7R03318-copia.jpeg%22);<\/p>\n<p>  \/* Set a specific height *\/\n  min-height: 300px;<\/p>\n<p>  \/* Create the parallax scrolling effect *\/\n  background-attachment: scroll;\n  background-position: center;\n  background-repeat: no-repeat;\n  background-size: cover;\n  }\n<\/style>\n<p>&#8221; raw_content_phone=&#8221;<\/p>\n<div class=%22img-cab%22>\n<div class=%22form%22>\n  No dia 8 de dezembro de cada ano, na Eucaristia, confiamos este movimento e os seus membros a Nossa Senhora.<\/br><br \/>\nPara participar, basta inscrever-se seguindo as indica\u00e7\u00f5es dadas em formul\u00e1rio de inscri\u00e7\u00e3o.<\/p>\n<div class=%22btn%22>\n  <a class=%22btn-form%22 href=%22https:\/\/forms.office.com\/e\/sXn7N5txWQ%22>FORMUL\u00c1RIO<\/a><\/div>\n<\/div>\n<\/div>\n<style>\n  .form{\n    font-family:Montserrat;\n    background-color:rgba(71, 81, 96, 0.8)\n;\n    font-size:15px;\n    line-height:1.5;\n    color:#AD945D;\n    font-weight:700;\n    text-align:center;\n    padding:5% 10%;\n    margin-top:3%;\n    min-height: 250px;\n  }\n  .btn{\n    margin-top:5%;\n  }\n .btn-form{\n    background-color:#475160;\n    padding:2%;\n    font-family:Montserrat;\n    font-size:15px;\n    color:white;\n    transition:all .2s ease-out 100ms;\n  }\n  .btn-form:hover{\n    background-color:#AD945D;\n    color:#475160;\n  }<\/p>\n<p>  .img-cab{\n    background-position-y:80%;    \n    background-image: url(%22https:\/\/asmaria.org\/wp-content\/uploads\/2025\/05\/A7R03318-copia.jpeg%22);<\/p>\n<p>  \/* Set a specific height *\/\n  min-height: 250px;<\/p>\n<p>  \/* Create the parallax scrolling effect *\/\n  background-attachment: scroll;\n  background-position: center;\n  background-repeat: no-repeat;\n  background-size: cover;\n  }\n<\/style>\n<p>&#8221; raw_content_last_edited=&#8221;on|tablet&#8221; _builder_version=&#8221;4.27.4&#8243; _module_preset=&#8221;default&#8221; hover_enabled=&#8221;0&#8243; global_colors_info=&#8221;{}&#8221; sticky_enabled=&#8221;0&#8243;]<\/p>\n<div class=\"img-cab\"><!-- [et_pb_line_break_holder] --><!-- [et_pb_line_break_holder] --><\/p>\n<div class=\"form\"><!-- [et_pb_line_break_holder] -->  No dia 8 de dezembro de cada ano, na Eucaristia, confiamos este movimento e os seus membros a Nossa Senhora.<\/br><!-- [et_pb_line_break_holder] -->Para participar, basta inscrever-se seguindo as indica\u00e7\u00f5es dadas em formul\u00e1rio de inscri\u00e7\u00e3o.<!-- [et_pb_line_break_holder] --><\/p>\n<div class=\"btn\"><!-- [et_pb_line_break_holder] -->  <a class=\"btn-form\" href=\"https:\/\/forms.office.com\/e\/sXn7N5txWQ\">FORMUL\u00c1RIO<\/a><\/div>\n<p><!-- [et_pb_line_break_holder] --><\/div>\n<\/div>\n<p><!-- [et_pb_line_break_holder] --><!-- [et_pb_line_break_holder] --><\/p>\n<style><!-- [et_pb_line_break_holder] -->  .form{<!-- [et_pb_line_break_holder] -->    font-family:Montserrat;<!-- [et_pb_line_break_holder] -->    background-color:rgba(71, 81, 96, 0.8)<!-- [et_pb_line_break_holder] -->;<!-- [et_pb_line_break_holder] -->    font-size:25px;<!-- [et_pb_line_break_holder] -->    line-height:1.5;<!-- [et_pb_line_break_holder] -->    color:#AD945D;<!-- [et_pb_line_break_holder] -->    font-weight:700;<!-- [et_pb_line_break_holder] -->    text-align:center;<!-- [et_pb_line_break_holder] -->    padding:5% 10%;<!-- [et_pb_line_break_holder] -->    margin-top:3%;<!-- [et_pb_line_break_holder] -->    min-height: 500px;<!-- [et_pb_line_break_holder] -->  }<!-- [et_pb_line_break_holder] -->  .btn{<!-- [et_pb_line_break_holder] -->    margin-top:5%;<!-- [et_pb_line_break_holder] -->  }<!-- [et_pb_line_break_holder] --> .btn-form{<!-- [et_pb_line_break_holder] -->    background-color:#475160;<!-- [et_pb_line_break_holder] -->    padding:2%;<!-- [et_pb_line_break_holder] -->    font-family:Montserrat;<!-- [et_pb_line_break_holder] -->    font-size:25px;<!-- [et_pb_line_break_holder] -->    color:white;<!-- [et_pb_line_break_holder] -->    transition:all .2s ease-out 100ms;<!-- [et_pb_line_break_holder] -->  }<!-- [et_pb_line_break_holder] -->  .btn-form:hover{<!-- [et_pb_line_break_holder] -->    background-color:#AD945D;<!-- [et_pb_line_break_holder] -->    color:#475160;<!-- [et_pb_line_break_holder] -->  }<!-- [et_pb_line_break_holder] --><!-- [et_pb_line_break_holder] -->  .img-cab{<!-- [et_pb_line_break_holder] -->    background-position-y:80%;    <!-- [et_pb_line_break_holder] -->    background-image: url(\"https:\/\/asmaria.org\/wp-content\/uploads\/2025\/05\/A7R03318-copia.jpeg\");<!-- [et_pb_line_break_holder] --><!-- [et_pb_line_break_holder] -->  \/* Set a specific height *\/<!-- [et_pb_line_break_holder] -->  min-height: 500px;<!-- [et_pb_line_break_holder] --><!-- [et_pb_line_break_holder] -->  \/* Create the parallax scrolling effect *\/<!-- [et_pb_line_break_holder] -->  background-attachment: fixed;<!-- [et_pb_line_break_holder] -->  background-position: center;<!-- [et_pb_line_break_holder] -->  background-repeat: no-repeat;<!-- [et_pb_line_break_holder] -->  background-size: cover;<!-- [et_pb_line_break_holder] -->  }<!-- [et_pb_line_break_holder] --><\/style>\n<p>[\/et_pb_code][\/et_pb_column][\/et_pb_row][\/et_pb_section][et_pb_section fb_built=&#8221;1&#8243; _builder_version=&#8221;4.27.4&#8243; _module_preset=&#8221;default&#8221; custom_margin=&#8221;0px|0px|0px|0px|false|false&#8221; custom_padding=&#8221;0px|0px|0px|0px|false|false&#8221; global_colors_info=&#8221;{}&#8221;][et_pb_row _builder_version=&#8221;4.27.4&#8243; _module_preset=&#8221;default&#8221; width=&#8221;100%&#8221; max_width=&#8221;100%&#8221; custom_margin=&#8221;0px|0px|0px|0px|false|false&#8221; custom_padding=&#8221;0px|0px|0px|0px|false|false&#8221; global_colors_info=&#8221;{}&#8221;][et_pb_column type=&#8221;4_4&#8243; _builder_version=&#8221;4.27.4&#8243; _module_preset=&#8221;default&#8221; global_colors_info=&#8221;{}&#8221;][et_pb_code raw_content_tablet=&#8221;&#8221; raw_content_phone=&#8221;<\/p>\n<div class=%22text%22>\n  Este movimento \u00e9 uma transforma\u00e7\u00e3o da \u201cCruzada Nacional do Ter\u00e7o\u201d. Esta surgiu em 1975 e consistia no compromisso da ora\u00e7\u00e3o di\u00e1ria do ter\u00e7o, em repara\u00e7\u00e3o ao Cora\u00e7\u00e3o Imaculado de Maria, por Portugal. Em meados da d\u00e9cada de 70, em Portugal, vivia-se um per\u00edodo marcado por instabilidade pol\u00edtica e alguma incerteza face \u00e0 possibilidade da viv\u00eancia da f\u00e9 e da pr\u00e1tica religiosa, em liberdade. Esta complexa situa\u00e7\u00e3o confirmou a necessidade e a urg\u00eancia de responder aos apelos de Nossa Senhora, em F\u00e1tima. As irm\u00e3s, inspiradas por um movimento similar que teve in\u00edcio na \u00c1ustria na d\u00e9cada de 50, promoveram o assumir deste compromisso entre o povo de Deus e conseguiram a ora\u00e7\u00e3o de cerca de um milh\u00e3o de ter\u00e7os oferecidos em repara\u00e7\u00e3o, pelos membros que aderiram a esta atividade. Este intenso esfor\u00e7o de ora\u00e7\u00e3o foi oferecido a Nossa Senhora, durante a Eucaristia, na Solenidade de Cristo Rei, em 23 de novembro de 1975. A partir da\u00ed, manteve-se o movimento.\n<\/div>\n<style>\n  .text{\n    font-family:Montserrat;\n    font-size:15px;\n    line-height:1.5;\n    color:black;\n    padding:5% 5%\n  }\n<\/style>\n<p>&#8221; raw_content_last_edited=&#8221;on|phone&#8221; _builder_version=&#8221;4.27.4&#8243; _module_preset=&#8221;default&#8221; global_colors_info=&#8221;{}&#8221;]<\/p>\n<div class=\"text\"><!-- [et_pb_line_break_holder] -->  Este movimento \u00e9 uma transforma\u00e7\u00e3o da \u201cCruzada Nacional do Ter\u00e7o\u201d. Esta surgiu em 1975 e consistia no compromisso da ora\u00e7\u00e3o di\u00e1ria do ter\u00e7o, em repara\u00e7\u00e3o ao Cora\u00e7\u00e3o Imaculado de Maria, por Portugal. Em meados da d\u00e9cada de 70, em Portugal, vivia-se um per\u00edodo marcado por instabilidade pol\u00edtica e alguma incerteza face \u00e0 possibilidade da viv\u00eancia da f\u00e9 e da pr\u00e1tica religiosa, em liberdade. Esta complexa situa\u00e7\u00e3o confirmou a necessidade e a urg\u00eancia de responder aos apelos de Nossa Senhora, em F\u00e1tima. As irm\u00e3s, inspiradas por um movimento similar que teve in\u00edcio na \u00c1ustria na d\u00e9cada de 50, promoveram o assumir deste compromisso entre o povo de Deus e conseguiram a ora\u00e7\u00e3o de cerca de um milh\u00e3o de ter\u00e7os oferecidos em repara\u00e7\u00e3o, pelos membros que aderiram a esta atividade. Este intenso esfor\u00e7o de ora\u00e7\u00e3o foi oferecido a Nossa Senhora, durante a Eucaristia, na Solenidade de Cristo Rei, em 23 de novembro de 1975. A partir da\u00ed, manteve-se o movimento. <!-- [et_pb_line_break_holder] --><\/div>\n<p><!-- [et_pb_line_break_holder] --><\/p>\n<style><!-- [et_pb_line_break_holder] -->  .text{<!-- [et_pb_line_break_holder] -->    font-family:Montserrat;<!-- [et_pb_line_break_holder] -->    font-size:20px;<!-- [et_pb_line_break_holder] -->    line-height:1.5;<!-- [et_pb_line_break_holder] -->    color:black;<!-- [et_pb_line_break_holder] -->    padding:5% 10%<!-- [et_pb_line_break_holder] -->  }<!-- [et_pb_line_break_holder] --><\/style>\n<p>[\/et_pb_code][\/et_pb_column][\/et_pb_row][\/et_pb_section]<\/p>\n","protected":false},"excerpt":{"rendered":"","protected":false},"author":1,"featured_media":4189,"parent":0,"menu_order":0,"comment_status":"closed","ping_status":"closed","template":"","meta":{"_et_pb_use_builder":"on","_et_pb_old_content":"","_et_gb_content_width":"","inline_featured_image":false,"footnotes":""},"class_list":["post-4185","page","type-page","status-publish","has-post-thumbnail","hentry"],"_links":{"self":[{"href":"https:\/\/asmaria.org\/en\/wp-json\/wp\/v2\/pages\/4185","targetHints":{"allow":["GET"]}}],"collection":[{"href":"https:\/\/asmaria.org\/en\/wp-json\/wp\/v2\/pages"}],"about":[{"href":"https:\/\/asmaria.org\/en\/wp-json\/wp\/v2\/types\/page"}],"author":[{"embeddable":true,"href":"https:\/\/asmaria.org\/en\/wp-json\/wp\/v2\/users\/1"}],"replies":[{"embeddable":true,"href":"https:\/\/asmaria.org\/en\/wp-json\/wp\/v2\/comments?post=4185"}],"version-history":[{"count":21,"href":"https:\/\/asmaria.org\/en\/wp-json\/wp\/v2\/pages\/4185\/revisions"}],"predecessor-version":[{"id":5253,"href":"https:\/\/asmaria.org\/en\/wp-json\/wp\/v2\/pages\/4185\/revisions\/5253"}],"wp:featuredmedia":[{"embeddable":true,"href":"https:\/\/asmaria.org\/en\/wp-json\/wp\/v2\/media\/4189"}],"wp:attachment":[{"href":"https:\/\/asmaria.org\/en\/wp-json\/wp\/v2\/media?parent=4185"}],"curies":[{"name":"wp","href":"https:\/\/api.w.org\/{rel}","templated":true}]}}