{"id":1407,"date":"2025-01-29T11:02:53","date_gmt":"2025-01-29T11:02:53","guid":{"rendered":"https:\/\/asmaria.org\/?page_id=1407"},"modified":"2025-06-04T10:33:18","modified_gmt":"2025-06-04T10:33:18","slug":"luzeiros-de-santa-maria","status":"publish","type":"page","link":"https:\/\/asmaria.org\/it\/luzeiros-de-santa-maria\/","title":{"rendered":"Luzeiros de Santa Maria"},"content":{"rendered":"<p>[et_pb_section fb_built=&#8221;1&#8243; _builder_version=&#8221;4.27.4&#8243; _module_preset=&#8221;default&#8221; custom_margin=&#8221;0px|0px|0px|0px|false|false&#8221; custom_padding=&#8221;0px|0px|0px|0px|false|false&#8221; global_colors_info=&#8221;{}&#8221;][et_pb_row _builder_version=&#8221;4.27.4&#8243; _module_preset=&#8221;default&#8221; width=&#8221;100%&#8221; max_width=&#8221;100%&#8221; custom_margin=&#8221;0px|0px|0px|0px|false|false&#8221; custom_padding=&#8221;0px|0px|0px|0px|false|false&#8221; global_colors_info=&#8221;{}&#8221;][et_pb_column type=&#8221;4_4&#8243; _builder_version=&#8221;4.27.4&#8243; _module_preset=&#8221;default&#8221; global_colors_info=&#8221;{}&#8221;][et_pb_code raw_content_tablet=&#8221;<\/p>\n<div class=%22img-cab%22>\n<\/div>\n<style>\n  .img-cab{\n    background-position-y:80%;    \n    background-image: url(%22https:\/\/asmaria.org\/wp-content\/uploads\/2025\/04\/HEADER_LUZEIROS-copia-scaled.jpeg%22);<\/p>\n<p>  \/* Set a specific height *\/\n  min-height: 500px;<\/p>\n<p>  \/* Create the parallax scrolling effect *\/\n  background-attachment: scroll;\n  background-position: center;\n  background-repeat: no-repeat;\n  background-size: cover;\n  }\n<\/style>\n<p>&#8221; raw_content_phone=&#8221;<\/p>\n<div class=%22img-cab%22>\n<\/div>\n<style>\n  .img-cab{\n    background-position-y:80%;    \n    background-image: url(%22https:\/\/asmaria.org\/wp-content\/uploads\/2025\/04\/HEADER_LUZEIROS-copia-scaled.jpeg%22);<\/p>\n<p>  \/* Set a specific height *\/\n  min-height: 300px;<\/p>\n<p>  \/* Create the parallax scrolling effect *\/\n  background-attachment: scroll;\n  background-position: center;\n  background-repeat: no-repeat;\n  background-size: cover;\n  }\n<\/style>\n<p>&#8221; raw_content_last_edited=&#8221;on|phone&#8221; _builder_version=&#8221;4.27.4&#8243; _module_preset=&#8221;default&#8221; global_colors_info=&#8221;{}&#8221;]<\/p>\n<div class=\"img-cab\"><!-- [et_pb_line_break_holder] --><\/div>\n<p><!-- [et_pb_line_break_holder] --><!-- [et_pb_line_break_holder] --><!-- [et_pb_line_break_holder] --><!-- [et_pb_line_break_holder] --><\/p>\n<style><!-- [et_pb_line_break_holder] -->  .img-cab{<!-- [et_pb_line_break_holder] -->    background-position-y:80%;    <!-- [et_pb_line_break_holder] -->    background-image: url(\"https:\/\/asmaria.org\/wp-content\/uploads\/2025\/04\/HEADER_LUZEIROS-copia-scaled.jpeg\");<!-- [et_pb_line_break_holder] --><!-- [et_pb_line_break_holder] -->  \/* Set a specific height *\/<!-- [et_pb_line_break_holder] -->  min-height: 500px;<!-- [et_pb_line_break_holder] --><!-- [et_pb_line_break_holder] -->  \/* Create the parallax scrolling effect *\/<!-- [et_pb_line_break_holder] -->  background-attachment: fixed;<!-- [et_pb_line_break_holder] -->  background-position: center;<!-- [et_pb_line_break_holder] -->  background-repeat: no-repeat;<!-- [et_pb_line_break_holder] -->  background-size: cover;<!-- [et_pb_line_break_holder] -->  }<!-- [et_pb_line_break_holder] --><\/style>\n<p>[\/et_pb_code][\/et_pb_column][\/et_pb_row][\/et_pb_section][et_pb_section fb_built=&#8221;1&#8243; _builder_version=&#8221;4.27.4&#8243; _module_preset=&#8221;default&#8221; custom_margin=&#8221;0px|0px|0px|0px|false|false&#8221; custom_padding=&#8221;0px|0px|0px|0px|false|false&#8221; global_colors_info=&#8221;{}&#8221;][et_pb_row _builder_version=&#8221;4.27.4&#8243; _module_preset=&#8221;default&#8221; width=&#8221;100%&#8221; max_width=&#8221;100%&#8221; custom_margin=&#8221;0px|0px|0px|0px|false|false&#8221; custom_padding=&#8221;0px|0px|0px|0px|false|false&#8221; global_colors_info=&#8221;{}&#8221;][et_pb_column type=&#8221;4_4&#8243; _builder_version=&#8221;4.27.4&#8243; _module_preset=&#8221;default&#8221; global_colors_info=&#8221;{}&#8221;][et_pb_code raw_content_tablet=&#8221;  <\/p>\n<div class=%22lsm%22>\n<h2>\n      LUZEIROS DE SANTA MARIA<br \/>\n    <\/h2>\n<p><\/br><\/p>\n<div class=%22just%22>\n    <p01>Os Luzeiros de Santa Maria s\u00e3o um movimento laical, fundado em 1979, como resposta ao desejo de fazer surgir, entre alguns leigos, um estilo de vida marcado pela viv\u00eancia de uma espiritualidade semelhante \u00e0 da Congrega\u00e7\u00e3o. Os membros do movimento s\u00e3o, portanto, chamados a responder \u00e0 voca\u00e7\u00e3o \u00e0 santidade pr\u00f3pria da sua condi\u00e7\u00e3o de batizados, assumindo ativamente a miss\u00e3o evangelizadora da Igreja e vivendo-a \u00e0 luz da Mensagem de F\u00e1tima. Isto traduz-se num esfor\u00e7o quotidiano por dar testemunho de uma f\u00e9 viva que se alimenta na vida sacramental, na ora\u00e7\u00e3o pessoal, familiar e comunit\u00e1ria e na pr\u00e1tica do amor fraterno pelos irm\u00e3os, especialmente os que mais sofrem.<\/br><br \/>\nO movimento encontra-se organizado em pequenos grupos de pessoas da mesma par\u00f3quia ou localidade, constitu\u00eddos com a autoriza\u00e7\u00e3o do bispo da diocese e respetivos p\u00e1rocos. Um dos momentos mais importante deste grupo \u00e9 o encontro de Luzeiro, que pode ser realizado de forma semanal, quinzenal ou at\u00e9 mensal (de acordo com as caracter\u00edsticas do grupo) e segue uma estrutura pr\u00f3pria baseada principalmente na medita\u00e7\u00e3o da Palavra de Deus e na ora\u00e7\u00e3o do ros\u00e1rio. Cada grupo de Luzeiros conta com uma pessoa respons\u00e1vel de entre os membros do grupo, o Enviado, que modera as reuni\u00f5es e permanece em contacto mais frequente com as irm\u00e3s da Congrega\u00e7\u00e3o. <\/br><br \/>\nEm cada ano, a Congrega\u00e7\u00e3o providencia dois encontros, uma peregrina\u00e7\u00e3o e um retiro, especialmente direcionados para os Luzeiros.<\/br><br \/>\nAtualmente existem grupos de Luzeiros em v\u00e1rias dioceses em Portugal e tamb\u00e9m nos Estados Unidos da Am\u00e9rica, desde 2014.\n<\/p01><\/div>\n<\/p><\/div>\n<style>\n  .just{\n  text-align: left;\n  text-justify: inter-word;\n  }\n  .lsm{\n   padding:5% 20%;\n    color:black;\n  }<\/p>\n<p>  p01{\n    font-family:Montserrat;\n    font-size:15px;\n  }\nh2{\n    font-family:Montserrat;\n    font-weight:700;\n    font-size:30px;\n  }\n<\/style>\n<p>&#8221; raw_content_phone=&#8221;  <\/p>\n<div class=%22lsm3%22>\n<h2>\n      LUZEIROS DE SANTA MARIA<br \/>\n    <\/h2>\n<p><\/br><\/p>\n<div class=%22just%22>\n    <p01>Os Luzeiros de Santa Maria s\u00e3o um movimento laical, fundado em 1979, como resposta ao desejo de fazer surgir, entre alguns leigos, um estilo de vida marcado pela viv\u00eancia de uma espiritualidade semelhante \u00e0 da Congrega\u00e7\u00e3o. Os membros do movimento s\u00e3o, portanto, chamados a responder \u00e0 voca\u00e7\u00e3o \u00e0 santidade pr\u00f3pria da sua condi\u00e7\u00e3o de batizados, assumindo ativamente a miss\u00e3o evangelizadora da Igreja e vivendo-a \u00e0 luz da Mensagem de F\u00e1tima. Isto traduz-se num esfor\u00e7o quotidiano por dar testemunho de uma f\u00e9 viva que se alimenta na vida sacramental, na ora\u00e7\u00e3o pessoal, familiar e comunit\u00e1ria e na pr\u00e1tica do amor fraterno pelos irm\u00e3os, especialmente os que mais sofrem.<\/br><\/br><br \/>\nO movimento encontra-se organizado em pequenos grupos de pessoas da mesma par\u00f3quia ou localidade, constitu\u00eddos com a autoriza\u00e7\u00e3o do bispo da diocese e respetivos p\u00e1rocos. Um dos momentos mais importante deste grupo \u00e9 o encontro de Luzeiro, que pode ser realizado de forma semanal, quinzenal ou at\u00e9 mensal (de acordo com as caracter\u00edsticas do grupo) e segue uma estrutura pr\u00f3pria baseada principalmente na medita\u00e7\u00e3o da Palavra de Deus e na ora\u00e7\u00e3o do ros\u00e1rio. Cada grupo de Luzeiros conta com uma pessoa respons\u00e1vel de entre os membros do grupo, o Enviado, que modera as reuni\u00f5es e permanece em contacto mais frequente com as irm\u00e3s da Congrega\u00e7\u00e3o. <\/br><\/br><br \/>\nEm cada ano, a Congrega\u00e7\u00e3o providencia dois encontros, uma peregrina\u00e7\u00e3o e um retiro, especialmente direcionados para os Luzeiros.<\/br><\/br><br \/>\nAtualmente existem grupos de Luzeiros em v\u00e1rias dioceses em Portugal e tamb\u00e9m nos Estados Unidos da Am\u00e9rica, desde 2014.\n<\/p01><\/div>\n<\/p><\/div>\n<style>\n  .just{\n  text-align: left;\n  text-justify: inter-word;\n  }\n  .lsm3{\n   padding:5% 5%;\n    color:black;\n    letter-spacing:-.5px;\n  }<\/p>\n<p>  p01{\n    font-family:Montserrat;\n    font-size:15px;\n  }\nh2{\n    font-family:Montserrat;\n    font-weight:700;\n    font-size:30px;\n  }\n<\/style>\n<p>&#8221; raw_content_last_edited=&#8221;on|phone&#8221; _builder_version=&#8221;4.27.4&#8243; _module_preset=&#8221;default&#8221; global_colors_info=&#8221;{}&#8221;]  <\/p>\n<div class=\"lsm\"><!-- [et_pb_line_break_holder] -->    <\/p>\n<h2><!-- [et_pb_line_break_holder] -->      LUZEIROS DE SANTA MARIA<!-- [et_pb_line_break_holder] -->    <\/h2>\n<p><\/br><!-- [et_pb_line_break_holder] -->    <p01>Os Luzeiros de Santa Maria s\u00e3o um movimento laical, fundado em 1979, como resposta ao desejo de fazer surgir, entre alguns leigos, um estilo de vida marcado pela viv\u00eancia de uma espiritualidade semelhante \u00e0 da Congrega\u00e7\u00e3o. Os membros do movimento s\u00e3o, portanto, chamados a responder \u00e0 voca\u00e7\u00e3o \u00e0 santidade pr\u00f3pria da sua condi\u00e7\u00e3o de batizados, assumindo ativamente a miss\u00e3o evangelizadora da Igreja e vivendo-a \u00e0 luz da Mensagem de F\u00e1tima. Isto traduz-se num esfor\u00e7o quotidiano por dar testemunho de uma f\u00e9 viva que se alimenta na vida sacramental, na ora\u00e7\u00e3o pessoal, familiar e comunit\u00e1ria e na pr\u00e1tica do amor fraterno pelos irm\u00e3os, especialmente os que mais sofrem.<\/br><\/br><!-- [et_pb_line_break_holder] -->O movimento encontra-se organizado em pequenos grupos de pessoas da mesma par\u00f3quia ou localidade, constitu\u00eddos com a autoriza\u00e7\u00e3o do bispo da diocese e respetivos p\u00e1rocos. Um dos momentos mais importante deste grupo \u00e9 o encontro de Luzeiro, que pode ser realizado de forma semanal, quinzenal ou at\u00e9 mensal (de acordo com as caracter\u00edsticas do grupo) e segue uma estrutura pr\u00f3pria baseada principalmente na medita\u00e7\u00e3o da Palavra de Deus e na ora\u00e7\u00e3o do ros\u00e1rio. Cada grupo de Luzeiros conta com uma pessoa respons\u00e1vel de entre os membros do grupo, o Enviado, que modera as reuni\u00f5es e permanece em contacto mais frequente com as irm\u00e3s da Congrega\u00e7\u00e3o. <\/br><\/br><!-- [et_pb_line_break_holder] -->Em cada ano, a Congrega\u00e7\u00e3o providencia dois encontros, uma peregrina\u00e7\u00e3o e um retiro, especialmente direcionados para os Luzeiros.<\/br><\/br><!-- [et_pb_line_break_holder] -->Atualmente existem grupos de Luzeiros em v\u00e1rias dioceses em Portugal e tamb\u00e9m nos Estados Unidos da Am\u00e9rica, desde 2014.<!-- [et_pb_line_break_holder] --><\/p01><!-- [et_pb_line_break_holder] -->  <\/div>\n<p><!-- [et_pb_line_break_holder] --><!-- [et_pb_line_break_holder] --><!-- [et_pb_line_break_holder] --><!-- [et_pb_line_break_holder] --><\/p>\n<style><!-- [et_pb_line_break_holder] --><!-- [et_pb_line_break_holder] -->  .lsm{<!-- [et_pb_line_break_holder] -->   padding:5% 20%;<!-- [et_pb_line_break_holder] -->    text-align: left;<!-- [et_pb_line_break_holder] -->  text-justify: inter-word;<!-- [et_pb_line_break_holder] -->    color:black;<!-- [et_pb_line_break_holder] -->  }<!-- [et_pb_line_break_holder] --><!-- [et_pb_line_break_holder] -->  p01{<!-- [et_pb_line_break_holder] -->    font-family:Montserrat;<!-- [et_pb_line_break_holder] -->    font-size:18px;<!-- [et_pb_line_break_holder] -->  }<!-- [et_pb_line_break_holder] -->h2{<!-- [et_pb_line_break_holder] -->    font-family:Montserrat;<!-- [et_pb_line_break_holder] -->    font-weight:700;<!-- [et_pb_line_break_holder] -->    font-size:40px;<!-- [et_pb_line_break_holder] -->  }<!-- [et_pb_line_break_holder] --><\/style>\n<p>[\/et_pb_code][\/et_pb_column][\/et_pb_row][\/et_pb_section]<\/p>\n","protected":false},"excerpt":{"rendered":"","protected":false},"author":1,"featured_media":3638,"parent":0,"menu_order":0,"comment_status":"closed","ping_status":"closed","template":"","meta":{"_et_pb_use_builder":"on","_et_pb_old_content":"","_et_gb_content_width":"","inline_featured_image":false,"footnotes":""},"class_list":["post-1407","page","type-page","status-publish","has-post-thumbnail","hentry"],"_links":{"self":[{"href":"https:\/\/asmaria.org\/it\/wp-json\/wp\/v2\/pages\/1407","targetHints":{"allow":["GET"]}}],"collection":[{"href":"https:\/\/asmaria.org\/it\/wp-json\/wp\/v2\/pages"}],"about":[{"href":"https:\/\/asmaria.org\/it\/wp-json\/wp\/v2\/types\/page"}],"author":[{"embeddable":true,"href":"https:\/\/asmaria.org\/it\/wp-json\/wp\/v2\/users\/1"}],"replies":[{"embeddable":true,"href":"https:\/\/asmaria.org\/it\/wp-json\/wp\/v2\/comments?post=1407"}],"version-history":[{"count":22,"href":"https:\/\/asmaria.org\/it\/wp-json\/wp\/v2\/pages\/1407\/revisions"}],"predecessor-version":[{"id":4736,"href":"https:\/\/asmaria.org\/it\/wp-json\/wp\/v2\/pages\/1407\/revisions\/4736"}],"wp:featuredmedia":[{"embeddable":true,"href":"https:\/\/asmaria.org\/it\/wp-json\/wp\/v2\/media\/3638"}],"wp:attachment":[{"href":"https:\/\/asmaria.org\/it\/wp-json\/wp\/v2\/media?parent=1407"}],"curies":[{"name":"wp","href":"https:\/\/api.w.org\/{rel}","templated":true}]}}