{"id":1413,"date":"2025-01-29T11:09:29","date_gmt":"2025-01-29T11:09:29","guid":{"rendered":"https:\/\/asmaria.org\/?page_id=1413"},"modified":"2025-06-04T10:32:10","modified_gmt":"2025-06-04T10:32:10","slug":"luzeiro-dos-pastorinhos","status":"publish","type":"page","link":"https:\/\/asmaria.org\/pt\/luzeiro-dos-pastorinhos\/","title":{"rendered":"Luzeiro dos pastorinhos"},"content":{"rendered":"<p>[et_pb_section fb_built=&#8221;1&#8243; _builder_version=&#8221;4.27.4&#8243; _module_preset=&#8221;default&#8221; custom_margin=&#8221;0px|0px|0px|0px|false|false&#8221; custom_padding=&#8221;0px|0px|0px|0px|false|false&#8221; global_colors_info=&#8221;{}&#8221;][et_pb_row _builder_version=&#8221;4.27.4&#8243; _module_preset=&#8221;default&#8221; width=&#8221;100%&#8221; max_width=&#8221;100%&#8221; custom_margin=&#8221;0px|0px|0px|0px|false|false&#8221; custom_padding=&#8221;0px|0px|0px|0px|false|false&#8221; global_colors_info=&#8221;{}&#8221;][et_pb_column type=&#8221;4_4&#8243; _builder_version=&#8221;4.27.4&#8243; _module_preset=&#8221;default&#8221; global_colors_info=&#8221;{}&#8221;][et_pb_code raw_content_tablet=&#8221;<\/p>\n<div class=%22img-cab%22>\n<\/div>\n<style>\n  .img-cab{\n    background-image:url(%22https:\/\/asmaria.org\/wp-content\/uploads\/2025\/03\/HEADER_Luzeirinhos-scaled.jpg%22);\n    padding:20%;\n    background-position-y:0%;\n    background-size:cover;\n    text-align:center;\n    font-family:Montserrat;\n    font-weight:700;\n    color:white;\n    font-size:60px;\n    text-shadow: 2px 2px 10px black;\n    line-height:1;\n  }\n<\/style>\n<p>&#8221; raw_content_phone=&#8221;<\/p>\n<div class=%22img-cab%22>\n<\/div>\n<style>\n  .img-cab{\n    background-image: url(%22https:\/\/asmaria.org\/wp-content\/uploads\/2025\/03\/HEADER_Luzeirinhos-scaled.jpg%22);<\/p>\n<p>  \/* Set a specific height *\/\n  min-height: 300px;<\/p>\n<p>  \/* Create the parallax scrolling effect *\/\n  background-attachment: scroll;\n  background-position: center;\n  background-repeat: no-repeat;\n  background-size: cover;\n  }\n<\/style>\n<p>&#8221; raw_content_last_edited=&#8221;on|tablet&#8221; _builder_version=&#8221;4.27.4&#8243; _module_preset=&#8221;default&#8221; global_colors_info=&#8221;{}&#8221;]<\/p>\n<div class=\"img-cab\"><!-- [et_pb_line_break_holder] --><\/div>\n<p><!-- [et_pb_line_break_holder] --><!-- [et_pb_line_break_holder] --><\/p>\n<style><!-- [et_pb_line_break_holder] -->  .img-cab{<!-- [et_pb_line_break_holder] -->    background-image: url(\"https:\/\/asmaria.org\/wp-content\/uploads\/2025\/03\/HEADER_Luzeirinhos-scaled.jpg\");<!-- [et_pb_line_break_holder] --><!-- [et_pb_line_break_holder] -->  \/* Set a specific height *\/<!-- [et_pb_line_break_holder] -->  min-height: 500px;<!-- [et_pb_line_break_holder] --><!-- [et_pb_line_break_holder] -->  \/* Create the parallax scrolling effect *\/<!-- [et_pb_line_break_holder] -->  background-attachment: fixed;<!-- [et_pb_line_break_holder] -->  background-position: center;<!-- [et_pb_line_break_holder] -->  background-repeat: no-repeat;<!-- [et_pb_line_break_holder] -->  background-size: cover;<!-- [et_pb_line_break_holder] -->  }<!-- [et_pb_line_break_holder] --><\/style>\n<p>[\/et_pb_code][\/et_pb_column][\/et_pb_row][\/et_pb_section][et_pb_section fb_built=&#8221;1&#8243; _builder_version=&#8221;4.27.4&#8243; _module_preset=&#8221;default&#8221; custom_margin=&#8221;0px|0px|0px|0px|false|false&#8221; custom_padding=&#8221;0px|0px|0px|0px|false|false&#8221; global_colors_info=&#8221;{}&#8221;][et_pb_row _builder_version=&#8221;4.27.4&#8243; _module_preset=&#8221;default&#8221; width=&#8221;100%&#8221; max_width=&#8221;100%&#8221; custom_margin=&#8221;0px|0px|0px|0px|false|false&#8221; custom_padding=&#8221;0px|0px|0px|0px|false|false&#8221; global_colors_info=&#8221;{}&#8221;][et_pb_column type=&#8221;4_4&#8243; _builder_version=&#8221;4.27.4&#8243; _module_preset=&#8221;default&#8221; global_colors_info=&#8221;{}&#8221;][et_pb_code raw_content_tablet=&#8221;  <\/p>\n<div class=%22lsm%22>\n<h2>\n      LUZEIRO DOS PASTORINHOS<br \/>\n    <\/h2>\n<p><\/br><\/p>\n<div class=%22just%22>\n    <p01>O Luzeiro dos Pastorinhos foi inspirado no grupo de leigos \u201cLuzeiros de Santa Maria\u201d, com o intuito de proporcionar encontros regulares para crian\u00e7as dos 5 aos 12 anos. Nestes encontros, procura-se que, atrav\u00e9s da Mensagem de F\u00e1tima, as crian\u00e7as sejam ajudadas a conhecer e a entrarem na amizade com Jesus e com Nossa Senhora.<\/br><br \/>\nOs encontros desenrolam-se durante uma tarde, mensalmente ou quinzenalmente, e s\u00e3o dinamizados pelas irm\u00e3s da Alian\u00e7a de Santa Maria, habitualmente, numa das comunidades da Congrega\u00e7\u00e3o.\n<\/p01><\/div>\n<\/p><\/div>\n<style>\n  .just{\n        text-align: left;\n  text-justify: inter-word;\n  }\n  .lsm{\n   padding:5% 20%;\n    color:black;\n  }<\/p>\n<p>  p01{\n    font-family:Montserrat;\n    font-size:15px;\n  }\nh2{\n    font-family:Montserrat;\n    font-weight:700;\n    font-size:40px;\n  }\n<\/style>\n<p>&#8221; raw_content_phone=&#8221;  <\/p>\n<div class=%22lsm%22>\n<h2>\n      LUZEIRO DOS PASTORINHOS<br \/>\n    <\/h2>\n<p><\/br><\/p>\n<div class=%22just%22>\n    <p01>O Luzeiro dos Pastorinhos foi inspirado no grupo de leigos \u201cLuzeiros de Santa Maria\u201d, com o intuito de proporcionar encontros regulares para crian\u00e7as dos 5 aos 12 anos. Nestes encontros, procura-se que, atrav\u00e9s da Mensagem de F\u00e1tima, as crian\u00e7as sejam ajudadas a conhecer e a entrarem na amizade com Jesus e com Nossa Senhora.<\/br><\/br><br \/>\nOs encontros desenrolam-se durante uma tarde, mensalmente ou quinzenalmente, e s\u00e3o dinamizados pelas irm\u00e3s da Alian\u00e7a de Santa Maria, habitualmente, numa das comunidades da Congrega\u00e7\u00e3o.\n<\/p01><\/div>\n<\/p><\/div>\n<style>\n  .just{\n        text-align: left;\n  text-justify: inter-word;\n    letter-spacing: -0.5px;\n  }\n  .lsm{\n   padding:5% 5%;\n    color:black;\n  }<\/p>\n<p>  p01{\n    font-family:Montserrat;\n    font-size:15px;\n  }\nh2{\n    font-family:Montserrat;\n    font-weight:700;\n    font-size:30px;\n  }\n<\/style>\n<p>&#8221; raw_content_last_edited=&#8221;on|phone&#8221; _builder_version=&#8221;4.27.4&#8243; _module_preset=&#8221;default&#8221; global_colors_info=&#8221;{}&#8221;]  <\/p>\n<div class=\"lsm\"><!-- [et_pb_line_break_holder] -->    <\/p>\n<h2><!-- [et_pb_line_break_holder] -->      LUZEIRO DOS PASTORINHOS<!-- [et_pb_line_break_holder] -->    <\/h2>\n<p><\/br><!-- [et_pb_line_break_holder] -->    <p01>O Luzeiro dos Pastorinhos foi inspirado no grupo de leigos \u201cLuzeiros de Santa Maria\u201d, com o intuito de proporcionar encontros regulares para crian\u00e7as dos 5 aos 12 anos. Nestes encontros, procura-se que, atrav\u00e9s da Mensagem de F\u00e1tima, as crian\u00e7as sejam ajudadas a conhecer e a entrarem na amizade com Jesus e com Nossa Senhora.<\/br><\/br><!-- [et_pb_line_break_holder] -->Os encontros desenrolam-se durante uma tarde, mensalmente ou quinzenalmente, e s\u00e3o dinamizados pelas irm\u00e3s da Alian\u00e7a de Santa Maria, habitualmente, numa das comunidades da Congrega\u00e7\u00e3o.<!-- [et_pb_line_break_holder] --><!-- [et_pb_line_break_holder] --><\/p01><!-- [et_pb_line_break_holder] -->  <\/div>\n<p><!-- [et_pb_line_break_holder] --><!-- [et_pb_line_break_holder] --><!-- [et_pb_line_break_holder] --><!-- [et_pb_line_break_holder] --><\/p>\n<style><!-- [et_pb_line_break_holder] --><!-- [et_pb_line_break_holder] -->  .lsm{<!-- [et_pb_line_break_holder] -->   padding:5% 20%;<!-- [et_pb_line_break_holder] -->    text-align: left;<!-- [et_pb_line_break_holder] -->  text-justify: inter-word;<!-- [et_pb_line_break_holder] -->    color:black;<!-- [et_pb_line_break_holder] -->  }<!-- [et_pb_line_break_holder] --><!-- [et_pb_line_break_holder] -->  p01{<!-- [et_pb_line_break_holder] -->    font-family:Montserrat;<!-- [et_pb_line_break_holder] -->    font-size:18px;<!-- [et_pb_line_break_holder] -->  }<!-- [et_pb_line_break_holder] -->h2{<!-- [et_pb_line_break_holder] -->    font-family:Montserrat;<!-- [et_pb_line_break_holder] -->    font-weight:700;<!-- [et_pb_line_break_holder] -->    font-size:40px;<!-- [et_pb_line_break_holder] -->  }<!-- [et_pb_line_break_holder] --><\/style>\n<p>[\/et_pb_code][\/et_pb_column][\/et_pb_row][et_pb_row column_structure=&#8221;1_3,1_3,1_3&#8243; _builder_version=&#8221;4.27.4&#8243; _module_preset=&#8221;default&#8221; width=&#8221;90%&#8221; max_width=&#8221;90%&#8221; module_alignment=&#8221;center&#8221; custom_margin=&#8221;0px|0px|5%|0px|false|false&#8221; custom_padding=&#8221;0px|0px|0px|0px|false|false&#8221; global_colors_info=&#8221;{}&#8221;][et_pb_column type=&#8221;1_3&#8243; _builder_version=&#8221;4.27.4&#8243; _module_preset=&#8221;default&#8221; global_colors_info=&#8221;{}&#8221;][et_pb_image src=&#8221;https:\/\/asmaria.org\/wp-content\/uploads\/2025\/03\/Luzeirinhos_01.png&#8221; title_text=&#8221;Luzeirinhos_01&#8243; _builder_version=&#8221;4.27.4&#8243; _module_preset=&#8221;default&#8221; global_colors_info=&#8221;{}&#8221;][\/et_pb_image][\/et_pb_column][et_pb_column type=&#8221;1_3&#8243; _builder_version=&#8221;4.27.4&#8243; _module_preset=&#8221;default&#8221; global_colors_info=&#8221;{}&#8221;][et_pb_image src=&#8221;https:\/\/asmaria.org\/wp-content\/uploads\/2025\/03\/Luzeirinhos_02.png&#8221; title_text=&#8221;Luzeirinhos_02&#8243; _builder_version=&#8221;4.27.4&#8243; _module_preset=&#8221;default&#8221; global_colors_info=&#8221;{}&#8221;][\/et_pb_image][\/et_pb_column][et_pb_column type=&#8221;1_3&#8243; _builder_version=&#8221;4.27.4&#8243; _module_preset=&#8221;default&#8221; global_colors_info=&#8221;{}&#8221;][et_pb_image src=&#8221;https:\/\/asmaria.org\/wp-content\/uploads\/2025\/03\/Luzeirinhos_03.png&#8221; title_text=&#8221;Luzeirinhos_03&#8243; _builder_version=&#8221;4.27.4&#8243; _module_preset=&#8221;default&#8221; global_colors_info=&#8221;{}&#8221;][\/et_pb_image][\/et_pb_column][\/et_pb_row][\/et_pb_section]<\/p>\n","protected":false},"excerpt":{"rendered":"","protected":false},"author":1,"featured_media":3177,"parent":0,"menu_order":0,"comment_status":"closed","ping_status":"closed","template":"","meta":{"_et_pb_use_builder":"on","_et_pb_old_content":"","_et_gb_content_width":"","inline_featured_image":false,"footnotes":""},"class_list":["post-1413","page","type-page","status-publish","has-post-thumbnail","hentry"],"_links":{"self":[{"href":"https:\/\/asmaria.org\/pt\/wp-json\/wp\/v2\/pages\/1413","targetHints":{"allow":["GET"]}}],"collection":[{"href":"https:\/\/asmaria.org\/pt\/wp-json\/wp\/v2\/pages"}],"about":[{"href":"https:\/\/asmaria.org\/pt\/wp-json\/wp\/v2\/types\/page"}],"author":[{"embeddable":true,"href":"https:\/\/asmaria.org\/pt\/wp-json\/wp\/v2\/users\/1"}],"replies":[{"embeddable":true,"href":"https:\/\/asmaria.org\/pt\/wp-json\/wp\/v2\/comments?post=1413"}],"version-history":[{"count":21,"href":"https:\/\/asmaria.org\/pt\/wp-json\/wp\/v2\/pages\/1413\/revisions"}],"predecessor-version":[{"id":4735,"href":"https:\/\/asmaria.org\/pt\/wp-json\/wp\/v2\/pages\/1413\/revisions\/4735"}],"wp:featuredmedia":[{"embeddable":true,"href":"https:\/\/asmaria.org\/pt\/wp-json\/wp\/v2\/media\/3177"}],"wp:attachment":[{"href":"https:\/\/asmaria.org\/pt\/wp-json\/wp\/v2\/media?parent=1413"}],"curies":[{"name":"wp","href":"https:\/\/api.w.org\/{rel}","templated":true}]}}