{"id":1491,"date":"2025-02-03T10:11:46","date_gmt":"2025-02-03T10:11:46","guid":{"rendered":"https:\/\/asmaria.org\/?page_id=1491"},"modified":"2025-06-04T10:09:51","modified_gmt":"2025-06-04T10:09:51","slug":"e-se-eu-fosse-passar-uns-dias-a-um-convento","status":"publish","type":"page","link":"https:\/\/asmaria.org\/pt\/e-se-eu-fosse-passar-uns-dias-a-um-convento\/","title":{"rendered":"E se eu fosse passar uns dias a um convento?"},"content":{"rendered":"<p>[et_pb_section fb_built=&#8221;1&#8243; _builder_version=&#8221;4.27.4&#8243; _module_preset=&#8221;default&#8221; custom_margin=&#8221;0px|0px|0px|0px|false|false&#8221; custom_padding=&#8221;0px|0px|0px|0px|false|false&#8221; global_colors_info=&#8221;{}&#8221;][et_pb_row _builder_version=&#8221;4.27.4&#8243; _module_preset=&#8221;default&#8221; width=&#8221;100%&#8221; max_width=&#8221;100%&#8221; custom_margin=&#8221;0px|0px|0px|0px|false|false&#8221; custom_padding=&#8221;0px|0px|0px|0px|false|false&#8221; global_colors_info=&#8221;{}&#8221;][et_pb_column type=&#8221;4_4&#8243; _builder_version=&#8221;4.27.4&#8243; _module_preset=&#8221;default&#8221; global_colors_info=&#8221;{}&#8221;][et_pb_code raw_content_tablet=&#8221;<\/p>\n<div class=%22grid-contaner-te%22>\n<div class=%22grid-item-img%22><\/div>\n<div class=%22grid-item-tit%22>\n      <p003>\nE SE EU FOSSE PASSAR<span1> UNS DIAS<\/span1><\/br>\n    <p004> A UM CONVENTO?<\/p004><\/p003>\n  <\/div>\n<\/div>\n<style>\n  .grid-contaner-te{\n    display:grid;\n    grid-template-columns:50% 50%;\n    padding:5%;\n    background-color:#475160;\n    margin-top:12%;\n  }\n  .grid-item-img{\n    background-image:url(%22https:\/\/asmaria.org\/wp-content\/uploads\/2025\/02\/1469050273-8485-ana-luisa.jpg%22);\n    background-size:cover;\n    padding:30% 0;\n  }\n   p003{\n    font-family:Montserrat;\n    font-weight:700;\n    font-size:30px;\n    color:#ad945d;\n     line-height:1.2;\n  }\n  p004{\n    font-family:Montserrat;\n    font-weight:700;\n    font-size:40px;\n    color:white;\n    line-height:1.2;\n  }\n  .grid-item-tit{\n    padding-left:5%;\n    display: flex;\n    justify-content: center;\n    align-items: center;\n  }\n<\/style>\n<p>&#8221; raw_content_phone=&#8221;<\/p>\n<div class=%22grid-contaner-te%22>\n<div class=%22grid-item-img%22><\/div>\n<div class=%22grid-item-tit%22>\n      <p003>\nE SE EU FOSSE PASSAR<span1> UNS DIAS<\/span1><\/br>\n    <p004> A UM CONVENTO?<\/p004><\/p003>\n  <\/div>\n<\/div>\n<style>\n  .grid-contaner-te{\n    display:grid;\n    grid-template-columns:100%;\n    padding:5%;\n    background-color:#475160;\n  }\n  .grid-item-img{\n    background-image:url(%22https:\/\/asmaria.org\/wp-content\/uploads\/2025\/02\/1469050273-8485-ana-luisa.jpg%22);\n    background-size:cover;\n    padding:30% 0;\n  }\n   p003{\n    font-family:Montserrat;\n    font-weight:700;\n    font-size:30px;\n    color:#ad945d;\n     line-height:1.2;\n  }\n  p004{\n    font-family:Montserrat;\n    font-weight:700;\n    font-size:40px;\n    color:white;\n    line-height:1.2;\n  }\n  .grid-item-tit{\n    padding:5%;\n    display: flex;\n    justify-content: center;\n    align-items: center;\n  }\n<\/style>\n<p>&#8221; raw_content_last_edited=&#8221;on|phone&#8221; _builder_version=&#8221;4.27.4&#8243; _module_preset=&#8221;default&#8221; hover_enabled=&#8221;0&#8243; global_colors_info=&#8221;{}&#8221; sticky_enabled=&#8221;0&#8243;]<\/p>\n<div class=\"grid-contaner-te\"><!-- [et_pb_line_break_holder] -->  <\/p>\n<div class=\"grid-item-img\"><!-- [et_pb_line_break_holder] -->    <!-- [et_pb_line_break_holder] -->  <\/div>\n<p><!-- [et_pb_line_break_holder] -->  <\/p>\n<div class=\"grid-item-tit\"><!-- [et_pb_line_break_holder] -->      <p003><!-- [et_pb_line_break_holder] -->E SE EU FOSSE PASSAR<span1> UNS DIAS<\/span1><\/br><!-- [et_pb_line_break_holder] -->    <p004> A UM CONVENTO?<\/p004><\/p003><!-- [et_pb_line_break_holder] -->  <\/div>\n<p><!-- [et_pb_line_break_holder] --><\/div>\n<p><!-- [et_pb_line_break_holder] --><!-- [et_pb_line_break_holder] --><\/p>\n<style><!-- [et_pb_line_break_holder] -->  .grid-contaner-te{<!-- [et_pb_line_break_holder] -->    display:grid;<!-- [et_pb_line_break_holder] -->    grid-template-columns:50% 50%;<!-- [et_pb_line_break_holder] -->    padding:10% 5% 5% 5%;<!-- [et_pb_line_break_holder] -->    background-color:#475160;<!-- [et_pb_line_break_holder] -->  }<!-- [et_pb_line_break_holder] -->  .grid-item-img{<!-- [et_pb_line_break_holder] -->    background-image:url(\"https:\/\/asmaria.org\/wp-content\/uploads\/2025\/02\/1469050273-8485-ana-luisa.jpg\");<!-- [et_pb_line_break_holder] -->    background-size:cover;<!-- [et_pb_line_break_holder] -->    padding:30% 0;<!-- [et_pb_line_break_holder] -->  }<!-- [et_pb_line_break_holder] -->   p003{<!-- [et_pb_line_break_holder] -->    font-family:Montserrat;<!-- [et_pb_line_break_holder] -->    font-weight:700;<!-- [et_pb_line_break_holder] -->    font-size:40px;<!-- [et_pb_line_break_holder] -->    color:#ad945d;<!-- [et_pb_line_break_holder] -->     line-height:1.2;<!-- [et_pb_line_break_holder] -->  }<!-- [et_pb_line_break_holder] -->  p004{<!-- [et_pb_line_break_holder] -->    font-family:Montserrat;<!-- [et_pb_line_break_holder] -->    font-weight:700;<!-- [et_pb_line_break_holder] -->    font-size:60px;<!-- [et_pb_line_break_holder] -->    color:white;<!-- [et_pb_line_break_holder] -->    line-height:1.2;<!-- [et_pb_line_break_holder] -->  }<!-- [et_pb_line_break_holder] -->  .grid-item-tit{<!-- [et_pb_line_break_holder] -->    padding-left:5%;<!-- [et_pb_line_break_holder] -->    display: flex;<!-- [et_pb_line_break_holder] -->    justify-content: center;<!-- [et_pb_line_break_holder] -->    align-items: center;<!-- [et_pb_line_break_holder] -->  }<!-- [et_pb_line_break_holder] --><\/style>\n<p>[\/et_pb_code][\/et_pb_column][\/et_pb_row][\/et_pb_section][et_pb_section fb_built=&#8221;1&#8243; _builder_version=&#8221;4.27.2&#8243; _module_preset=&#8221;default&#8221; custom_margin=&#8221;0px|0px|0px|0px|false|false&#8221; custom_padding=&#8221;0px|0px|0px|0px|false|false&#8221; global_colors_info=&#8221;{}&#8221;][et_pb_row _builder_version=&#8221;4.27.2&#8243; _module_preset=&#8221;default&#8221; width=&#8221;100%&#8221; max_width=&#8221;100%&#8221; custom_margin=&#8221;0px|0px|0px|0px|false|false&#8221; custom_padding=&#8221;0px|0px|0px|0px|false|false&#8221; global_colors_info=&#8221;{}&#8221;][et_pb_column type=&#8221;4_4&#8243; _builder_version=&#8221;4.27.2&#8243; _module_preset=&#8221;default&#8221; global_colors_info=&#8221;{}&#8221;][et_pb_code raw_content_tablet=&#8221;<\/p>\n<div class=%22end%22>\n<center><p10> Deus afinal est\u00e1 ainda mais perto e talvez queira algo mais de mim.<\/p10><\/br><\/br>\n<p05><i>Sou Aliada de Santa Maria desde 2008, mas a hist\u00f3ria da minha voca\u00e7\u00e3o come\u00e7a muito antes.<\/i><\/p05><\/center>\n<\/div>\n<p><\/br><\/br><\/p>\n<div class=%22text-irmas%22>\n  <p05><strong>Vivemos dias de j\u00fabilo. Dentro de poucos dias, a Ir. Ana Lu\u00edsa Castro professar\u00e1 os seus Votos Perp\u00e9tuos, na cidade onde nasceu, Guimar\u00e3es.<br \/>\nPor detr\u00e1s do \u201cSim\u201d que professar\u00e1 no pr\u00f3ximo dia 8 de dezembro, diante da sua comunidade, amigos, fam\u00edlia, a Ir. Ana Lu\u00edsa guarda uma hist\u00f3ria com o \u201cquerer de Deus\u201d. Vale a pena ler, dando gra\u00e7as pelo dom da sua vida e entrega!<\/strong><\/br><br \/>\nEm crian\u00e7a tinha uma no\u00e7\u00e3o b\u00e1sica de quem era Deus; a minha m\u00e3e levava-me sempre \u00e0 missa ao Domingo e preocupava-se em transmitir-me que Deus sempre nos acompanhava e tantas vezes essa Presen\u00e7a se fazia sentir das mais diversas maneiras! Fui crescendo com esta f\u00e9 que, embora sem grande aprofundamento, ia sendo preenchida de pequenos momentos chave; um deles foi um pequeno livro sobre a Beata Jacinta que a minha av\u00f3 me trouxe de F\u00e1tima, a partir dali comecei a rezar o ter\u00e7o todos os dias, por minha conta e risco.<\/br><br \/>\n\u201c\u2026a partir dali comecei a rezar o ter\u00e7o todos os dias, por minha conta e risco.%22<br \/>\n<\/br><br \/>\nEntretanto a escola corria bem e o sonho de me tornar m\u00e9dica foi ganhando corpo at\u00e9 que no 12\u00ba ano surgiu-me uma ideia estranha: \u201ce se eu fosse passar uns dias a um convento?\u201d. Estive, ent\u00e3o, uma semana num convento de Irm\u00e3s Carmelitas Descal\u00e7as, onde a contempla\u00e7\u00e3o, o sil\u00eancio e a atmosfera orante e alegre daquele belo lugar marcou a minha vida. Sa\u00ed de l\u00e1 com uma outra vis\u00e3o de Deus: Deus afinal est\u00e1 ainda mais perto e talvez queira algo mais de mim.<br \/>\n<\/br><br \/>\n\u201ce se eu fosse passar uns dias a um convento?%22<br \/>\n<\/br><br \/>\n<strong>Aquela inquieta\u00e7\u00e3o ficou ali nos bastidores da minha mente<\/strong> enquanto a minha vida se desenrolava de forma maravilhosa: entrei na Faculdade de Medicina do Porto! Mudar-me de Guimar\u00e3es para o ambiente universit\u00e1rio do Porto significou uma nova independ\u00eancia que me deixava viver ao meu jeito. No entanto, se esta nova fase tinha tudo para ser ideal, n\u00e3o me preenchia e aquela experi\u00eancia de Deus no Carmelo vinha recorrentemente ao de cima.<br \/>\n<\/br><br \/>\nTudo isso agravou-se num campo de f\u00e9rias onde fiz uma amizade inesperada com uma jovem muito diferente de mim que, alguns meses mais tarde viria entrar numa Congrega\u00e7\u00e3o Religiosa. Comecei a ir visit\u00e1-la a F\u00e1tima e, naquela casa da Alian\u00e7a de Santa Maria, descobri um lugar de muita intimidade com Deus e com Nossa Senhora e de uma alegria fraterna verdadeiramente tocante. A partir da\u00ed tudo se foi tornando mais claro. Completei o curso j\u00e1 com a decis\u00e3o tomada de entrar na Congrega\u00e7\u00e3o. Nesses \u00faltimos anos passados no Porto, em que tantas outras propostas foram surgindo, foi essencial o acompanhamento espiritual regular e a vida de ora\u00e7\u00e3o, para ir fazendo um bom discernimento numa grande liberdade interior.<br \/>\n<\/br><br \/>\n\u201c\u2026tudo se foi tornando mais claro%22<\/br><br \/>\nPara os meus pais foi doloroso pois, acresce \u00e0 surpresa da decis\u00e3o o facto de eu ser filha \u00fanica, mas para mim, o dia da minha entrada em 2008, foi o in\u00edcio de uma vida que quer ser de entrega, pelas m\u00e3os de Nossa Senhora a quem aprendi a chamar M\u00e3e. Na Alian\u00e7a de Santa Maria descobri o lugar que Deus prepara em cada dia para mim, para com Ele e em comunidade lev\u00e1-lo a toda a gente particularmente atrav\u00e9s da Mensagem de F\u00e1tima.<\/p05><\/br><\/br><\/p>\n<hr>\n<p><\/br><\/p>\n<div class=%22creditos%22>\n  <i>Jornal Presente<\/i> | Leiria-F\u00e1tima<br \/>\n<\/br><br \/>\n24 de outubro de 2015\n<\/div>\n<\/div>\n<style>\n<p>  .text-irmas{\n    padding:0 15% 0% 15%;\n    text-align: left;\n  text-justify: inter-word;\n  }\n  p05{\n    font-family:Montserrat;\n    font-size:18px;\n    color:Black;\n  }<\/p>\n<p>  .end{\n    padding:5% 15% 5% 15%;\n    background-color:rgba(172, 147, 93, 0.5);\n  }\n  p09{\n    font-family:Montserrat;\n    font-weight:500;\n    font-size:18px;\n    color:Black;\n    font-style:italic;\n  }\n  p10{\n    font-family:Montserrat;\n    font-weight:400;\n    font-size:30px;\n    color:#ad945d;\n    line-height:1.2;\n  }<\/p>\n<p>  .creditos{\n    text-align:right;\n    font-family:Montserrat;\n    font-weight:500;\n    font-size:18px;\n    color:black;\n    padding-bottom:5%;\n  }<\/p>\n<p>  hr{\n    margin:0 30%\n  }\n<\/style>\n<p>&#8221; raw_content_phone=&#8221;<\/p>\n<div class=%22end%22>\n<center><p10> Deus afinal est\u00e1 ainda mais perto e talvez queira algo mais de mim.<\/p10><\/br><\/br><br \/>\n<i><p05>Sou Aliada de Santa Maria desde 2008, mas a hist\u00f3ria da minha voca\u00e7\u00e3o come\u00e7a muito antes.<\/p05><\/i><\/center>\n<\/div>\n<p><\/br><\/br><\/p>\n<div class=%22text-irmas%22>\n  <p05><strong>Vivemos dias de j\u00fabilo. Dentro de poucos dias, a Ir. Ana Lu\u00edsa Castro professar\u00e1 os seus Votos Perp\u00e9tuos, na cidade onde nasceu, Guimar\u00e3es.<br \/>\nPor detr\u00e1s do \u201cSim\u201d que professar\u00e1 no pr\u00f3ximo dia 8 de dezembro, diante da sua comunidade, amigos, fam\u00edlia, a Ir. Ana Lu\u00edsa guarda uma hist\u00f3ria com o \u201cquerer de Deus\u201d. Vale a pena ler, dando gra\u00e7as pelo dom da sua vida e entrega!  <\/strong><\/br><\/br><br \/>\nEm crian\u00e7a tinha uma no\u00e7\u00e3o b\u00e1sica de quem era Deus; a minha m\u00e3e levava-me sempre \u00e0 missa ao Domingo e preocupava-se em transmitir-me que Deus sempre nos acompanhava e tantas vezes essa Presen\u00e7a se fazia sentir das mais diversas maneiras! Fui crescendo com esta f\u00e9 que, embora sem grande aprofundamento, ia sendo preenchida de pequenos momentos chave; um deles foi um pequeno livro sobre a Beata Jacinta que a minha av\u00f3 me trouxe de F\u00e1tima, a partir dali comecei a rezar o ter\u00e7o todos os dias, por minha conta e risco.<\/br><\/br><br \/>\n\u201c\u2026a partir dali comecei a rezar o ter\u00e7o todos os dias, por minha conta e risco.%22<\/br><\/br><br \/>\n  Entretanto a escola corria bem e o sonho de me tornar m\u00e9dica foi ganhando corpo at\u00e9 que no 12\u00ba ano surgiu-me uma ideia estranha: \u201ce se eu fosse passar uns dias a um convento?\u201d. Estive, ent\u00e3o, uma semana num convento de Irm\u00e3s Carmelitas Descal\u00e7as, onde a contempla\u00e7\u00e3o, o sil\u00eancio e a atmosfera orante e alegre daquele belo lugar marcou a minha vida. Sa\u00ed de l\u00e1 com uma outra vis\u00e3o de Deus: Deus afinal est\u00e1 ainda mais perto e talvez queira algo mais de mim.<\/br><\/br><br \/>\n\u201ce se eu fosse passar uns dias a um convento?%22<\/br><\/br><br \/>\n<strong>Aquela inquieta\u00e7\u00e3o ficou ali nos bastidores da minha mente<\/strong> enquanto a minha vida se desenrolava de forma maravilhosa: entrei na Faculdade de Medicina do Porto! Mudar-me de Guimar\u00e3es para o ambiente universit\u00e1rio do Porto significou uma nova independ\u00eancia que me deixava viver ao meu jeito. No entanto, se esta nova fase tinha tudo para ser ideal, n\u00e3o me preenchia e aquela experi\u00eancia de Deus no Carmelo vinha recorrentemente ao de cima.<\/br><\/br><br \/>\nTudo isso agravou-se num campo de f\u00e9rias onde fiz uma amizade inesperada com uma jovem muito diferente de mim que, alguns meses mais tarde viria entrar numa Congrega\u00e7\u00e3o Religiosa. Comecei a ir visit\u00e1-la a F\u00e1tima e, naquela casa da Alian\u00e7a de Santa Maria, descobri um lugar de muita intimidade com Deus e com Nossa Senhora e de uma alegria fraterna verdadeiramente tocante. A partir da\u00ed tudo se foi tornando mais claro. Completei o curso j\u00e1 com a decis\u00e3o tomada de entrar na Congrega\u00e7\u00e3o. Nesses \u00faltimos anos passados no Porto, em que tantas outras propostas foram surgindo, foi essencial o acompanhamento espiritual regular e a vida de ora\u00e7\u00e3o, para ir fazendo um bom discernimento numa grande liberdade interior. <\/br><\/br><br \/>\n\u201c\u2026tudo se foi tornando mais claro%22<\/br><\/br><br \/>\nPara os meus pais foi doloroso pois, acresce \u00e0 surpresa da decis\u00e3o o facto de eu ser filha \u00fanica, mas para mim, o dia da minha entrada em 2008, foi o in\u00edcio de uma vida que quer ser de entrega, pelas m\u00e3os de Nossa Senhora a quem aprendi a chamar M\u00e3e. Na Alian\u00e7a de Santa Maria descobri o lugar que Deus prepara em cada dia para mim, para com Ele e em comunidade lev\u00e1-lo a toda a gente particularmente atrav\u00e9s da Mensagem de F\u00e1tima.<\/p05><\/br><\/br><\/p>\n<hr>\n<p><\/br><\/p>\n<div class=%22creditos%22>\n  <i>Jornal Presente<\/i> | Leiria-F\u00e1tima<br \/>\n24 de outubro de 2015\n<\/div>\n<\/div>\n<style>\n<p>  .text-irmas{\n    padding:0 5%;\n    text-align: left;\n  text-justify: inter-word;\n  }\n  p05{\n    font-family:Montserrat;\n    font-size:15px;\n    color:Black;\n  }<\/p>\n<p>  .end{\n    padding:5% 15% 5% 15%;\n    background-color:rgba(172, 147, 93, 0.5);\n  }<\/p>\n<p>  p10{\n    font-family:Montserrat;\n    font-weight:400;\n    font-size:20px;\n    color:#ad945d;\n    line-height:1.2;\n  }<\/p>\n<p>  .creditos{\n    text-align:right;\n    font-family:Montserrat;\n    font-weight:500;\n    font-size:15px;\n    color:black;\n    padding-bottom:5%;\n  }<\/p>\n<p>  hr{\n    margin:0 30%\n  }\n<\/style>\n<p>&#8221; raw_content_last_edited=&#8221;on|phone&#8221; _builder_version=&#8221;4.27.4&#8243; _module_preset=&#8221;default&#8221; global_colors_info=&#8221;{}&#8221;]<\/p>\n<div class=\"end\"><!-- [et_pb_line_break_holder] --><center><p10> Deus afinal est\u00e1 ainda mais perto e talvez queira algo mais de mim.<\/p10><\/br><\/br><!-- [et_pb_line_break_holder] --><i><p05>Sou Aliada de Santa Maria desde 2008, mas a hist\u00f3ria da minha voca\u00e7\u00e3o come\u00e7a muito antes.<\/p05><\/i><\/center><!-- [et_pb_line_break_holder] --><\/div>\n<p><\/br><\/br><!-- [et_pb_line_break_holder] --><!-- [et_pb_line_break_holder] --><\/p>\n<div class=\"text-irmas\"><!-- [et_pb_line_break_holder] -->  <p05><i>Vivemos dias de j\u00fabilo. Dentro de poucos dias, a Ir. Ana Lu\u00edsa Castro professar\u00e1 os seus Votos Perp\u00e9tuos, na cidade onde nasceu, Guimar\u00e3es.<!-- [et_pb_line_break_holder] -->Por detr\u00e1s do \u201cSim\u201d que professar\u00e1 no pr\u00f3ximo dia 8 de dezembro, diante da sua comunidade, amigos, fam\u00edlia, a Ir. Ana Lu\u00edsa guarda uma hist\u00f3ria com o \u201cquerer de Deus\u201d. Vale a pena ler, dando gra\u00e7as pelo dom da sua vida e entrega!<!-- [et_pb_line_break_holder] -->  <\/i><\/br><\/br><!-- [et_pb_line_break_holder] -->Em crian\u00e7a tinha uma no\u00e7\u00e3o b\u00e1sica de quem era Deus; a minha m\u00e3e levava-me sempre \u00e0 missa ao Domingo e preocupava-se em transmitir-me que Deus sempre nos acompanhava e tantas vezes essa Presen\u00e7a se fazia sentir das mais diversas maneiras! Fui crescendo com esta f\u00e9 que, embora sem grande aprofundamento, ia sendo preenchida de pequenos momentos chave; um deles foi um pequeno livro sobre a Beata Jacinta que a minha av\u00f3 me trouxe de F\u00e1tima, a partir dali comecei a rezar o ter\u00e7o todos os dias, por minha conta e risco.<\/br><\/br><!-- [et_pb_line_break_holder] --><!-- [et_pb_line_break_holder] -->\u201c\u2026a partir dali comecei a rezar o ter\u00e7o todos os dias, por minha conta e risco.&#8221;<!-- [et_pb_line_break_holder] --><!-- [et_pb_line_break_holder] --><\/br><\/br><!-- [et_pb_line_break_holder] -->Entretanto a escola corria bem e o sonho de me tornar m\u00e9dica foi ganhando corpo at\u00e9 que no 12\u00ba ano surgiu-me uma ideia estranha: \u201ce se eu fosse passar uns dias a um convento?\u201d. Estive, ent\u00e3o, uma semana num convento de Irm\u00e3s Carmelitas Descal\u00e7as, onde a contempla\u00e7\u00e3o, o sil\u00eancio e a atmosfera orante e alegre daquele belo lugar marcou a minha vida. Sa\u00ed de l\u00e1 com uma outra vis\u00e3o de Deus: Deus afinal est\u00e1 ainda mais perto e talvez queira algo mais de mim.<!-- [et_pb_line_break_holder] --><\/br><\/br><!-- [et_pb_line_break_holder] --><!-- [et_pb_line_break_holder] -->\u201ce se eu fosse passar uns dias a um convento?&#8221;<!-- [et_pb_line_break_holder] --><\/br><\/br><!-- [et_pb_line_break_holder] --><strong>Aquela inquieta\u00e7\u00e3o ficou ali nos bastidores da minha mente<\/strong> enquanto a minha vida se desenrolava de forma maravilhosa: entrei na Faculdade de Medicina do Porto! Mudar-me de Guimar\u00e3es para o ambiente universit\u00e1rio do Porto significou uma nova independ\u00eancia que me deixava viver ao meu jeito. No entanto, se esta nova fase tinha tudo para ser ideal, n\u00e3o me preenchia e aquela experi\u00eancia de Deus no Carmelo vinha recorrentemente ao de cima.<!-- [et_pb_line_break_holder] --><\/br><\/br><!-- [et_pb_line_break_holder] -->Tudo isso agravou-se num campo de f\u00e9rias onde fiz uma amizade inesperada com uma jovem muito diferente de mim que, alguns meses mais tarde viria entrar numa Congrega\u00e7\u00e3o Religiosa. Comecei a ir visit\u00e1-la a F\u00e1tima e, naquela casa da Alian\u00e7a de Santa Maria, descobri um lugar de muita intimidade com Deus e com Nossa Senhora e de uma alegria fraterna verdadeiramente tocante. A partir da\u00ed tudo se foi tornando mais claro. Completei o curso j\u00e1 com a decis\u00e3o tomada de entrar na Congrega\u00e7\u00e3o. Nesses \u00faltimos anos passados no Porto, em que tantas outras propostas foram surgindo, foi essencial o acompanhamento espiritual regular e a vida de ora\u00e7\u00e3o, para ir fazendo um bom discernimento numa grande liberdade interior.<!-- [et_pb_line_break_holder] --><\/br><\/br><!-- [et_pb_line_break_holder] -->\u201c\u2026tudo se foi tornando mais claro&#8221;<\/br><\/br><!-- [et_pb_line_break_holder] --><!-- [et_pb_line_break_holder] -->Para os meus pais foi doloroso pois, acresce \u00e0 surpresa da decis\u00e3o o facto de eu ser filha \u00fanica, mas para mim, o dia da minha entrada em 2008, foi o in\u00edcio de uma vida que quer ser de entrega, pelas m\u00e3os de Nossa Senhora a quem aprendi a chamar M\u00e3e. Na Alian\u00e7a de Santa Maria descobri o lugar que Deus prepara em cada dia para mim, para com Ele e em comunidade lev\u00e1-lo a toda a gente particularmente atrav\u00e9s da Mensagem de F\u00e1tima.<\/p05><\/br><\/br><!-- [et_pb_line_break_holder] --><\/p>\n<hr>\n<p><\/br><\/br><!-- [et_pb_line_break_holder] --><!-- [et_pb_line_break_holder] --><\/p>\n<div class=\"creditos\"><!-- [et_pb_line_break_holder] -->  <i>Jornal Presente<\/i><!-- [et_pb_line_break_holder] -->  | Leiria-F\u00e1tima<!-- [et_pb_line_break_holder] --><\/br><!-- [et_pb_line_break_holder] -->24 de outubro de 2015<!-- [et_pb_line_break_holder] --><\/div>\n<p><!-- [et_pb_line_break_holder] --><\/div>\n<p><!-- [et_pb_line_break_holder] --><!-- [et_pb_line_break_holder] --><!-- [et_pb_line_break_holder] --><\/p>\n<style><!-- [et_pb_line_break_holder] --><!-- [et_pb_line_break_holder] -->  .text-irmas{<!-- [et_pb_line_break_holder] -->    padding:0 15% 0% 15%;<!-- [et_pb_line_break_holder] -->    text-align: left;<!-- [et_pb_line_break_holder] -->  text-justify: inter-word;<!-- [et_pb_line_break_holder] -->  }<!-- [et_pb_line_break_holder] -->  p05{<!-- [et_pb_line_break_holder] -->    font-family:Montserrat;<!-- [et_pb_line_break_holder] -->    font-size:18px;<!-- [et_pb_line_break_holder] -->    color:Black;<!-- [et_pb_line_break_holder] -->  }<!-- [et_pb_line_break_holder] --> <!-- [et_pb_line_break_holder] -->  .end{<!-- [et_pb_line_break_holder] -->    padding:5% 15% 5% 15%;<!-- [et_pb_line_break_holder] -->    background-color:rgba(172, 147, 93, 0.5);<!-- [et_pb_line_break_holder] -->  }<!-- [et_pb_line_break_holder] --><!-- [et_pb_line_break_holder] -->  p10{<!-- [et_pb_line_break_holder] -->    font-family:Montserrat;<!-- [et_pb_line_break_holder] -->    font-weight:400;<!-- [et_pb_line_break_holder] -->    font-size:40px;<!-- [et_pb_line_break_holder] -->    color:#ad945d;<!-- [et_pb_line_break_holder] -->    line-height:1.2;<!-- [et_pb_line_break_holder] -->  }<!-- [et_pb_line_break_holder] --><!-- [et_pb_line_break_holder] -->  .creditos{<!-- [et_pb_line_break_holder] -->    text-align:right;<!-- [et_pb_line_break_holder] -->    font-family:Montserrat;<!-- [et_pb_line_break_holder] -->    font-weight:500;<!-- [et_pb_line_break_holder] -->    font-size:18px;<!-- [et_pb_line_break_holder] -->    color:black;<!-- [et_pb_line_break_holder] -->    padding-bottom:5%;<!-- [et_pb_line_break_holder] -->  }<!-- [et_pb_line_break_holder] --><!-- [et_pb_line_break_holder] -->  hr{<!-- [et_pb_line_break_holder] -->    margin:0 30%<!-- [et_pb_line_break_holder] -->  }<!-- [et_pb_line_break_holder] --><\/style>\n<p>[\/et_pb_code][\/et_pb_column][\/et_pb_row][\/et_pb_section]<\/p>\n","protected":false},"excerpt":{"rendered":"","protected":false},"author":1,"featured_media":1489,"parent":0,"menu_order":0,"comment_status":"closed","ping_status":"closed","template":"","meta":{"_et_pb_use_builder":"on","_et_pb_old_content":"","_et_gb_content_width":"","inline_featured_image":false,"footnotes":""},"class_list":["post-1491","page","type-page","status-publish","has-post-thumbnail","hentry"],"_links":{"self":[{"href":"https:\/\/asmaria.org\/pt\/wp-json\/wp\/v2\/pages\/1491","targetHints":{"allow":["GET"]}}],"collection":[{"href":"https:\/\/asmaria.org\/pt\/wp-json\/wp\/v2\/pages"}],"about":[{"href":"https:\/\/asmaria.org\/pt\/wp-json\/wp\/v2\/types\/page"}],"author":[{"embeddable":true,"href":"https:\/\/asmaria.org\/pt\/wp-json\/wp\/v2\/users\/1"}],"replies":[{"embeddable":true,"href":"https:\/\/asmaria.org\/pt\/wp-json\/wp\/v2\/comments?post=1491"}],"version-history":[{"count":36,"href":"https:\/\/asmaria.org\/pt\/wp-json\/wp\/v2\/pages\/1491\/revisions"}],"predecessor-version":[{"id":4720,"href":"https:\/\/asmaria.org\/pt\/wp-json\/wp\/v2\/pages\/1491\/revisions\/4720"}],"wp:featuredmedia":[{"embeddable":true,"href":"https:\/\/asmaria.org\/pt\/wp-json\/wp\/v2\/media\/1489"}],"wp:attachment":[{"href":"https:\/\/asmaria.org\/pt\/wp-json\/wp\/v2\/media?parent=1491"}],"curies":[{"name":"wp","href":"https:\/\/api.w.org\/{rel}","templated":true}]}}