{"id":1562,"date":"2025-02-04T12:32:56","date_gmt":"2025-02-04T12:32:56","guid":{"rendered":"https:\/\/asmaria.org\/?page_id=1562"},"modified":"2025-06-04T10:24:56","modified_gmt":"2025-06-04T10:24:56","slug":"confrontada-comigo-mesma","status":"publish","type":"page","link":"https:\/\/asmaria.org\/pt\/confrontada-comigo-mesma\/","title":{"rendered":"Confrontada Comigo Mesma"},"content":{"rendered":"<p>[et_pb_section fb_built=&#8221;1&#8243; _builder_version=&#8221;4.27.4&#8243; _module_preset=&#8221;default&#8221; custom_margin=&#8221;0px|0px|0px|0px|false|false&#8221; custom_padding=&#8221;0px|0px|0px|0px|false|false&#8221; locked=&#8221;off&#8221; global_colors_info=&#8221;{}&#8221;][et_pb_row _builder_version=&#8221;4.27.2&#8243; _module_preset=&#8221;default&#8221; width=&#8221;100%&#8221; max_width=&#8221;100%&#8221; custom_margin=&#8221;0px|0px|0px|0px|false|false&#8221; custom_padding=&#8221;0px|0px|0px|0px|false|false&#8221; global_colors_info=&#8221;{}&#8221;][et_pb_column type=&#8221;4_4&#8243; _builder_version=&#8221;4.27.2&#8243; _module_preset=&#8221;default&#8221; global_colors_info=&#8221;{}&#8221;][et_pb_code raw_content_tablet=&#8221;<\/p>\n<div class=%22grid-contaner-te%22>\n<div class=%22grid-item-img%22><\/div>\n<div class=%22grid-item-tit%22>\n      <p003>\nCONFRONTADA <\/br>\n    <p004> COMIGO MESMA<\/p004><\/p003>\n  <\/div>\n<\/div>\n<style>\n  .grid-contaner-te{\n    display:grid;\n    grid-template-columns:50% 50%;\n    padding:5%;\n    background-color:#475160;\n    margin-top:12%;\n  }\n  .grid-item-img{\n    background-image:url(%22https:\/\/asmaria.org\/wp-content\/uploads\/2025\/02\/1630487209-8335-andreia.jpg%22);\n    background-size:cover;\n    padding:30% 0;\n    background-position-y:40%\n  }\n   p003{\n    font-family:Montserrat;\n    font-weight:700;\n    font-size:30px;\n    color:#ad945d;\n     line-height:1.2;\n  }\n  p004{\n    font-family:Montserrat;\n    font-weight:700;\n    font-size:40px;\n    color:white;\n    line-height:1.2;\n  }\n  .grid-item-tit{\n    padding-left:5%;\n    display: flex;\n    justify-content: center;\n    align-items: center;\n  }\n<\/style>\n<p>&#8221; raw_content_phone=&#8221;<\/p>\n<div class=%22grid-contaner-te%22>\n<div class=%22grid-item-img%22><\/div>\n<div class=%22grid-item-tit%22>\n      <p003>\nCONFRONTADA <\/br>\n    <p004> COMIGO MESMA<\/p004><\/p003>\n  <\/div>\n<\/div>\n<style>\n  .grid-contaner-te{\n    display:grid;\n    grid-template-columns:100%;\n    padding:5%;\n    background-color:#475160;\n  }\n  .grid-item-img{\n    background-image:url(%22https:\/\/asmaria.org\/wp-content\/uploads\/2025\/02\/1630487209-8335-andreia.jpg%22);\n    background-size:cover;\n    padding:30% 0;\n    background-position-y:40%\n  }\n   p003{\n    font-family:Montserrat;\n    font-weight:700;\n    font-size:30px;\n    color:#ad945d;\n     line-height:1.2;\n  }\n  p004{\n    font-family:Montserrat;\n    font-weight:700;\n    font-size:35px;\n    color:white;\n    line-height:1.2;\n  }\n  .grid-item-tit{\n    padding:5%;\n    display: flex;\n    justify-content: center;\n    align-items: center;\n  }\n<\/style>\n<p>&#8221; raw_content_last_edited=&#8221;on|phone&#8221; _builder_version=&#8221;4.27.4&#8243; _module_preset=&#8221;default&#8221; global_colors_info=&#8221;{}&#8221;]<!-- [et_pb_line_break_holder] --><\/p>\n<div class=\"grid-contaner-te\"><!-- [et_pb_line_break_holder] -->  <\/p>\n<div class=\"grid-item-img\"><!-- [et_pb_line_break_holder] -->    <!-- [et_pb_line_break_holder] -->  <\/div>\n<p><!-- [et_pb_line_break_holder] -->  <\/p>\n<div class=\"grid-item-tit\"><!-- [et_pb_line_break_holder] -->      <p003><!-- [et_pb_line_break_holder] -->CONFRONTADA <\/br><!-- [et_pb_line_break_holder] -->    <p004> COMIGO MESMA<\/p004><\/p003><!-- [et_pb_line_break_holder] -->  <\/div>\n<p><!-- [et_pb_line_break_holder] --><\/div>\n<p><!-- [et_pb_line_break_holder] --><!-- [et_pb_line_break_holder] --><\/p>\n<style><!-- [et_pb_line_break_holder] -->  .grid-contaner-te{<!-- [et_pb_line_break_holder] -->    display:grid;<!-- [et_pb_line_break_holder] -->    grid-template-columns:50% 50%;<!-- [et_pb_line_break_holder] -->    padding:10% 5% 5% 5%;<!-- [et_pb_line_break_holder] -->    background-color:#475160;<!-- [et_pb_line_break_holder] -->  }<!-- [et_pb_line_break_holder] -->  .grid-item-img{<!-- [et_pb_line_break_holder] -->    background-image:url(\"https:\/\/asmaria.org\/wp-content\/uploads\/2025\/02\/1630487209-8335-andreia.jpg\");<!-- [et_pb_line_break_holder] -->    background-size:cover;<!-- [et_pb_line_break_holder] -->    padding:30% 0;<!-- [et_pb_line_break_holder] -->    background-position-y:40%<!-- [et_pb_line_break_holder] -->  }<!-- [et_pb_line_break_holder] -->   p003{<!-- [et_pb_line_break_holder] -->    font-family:Montserrat;<!-- [et_pb_line_break_holder] -->    font-weight:700;<!-- [et_pb_line_break_holder] -->    font-size:40px;<!-- [et_pb_line_break_holder] -->    color:#ad945d;<!-- [et_pb_line_break_holder] -->     line-height:1.2;<!-- [et_pb_line_break_holder] -->  }<!-- [et_pb_line_break_holder] -->  p004{<!-- [et_pb_line_break_holder] -->    font-family:Montserrat;<!-- [et_pb_line_break_holder] -->    font-weight:700;<!-- [et_pb_line_break_holder] -->    font-size:60px;<!-- [et_pb_line_break_holder] -->    color:white;<!-- [et_pb_line_break_holder] -->    line-height:1.2;<!-- [et_pb_line_break_holder] -->  }<!-- [et_pb_line_break_holder] -->  .grid-item-tit{<!-- [et_pb_line_break_holder] -->    padding-left:5%;<!-- [et_pb_line_break_holder] -->    display: flex;<!-- [et_pb_line_break_holder] -->    justify-content: center;<!-- [et_pb_line_break_holder] -->    align-items: center;<!-- [et_pb_line_break_holder] -->  }<!-- [et_pb_line_break_holder] --><\/style>\n<p><!-- [et_pb_line_break_holder] -->[\/et_pb_code][\/et_pb_column][\/et_pb_row][\/et_pb_section][et_pb_section fb_built=&#8221;1&#8243; admin_label=&#8221;Section&#8221; _builder_version=&#8221;4.27.4&#8243; _module_preset=&#8221;default&#8221; custom_margin=&#8221;0px|0px|0px|0px|false|false&#8221; custom_padding=&#8221;0px|0px|0px|0px|false|false&#8221; global_colors_info=&#8221;{}&#8221;][et_pb_row _builder_version=&#8221;4.27.4&#8243; _module_preset=&#8221;default&#8221; width=&#8221;100%&#8221; max_width=&#8221;100%&#8221; custom_margin=&#8221;0px|0px|0px|0px|false|false&#8221; custom_padding=&#8221;0px|0px|0px|0px|false|false&#8221; global_colors_info=&#8221;{}&#8221;][et_pb_column type=&#8221;4_4&#8243; _builder_version=&#8221;4.27.4&#8243; _module_preset=&#8221;default&#8221; global_colors_info=&#8221;{}&#8221;][et_pb_code raw_content_tablet=&#8221;<\/p>\n<div class=%22end%22>\n<center><p05><i>Ao aproximar-se o dia dos votos perp\u00e9tuos da Ir. Andreia, j\u00e1 no pr\u00f3ximo domingo, fomos perguntar-lhe:<\/br><br \/>\n\u2013 Andreia, o que sentes ao aproximar-se o dia dos votos perp\u00e9tuos?<\/br><br \/>\n\u2013 Se tivesses de explicar a uma crian\u00e7a de 10 o que s\u00e3o os votos perp\u00e9tuos, o que lhe dirias?<\/i><\/p05><\/center>\n<\/div>\n<div class=%22text-irmas%22>\n  <p05>Sou natural de Lisboa e aos 19 anos, decidi dizer \u201cSim\u201d ao chamamento especial de Deus a segui-lo com radicalidade, em 2015 fiz os primeiros votos, assumindo publicamente o meu compromisso com o Senhor na Alian\u00e7a de Santa Maria, passei pela comunidade de Guimar\u00e3es, e atualmente preparo-me para professar perpetuamente.<\/br><br \/>\nContrariamente ao que se possa pensar ser religiosa nunca esteve no meu horizonte como um ideal a seguir, a minha fam\u00edlia pertencia \u00e0 classe \u201cdo crist\u00e3o n\u00e3o praticante\u201d, contudo depois do Crisma atra\u00edda pela popularidade e o bem-estar de ter muitos amigos comecei a pertencer ao grupo de jovens e a procurar toda a esp\u00e9cie de encontros crist\u00e3os.<\/br><br \/>\nTimidamente ia crescendo em mim um desejo interior de crescer na f\u00e9. Mas simultaneamente, vivia na banalidade que a nossa cultura me oferecia: o gosto pelas festas, pela \u201caparente liberdade\u201d que as sa\u00eddas com amigos davam, a moda, a dan\u00e7a, a possibilidade de namorar, entre outras coisas.  Andava \u00e0 procura de algo que desse sentido \u00e0 minha vida mas n\u00e3o encontrava, ent\u00e3o enchia o meu tempo com encontros e sa\u00eddas.<\/br><br \/>\nDepois uma forte experi\u00eancia de Deus em Taiz\u00e9, reacendeu em mim o desejo de ser uma aut\u00eantica crist\u00e3, sem duplicidade. Desde este momento, decidi preocupar-me em ser mais do que \u201cter coisas\u201d ou \u201cfazer coisas\u201d.<\/br><br \/>\n\u201cAndava \u00e0 procura de algo que desse sentido \u00e0 minha vida\u2026%22<\/br><br \/>\nFoi num retiro organizado pelas irm\u00e3s que ouvi pela primeira vez a palavra voca\u00e7\u00e3o. Desde esse momento percebi que deveria perceber qual seria a minha voca\u00e7\u00e3o. Confrontada comigo mesma e com a incoer\u00eancia que vivia, deparei-me com um enorme vazio e insatisfa\u00e7\u00e3o provocado pela vida que levava. Senti que tudo come\u00e7ava a fugir das minhas m\u00e3os!<\/br><br \/>\nPara mim a resposta de Deus era clara. No entanto, mesmo vendo claro esse chamamento, para mim era algo impens\u00e1vel um estilo de vida t\u00e3o radical. Sabia que s\u00f3 com Deus a minha vida ganharia sentido, mas ao mesmo tempo n\u00e3o queria deixar tudo o que at\u00e9 ali j\u00e1 tinha vivido, nem o enorme sonho de ser m\u00e3e.<\/br><br \/>\nMas a alegria daquelas irm\u00e3s sobreponha-se aos meus muitos medos e devagar, deixei-me seduzir por Jesus. Pedi acompanhamento espiritual e comecei a rezar, abrindo-se um mundo at\u00e9 ent\u00e3o desconhecido: um Rosto de Algu\u00e9m que me conhecia e me amava como eu era, e de muito perto tocava a minha vida. Esse Rosto \u00e9 o de Jesus, que preencheu todas as exig\u00eancias do meu cora\u00e7\u00e3o. E por isso, a certeza de que Deus me escolheu para o seguir de \u201ccora\u00e7\u00e3o indiviso\u201d \u00e9 a maior alegria que tenho e aquela que me leva a dizer SIM ao seu chamamento.<\/br><br \/>\nNada h\u00e1 temer quando o que nos espera \u00e9 o pr\u00f3prio Deus! Um Deus de miseric\u00f3rdia, um Deus que s\u00f3 sabe amar e deixar-se ser amado! \u00c9 a este Deus que me entreguei e \u00e9 deste Deus que tenho a alegria de falar e partilhar convosco.<\/br><br \/>\n\u201cSabia que s\u00f3 com Deus a minha vida ganharia <strong>sentido\u2026<\/strong>%22<\/p05>\n<\/br><\/br><\/p>\n<hr>\n<div class=%22creditos%22>\n<\/br> Irm\u00e3 Andreia Ferreira\n<\/div>\n<\/div>\n<\/div>\n<style>\n  .text-irmas{\n    padding:5% 15%;\n    text-align: left;\n  text-justify: inter-word;\n  }\n  p05{\n    font-family:Montserrat;\n    font-size:18px;\n    color:Black;\n  }\n  .end{\n    padding:5% 15% 5% 15%;\n    background-color:rgba(172, 147, 93, 0.5);\n  }\n  p10{\n    font-family:Montserrat;\n    font-weight:400;\n    font-size:40px;\n    color:#ad945d;\n    line-height:1.2;\n  }\n  .creditos{\n    text-align:right;\n    font-family:Montserrat;\n    font-weight:500;\n    font-size:18px;\n    color:black;\n  }\n  hr{\n    margin:0 30%\n  }\n<\/style>\n<p>&#8221; raw_content_phone=&#8221;<\/p>\n<div class=%22end-tel%22>\n<center><i>Ao aproximar-se o dia dos votos perp\u00e9tuos da Ir. Andreia, j\u00e1 no pr\u00f3ximo domingo, fomos perguntar-lhe:<\/br><br \/>\n\u2013 Andreia, o que sentes ao aproximar-se o dia dos votos perp\u00e9tuos?<\/br><br \/>\n\u2013 Se tivesses de explicar a uma crian\u00e7a de 10 o que s\u00e3o os votos perp\u00e9tuos, o que lhe dirias?<\/i><\/center>\n<\/div>\n<div class=%22text-irmas-tel%22>\nSou natural de Lisboa e aos 19 anos, decidi dizer \u201cSim\u201d ao chamamento especial de Deus a segui-lo com radicalidade, em 2015 fiz os primeiros votos, assumindo publicamente o meu compromisso com o Senhor na Alian\u00e7a de Santa Maria, passei pela comunidade de Guimar\u00e3es, e atualmente preparo-me para professar perpetuamente.<\/br><\/br><br \/>\nContrariamente ao que se possa pensar ser religiosa nunca esteve no meu horizonte como um ideal a seguir, a minha fam\u00edlia pertencia \u00e0 classe \u201cdo crist\u00e3o n\u00e3o praticante\u201d, contudo depois do Crisma atra\u00edda pela popularidade e o bem-estar de ter muitos amigos comecei a pertencer ao grupo de jovens e a procurar toda a esp\u00e9cie de encontros crist\u00e3os.<\/br><\/br><br \/>\nTimidamente ia crescendo em mim um desejo interior de crescer na f\u00e9. Mas simultaneamente, vivia na banalidade que a nossa cultura me oferecia: o gosto pelas festas, pela \u201caparente liberdade\u201d que as sa\u00eddas com amigos davam, a moda, a dan\u00e7a, a possibilidade de namorar, entre outras coisas.  Andava \u00e0 procura de algo que desse sentido \u00e0 minha vida mas n\u00e3o encontrava, ent\u00e3o enchia o meu tempo com encontros e sa\u00eddas.<\/br><\/br><br \/>\nDepois uma forte experi\u00eancia de Deus em Taiz\u00e9, reacendeu em mim o desejo de ser uma aut\u00eantica crist\u00e3, sem duplicidade. Desde este momento, decidi preocupar-me em ser mais do que \u201cter coisas\u201d ou \u201cfazer coisas\u201d.<\/br><\/br><br \/>\n\u201cAndava \u00e0 procura de algo que desse sentido \u00e0 minha vida\u2026%22<\/br><\/br><br \/>\nFoi num retiro organizado pelas irm\u00e3s que ouvi pela primeira vez a palavra voca\u00e7\u00e3o. Desde esse momento percebi que deveria perceber qual seria a minha voca\u00e7\u00e3o. Confrontada comigo mesma e com a incoer\u00eancia que vivia, deparei-me com um enorme vazio e insatisfa\u00e7\u00e3o provocado pela vida que levava. Senti que tudo come\u00e7ava a fugir das minhas m\u00e3os!<\/br><\/br><br \/>\nPara mim a resposta de Deus era clara. No entanto, mesmo vendo claro esse chamamento, para mim era algo impens\u00e1vel um estilo de vida t\u00e3o radical. Sabia que s\u00f3 com Deus a minha vida ganharia sentido, mas ao mesmo tempo n\u00e3o queria deixar tudo o que at\u00e9 ali j\u00e1 tinha vivido, nem o enorme sonho de ser m\u00e3e.<\/br><\/br><br \/>\nMas a alegria daquelas irm\u00e3s sobreponha-se aos meus muitos medos e devagar, deixei-me seduzir por Jesus. Pedi acompanhamento espiritual e comecei a rezar, abrindo-se um mundo at\u00e9 ent\u00e3o desconhecido: um Rosto de Algu\u00e9m que me conhecia e me amava como eu era, e de muito perto tocava a minha vida. Esse Rosto \u00e9 o de Jesus, que preencheu todas as exig\u00eancias do meu cora\u00e7\u00e3o. E por isso, a certeza de que Deus me escolheu para o seguir de \u201ccora\u00e7\u00e3o indiviso\u201d \u00e9 a maior alegria que tenho e aquela que me leva a dizer SIM ao seu chamamento.<\/br><\/br><br \/>\nNada h\u00e1 temer quando o que nos espera \u00e9 o pr\u00f3prio Deus! Um Deus de miseric\u00f3rdia, um Deus que s\u00f3 sabe amar e deixar-se ser amado! \u00c9 a este Deus que me entreguei e \u00e9 deste Deus que tenho a alegria de falar e partilhar convosco.<\/br><\/br><br \/>\n\u201cSabia que s\u00f3 com Deus a minha vida ganharia <strong>sentido\u2026<\/strong>%22<br \/>\n<\/br><\/br><\/p>\n<hr>\n<div class=%22creditos%22>\n<\/br>Irm\u00e3 Andreia Ferreira\n<\/div>\n<\/div>\n<\/div>\n<style>\n  .text-irmas-tel{\n    padding:5% 5%;\n    text-align: left;\n    text-justify: inter-word;\n    letter-spacing:-.5px;\n    font-family:Montserrat;\n    font-size:15px;\n    color:Black;\n  }\n  p05{\n    font-family:Montserrat;\n    font-size:15px;\n    color:Black;\n  }\n  .end-tel{\n    padding:5% 5%;\n    background-color:rgba(172, 147, 93, 0.5);\n    font-family:Montserrat;\n    font-size:15px;\n    color:Black;\n  }\n  p10{\n    font-family:Montserrat;\n    font-weight:400;\n    font-size:40px;\n    color:#ad945d;\n    line-height:1.2;\n  }\n  .creditos{\n    text-align:right;\n    font-family:Montserrat;\n    font-weight:500;\n    font-size:15px;\n    color:black;\n    padding-bottom:5%;\n  }\n  hr{\n    margin:0 30%\n  }\n<\/style>\n<p>&#8221; raw_content_last_edited=&#8221;on|phone&#8221; _builder_version=&#8221;4.27.4&#8243; _module_preset=&#8221;default&#8221; global_colors_info=&#8221;{}&#8221;]<\/p>\n<div class=\"end\"><!-- [et_pb_line_break_holder] --><center><p05><i>Ao aproximar-se o dia dos votos perp\u00e9tuos da Ir. Andreia, j\u00e1 no pr\u00f3ximo domingo, fomos perguntar-lhe:<\/br><\/br><!-- [et_pb_line_break_holder] -->\u2013 Andreia, o que sentes ao aproximar-se o dia dos votos perp\u00e9tuos?<\/br><\/br><!-- [et_pb_line_break_holder] -->\u2013 Se tivesses de explicar a uma crian\u00e7a de 10 o que s\u00e3o os votos perp\u00e9tuos, o que lhe dirias?<\/i><\/p05><\/center><!-- [et_pb_line_break_holder] --><\/div>\n<p><!-- [et_pb_line_break_holder] --><!-- [et_pb_line_break_holder] --><\/p>\n<div class=\"text-irmas\"><!-- [et_pb_line_break_holder] -->  <p05> Sou natural de Lisboa e aos 19 anos, decidi dizer \u201cSim\u201d ao chamamento especial de Deus a segui-lo com radicalidade, em 2015 fiz os primeiros votos, assumindo publicamente o meu compromisso com o Senhor na Alian\u00e7a de Santa Maria, passei pela comunidade de Guimar\u00e3es, e atualmente preparo-me para professar perpetuamente.<!-- [et_pb_line_break_holder] --><\/br><\/br><!-- [et_pb_line_break_holder] -->Contrariamente ao que se possa pensar ser religiosa nunca esteve no meu horizonte como um ideal a seguir, a minha fam\u00edlia pertencia \u00e0 classe \u201cdo crist\u00e3o n\u00e3o praticante\u201d, contudo depois do Crisma atra\u00edda pela popularidade e o bem-estar de ter muitos amigos comecei a pertencer ao grupo de jovens e a procurar toda a esp\u00e9cie de encontros crist\u00e3os.<!-- [et_pb_line_break_holder] --><\/br><\/br><!-- [et_pb_line_break_holder] -->Timidamente ia crescendo em mim um desejo interior de crescer na f\u00e9. Mas simultaneamente, vivia na banalidade que a nossa cultura me oferecia: o gosto pelas festas, pela \u201caparente liberdade\u201d que as sa\u00eddas com amigos davam, a moda, a dan\u00e7a, a possibilidade de namorar, entre outras coisas.  Andava \u00e0 procura de algo que desse sentido \u00e0 minha vida mas n\u00e3o encontrava, ent\u00e3o enchia o meu tempo com encontros e sa\u00eddas.<!-- [et_pb_line_break_holder] --><\/br><\/br><!-- [et_pb_line_break_holder] -->Depois uma forte experi\u00eancia de Deus em Taiz\u00e9, reacendeu em mim o desejo de ser uma aut\u00eantica crist\u00e3, sem duplicidade. Desde este momento, decidi preocupar-me em ser mais do que \u201cter coisas\u201d ou \u201cfazer coisas\u201d.<\/br><\/br><!-- [et_pb_line_break_holder] -->\u201cAndava \u00e0 procura de algo<!-- [et_pb_line_break_holder] -->que desse sentido \u00e0 minha vida\u2026&#8221;<!-- [et_pb_line_break_holder] --><\/br><\/br><!-- [et_pb_line_break_holder] -->Foi num retiro organizado pelas irm\u00e3s que ouvi pela primeira vez a palavra voca\u00e7\u00e3o. Desde esse momento percebi que deveria perceber qual seria a minha voca\u00e7\u00e3o. Confrontada comigo mesma e com a incoer\u00eancia que vivia, deparei-me com um enorme vazio e insatisfa\u00e7\u00e3o provocado pela vida que levava. Senti que tudo come\u00e7ava a fugir das minhas m\u00e3os!<!-- [et_pb_line_break_holder] --><\/br><\/br><!-- [et_pb_line_break_holder] -->Para mim a resposta de Deus era clara. No entanto, mesmo vendo claro esse chamamento, para mim era algo impens\u00e1vel um estilo de vida t\u00e3o radical. Sabia que s\u00f3 com Deus a minha vida ganharia sentido, mas ao mesmo tempo n\u00e3o queria deixar tudo o que at\u00e9 ali j\u00e1 tinha vivido, nem o enorme sonho de ser m\u00e3e.<!-- [et_pb_line_break_holder] --><\/br><\/br><!-- [et_pb_line_break_holder] -->Mas a alegria daquelas irm\u00e3s sobreponha-se aos meus muitos medos e devagar, deixei-me seduzir por Jesus. Pedi acompanhamento espiritual e comecei a rezar, abrindo-se um mundo at\u00e9 ent\u00e3o desconhecido: um Rosto de Algu\u00e9m que me conhecia e me amava como eu era, e de muito perto tocava a minha vida. Esse Rosto \u00e9 o de Jesus, que preencheu todas as exig\u00eancias do meu cora\u00e7\u00e3o. E por isso, a certeza de que Deus me escolheu para o seguir de \u201ccora\u00e7\u00e3o indiviso\u201d \u00e9 a maior alegria que tenho e aquela que me leva a dizer SIM ao seu chamamento. <!-- [et_pb_line_break_holder] --><\/br><\/br><!-- [et_pb_line_break_holder] -->Nada h\u00e1 temer quando o que nos espera \u00e9 o pr\u00f3prio Deus! Um Deus de miseric\u00f3rdia, um Deus que s\u00f3 sabe amar e deixar-se ser amado! \u00c9 a este Deus que me entreguei e \u00e9 deste Deus que tenho a alegria de falar e partilhar convosco.<!-- [et_pb_line_break_holder] --><\/br><\/br><!-- [et_pb_line_break_holder] -->\u201cSabia que s\u00f3 com Deus<!-- [et_pb_line_break_holder] -->a minha vida ganharia<!-- [et_pb_line_break_holder] --><strong>sentido\u2026<\/strong>&#8220;<\/p05><!-- [et_pb_line_break_holder] --><\/br><\/br><!-- [et_pb_line_break_holder] --><!-- [et_pb_line_break_holder] --><\/p>\n<hr>\n<p><!-- [et_pb_line_break_holder] --><\/p>\n<div class=\"creditos\"><!-- [et_pb_line_break_holder] --><\/br><\/br> Irm\u00e3 Andreia Ferreira<!-- [et_pb_line_break_holder] --><\/div>\n<\/div>\n<p><!-- [et_pb_line_break_holder] --><\/div>\n<p><!-- [et_pb_line_break_holder] --><!-- [et_pb_line_break_holder] --><\/p>\n<style><!-- [et_pb_line_break_holder] -->  .text-irmas{<!-- [et_pb_line_break_holder] -->    padding:5% 15%;<!-- [et_pb_line_break_holder] -->    text-align: left;<!-- [et_pb_line_break_holder] -->  text-justify: inter-word;<!-- [et_pb_line_break_holder] -->  }<!-- [et_pb_line_break_holder] -->  p05{<!-- [et_pb_line_break_holder] -->    font-family:Montserrat;<!-- [et_pb_line_break_holder] -->    font-size:18px;<!-- [et_pb_line_break_holder] -->    color:Black;<!-- [et_pb_line_break_holder] -->  }<!-- [et_pb_line_break_holder] -->  .end{<!-- [et_pb_line_break_holder] -->    padding:5% 15% 5% 15%;<!-- [et_pb_line_break_holder] -->    background-color:rgba(172, 147, 93, 0.5);<!-- [et_pb_line_break_holder] -->  }<!-- [et_pb_line_break_holder] -->  p10{<!-- [et_pb_line_break_holder] -->    font-family:Montserrat;<!-- [et_pb_line_break_holder] -->    font-weight:400;<!-- [et_pb_line_break_holder] -->    font-size:40px;<!-- [et_pb_line_break_holder] -->    color:#ad945d;<!-- [et_pb_line_break_holder] -->    line-height:1.2;<!-- [et_pb_line_break_holder] -->  }<!-- [et_pb_line_break_holder] -->  .creditos{<!-- [et_pb_line_break_holder] -->    text-align:right;<!-- [et_pb_line_break_holder] -->    font-family:Montserrat;<!-- [et_pb_line_break_holder] -->    font-weight:500;<!-- [et_pb_line_break_holder] -->    font-size:18px;<!-- [et_pb_line_break_holder] -->    color:black;<!-- [et_pb_line_break_holder] -->  }<!-- [et_pb_line_break_holder] -->  hr{<!-- [et_pb_line_break_holder] -->    margin:0 30%<!-- [et_pb_line_break_holder] -->  }<!-- [et_pb_line_break_holder] --><\/style>\n<p>[\/et_pb_code][\/et_pb_column][\/et_pb_row][\/et_pb_section][et_pb_section fb_built=&#8221;1&#8243; _builder_version=&#8221;4.27.4&#8243; _module_preset=&#8221;default&#8221; custom_margin=&#8221;0px|0px|0px|0px|false|false&#8221; custom_padding=&#8221;0px|0px|0px|0px|false|false&#8221; global_colors_info=&#8221;{}&#8221;][et_pb_row _builder_version=&#8221;4.27.4&#8243; _module_preset=&#8221;default&#8221; width=&#8221;100%&#8221; max_width=&#8221;100%&#8221; custom_margin=&#8221;0px|0px|0px|0px|false|false&#8221; custom_padding=&#8221;0px|0px|0px|0px|false|false&#8221; global_colors_info=&#8221;{}&#8221;][et_pb_column type=&#8221;4_4&#8243; _builder_version=&#8221;4.27.4&#8243; _module_preset=&#8221;default&#8221; global_colors_info=&#8221;{}&#8221;][et_pb_video src=&#8221;https:\/\/www.youtube.com\/watch?v=HgoNWTGH1Oo&#8221; _builder_version=&#8221;4.27.4&#8243; _module_preset=&#8221;default&#8221; custom_margin=&#8221;0px|0px|0px|0px|false|false&#8221; custom_padding=&#8221;0px|0px|0px|0px|false|false&#8221; global_colors_info=&#8221;{}&#8221;][\/et_pb_video][\/et_pb_column][\/et_pb_row][\/et_pb_section]<\/p>\n","protected":false},"excerpt":{"rendered":"","protected":false},"author":1,"featured_media":1560,"parent":0,"menu_order":0,"comment_status":"closed","ping_status":"closed","template":"","meta":{"_et_pb_use_builder":"on","_et_pb_old_content":"","_et_gb_content_width":"","inline_featured_image":false,"footnotes":""},"class_list":["post-1562","page","type-page","status-publish","has-post-thumbnail","hentry"],"_links":{"self":[{"href":"https:\/\/asmaria.org\/pt\/wp-json\/wp\/v2\/pages\/1562","targetHints":{"allow":["GET"]}}],"collection":[{"href":"https:\/\/asmaria.org\/pt\/wp-json\/wp\/v2\/pages"}],"about":[{"href":"https:\/\/asmaria.org\/pt\/wp-json\/wp\/v2\/types\/page"}],"author":[{"embeddable":true,"href":"https:\/\/asmaria.org\/pt\/wp-json\/wp\/v2\/users\/1"}],"replies":[{"embeddable":true,"href":"https:\/\/asmaria.org\/pt\/wp-json\/wp\/v2\/comments?post=1562"}],"version-history":[{"count":33,"href":"https:\/\/asmaria.org\/pt\/wp-json\/wp\/v2\/pages\/1562\/revisions"}],"predecessor-version":[{"id":4731,"href":"https:\/\/asmaria.org\/pt\/wp-json\/wp\/v2\/pages\/1562\/revisions\/4731"}],"wp:featuredmedia":[{"embeddable":true,"href":"https:\/\/asmaria.org\/pt\/wp-json\/wp\/v2\/media\/1560"}],"wp:attachment":[{"href":"https:\/\/asmaria.org\/pt\/wp-json\/wp\/v2\/media?parent=1562"}],"curies":[{"name":"wp","href":"https:\/\/api.w.org\/{rel}","templated":true}]}}